{"id":5167,"date":"2017-01-20T16:09:55","date_gmt":"2017-01-20T15:09:55","guid":{"rendered":"https:\/\/somostraductores.com\/?page_id=5167"},"modified":"2023-11-21T09:11:44","modified_gmt":"2023-11-21T08:11:44","slug":"faq","status":"publish","type":"page","link":"https:\/\/somostraductores.com\/de\/faq\/","title":{"rendered":"FAQ"},"content":{"rendered":"<div id=\"pl-5167\"  class=\"panel-layout\" >\n<div id=\"pg-5167-0\"  class=\"panel-grid panel-has-style\"  data-style=\"{&quot;padding&quot;:&quot;84px 0px 48px 0px&quot;,&quot;background&quot;:&quot;#ffffff&quot;,&quot;background_image_attachment&quot;:false,&quot;background_display&quot;:&quot;tile&quot;,&quot;row_stretch&quot;:&quot;full&quot;,&quot;cell_alignment&quot;:&quot;flex-start&quot;,&quot;separator_top&quot;:&quot;none&quot;,&quot;separator_top_position&quot;:&quot;top-svg-inside&quot;,&quot;separator_bottom&quot;:&quot;bottom-svg-4&quot;,&quot;separator_bottom_position&quot;:&quot;bottom-svg-inside&quot;,&quot;mobile&quot;:&quot;mobile-1-in-row&quot;,&quot;tablet&quot;:&quot;tablet-1-in-row&quot;,&quot;desktop&quot;:&quot;desktop-default&quot;,&quot;full_width_small&quot;:&quot;&quot;,&quot;full_width_tablets&quot;:&quot;&quot;,&quot;row_position&quot;:&quot;default&quot;,&quot;full_screen&quot;:&quot;&quot;,&quot;text_style&quot;:&quot;text-dark&quot;,&quot;row_overlay&quot;:&quot;default&quot;}\"  data-ratio=\"1\"  data-ratio-direction=\"right\" >\n<div class=\"siteorigin-panels-stretch orion-separator bottom-svg-4 bottom-svg-inside tablet-1-in-row mobile-1-in-row desktop-default text-dark panel-row-style panel-row-style-for-5167-0\" data-stretch-type=\"full\" >\n<div id=\"pgc-5167-0-0\"  class=\"panel-grid-cell\"  data-weight=\"1\" >\n<div id=\"panel-5167-0-0-0\" class=\"so-panel widget widget_orion_heading_w panel-first-child\" data-index=\"0\" data-style=\"{&quot;padding&quot;:&quot;0px 0px 0px 0px&quot;,&quot;background_image_attachment&quot;:false,&quot;background_display&quot;:&quot;tile&quot;,&quot;hide_mobile&quot;:&quot;&quot;,&quot;text_style&quot;:&quot;default&quot;,&quot;center_on_mobile&quot;:&quot;&quot;,&quot;center_on_tablets&quot;:&quot;&quot;,&quot;widget_shadow&quot;:&quot;none&quot;,&quot;remove_padding_mobile&quot;:&quot;&quot;,&quot;remove_margin_mobile&quot;:&quot;&quot;,&quot;row_overlay&quot;:&quot;default&quot;,&quot;bg_opacity&quot;:&quot;100&quot;}\" >\n<div class=\"orion default panel-widget-style panel-widget-style-for-5167-0-0-0\" ><div class=\"so-widget-orion_heading_w so-widget-orion_heading_w-base\">\n\t\n\t\t\n\t<div class=\"row orion-heading\" style=\"margin-bottom:0px;\">\n\t\t<div class=\"col-md-12  separator-style-2 text-center style-h2 style-text-dark\">\n\t\t\t<h2 class=\"text-dark text-uppercase\">\n\t\t\t\tHaben Sie noch Fragen?\t\t\t<\/h2>\n\t\t<\/div>\n\t<\/div>\n\n\t<\/div><\/div>\n<\/div>\n<div id=\"panel-5167-0-0-1\" class=\"so-panel widget widget_orion_accordion_w panel-last-child\" data-index=\"1\" data-style=\"{&quot;id&quot;:&quot;faq&quot;,&quot;background_image_attachment&quot;:false,&quot;background_display&quot;:&quot;tile&quot;,&quot;margin&quot;:&quot;0px 0px 0px 0px&quot;,&quot;hide_mobile&quot;:&quot;&quot;,&quot;text_style&quot;:&quot;default&quot;,&quot;center_on_mobile&quot;:&quot;&quot;,&quot;center_on_tablets&quot;:&quot;&quot;,&quot;widget_shadow&quot;:&quot;none&quot;,&quot;remove_padding_mobile&quot;:&quot;&quot;,&quot;remove_margin_mobile&quot;:&quot;&quot;,&quot;row_overlay&quot;:&quot;default&quot;,&quot;bg_opacity&quot;:&quot;100&quot;}\" >\n<div class=\"orion default panel-widget-style panel-widget-style-for-5167-0-0-1\" id=\"faq\" ><div class=\"so-widget-orion_accordion_w so-widget-orion_accordion_w-base\">\t\n\n\t<div class=\"panel-group text-dark\" role=\"tablist\" aria-multiselectable=\"true\" id=\"69e343bfe4f0e\">\n\t\t\n\t\t\t\t\t\t\t\t\n\t\t\t\n\t\t<div class=\"panel panel-default\" style=\"border-color:#F2F4F4;\">\n\t\t\t<div class=\"panel-heading\" role=\"tab\" id=\"Wiekannicheinebersetzunganfordern69e343bfe4f22\">\n\t\t\t\t<h4 class=\"panel-title\" style=\"background-color:rgba(255,255,255,1);\">\n\t\t\t\t\t<a role=\"button\" data-toggle=\"collapse\" href=\"#Wiekannicheinebersetzunganfordern69e343bfe4f22-panel\" class=\"collapsed text-dark primary-hover\" aria-expanded=\"false\" aria-controls=\"Wiekannicheinebersetzunganfordern69e343bfe4f22\" data-parent=\"#69e343bfe4f0e\" style=\"border-color:#F2F4F4;\">\n\t\t\t\t\t  \t\n\t\t\t\t\t  \tWie kann ich eine \u00dcbersetzung anfordern?\t\t\t\t\t<\/a>\n\t\t\t\t<\/h4>\n\n\t\t\t<\/div>\n\t\t\t<div class=\"panel-collapse collapse \" id=\"Wiekannicheinebersetzunganfordern69e343bfe4f22-panel\" aria-expanded=\"false\" role=\"tabpanel\" aria-labelledby=\"Wiekannicheinebersetzunganfordern69e343bfe4f22\">\n\t\t\t\t<div class=\"panel-body\" style=\"border-color:#F2F4F4; background-color:rgba(255,255,255,1);\">\n\t\t\t\t\t<p>Es ist ganz einfach. Gehen Sie einfach auf die Seite \"Angebot\" und f\u00fcllen Sie das Formular aus. Sie k\u00f6nnen uns auch anrufen oder uns eine E-Mail schreiben. Wir werden uns so schnell wie m\u00f6glich mit Ihnen in Verbindung setzen und Ihnen den einen Kostenvoranschlag und den Zeitplan mitteilen. Wenn Sie einverstanden sind, wird sich unser Team um Ihre \u00dcbersetzung k\u00fcmmern<\/p>\n\t\t\t\t<\/div>\n\t\t\t<\/div>\n\t\t<\/div>\n\t\t\t\t\t\t\n\t\t\t\n\t\t<div class=\"panel panel-default\" style=\"border-color:#F2F4F4;\">\n\t\t\t<div class=\"panel-heading\" role=\"tab\" id=\"MitwelchenSprachenarbeitenSie69e343bfe4f59\">\n\t\t\t\t<h4 class=\"panel-title\" style=\"background-color:rgba(255,255,255,1);\">\n\t\t\t\t\t<a role=\"button\" data-toggle=\"collapse\" href=\"#MitwelchenSprachenarbeitenSie69e343bfe4f59-panel\" class=\"collapsed text-dark primary-hover\" aria-expanded=\"false\" aria-controls=\"MitwelchenSprachenarbeitenSie69e343bfe4f59\" data-parent=\"#69e343bfe4f0e\" style=\"border-color:#F2F4F4;\">\n\t\t\t\t\t  \t\n\t\t\t\t\t  \tMit welchen Sprachen arbeiten Sie?\t\t\t\t\t<\/a>\n\t\t\t\t<\/h4>\n\n\t\t\t<\/div>\n\t\t\t<div class=\"panel-collapse collapse \" id=\"MitwelchenSprachenarbeitenSie69e343bfe4f59-panel\" aria-expanded=\"false\" role=\"tabpanel\" aria-labelledby=\"MitwelchenSprachenarbeitenSie69e343bfe4f59\">\n\t\t\t\t<div class=\"panel-body\" style=\"border-color:#F2F4F4; background-color:rgba(255,255,255,1);\">\n\t\t\t\t\t<p>Wir arbeiten mit den folgenden Sprachen:<\/p>\n<p>Spanisch<\/p>\n<p>Baskisch<\/p>\n<p>Katalan<\/p>\n<p>Galicisch<\/p>\n<p>Englisch<\/p>\n<p>Niederl\u00e4ndisch<\/p>\n<p>Schwedisch<\/p>\n<p>Russisch<\/p>\n<p>Franz\u00f6sisch<\/p>\n<p>Griechisch<\/p>\n<p>D\u00e4nisch<\/p>\n<p>Bulgarisch<\/p>\n<p>Deutsch<\/p>\n<p>Ungarisch<\/p>\n<p>Norwegisch<\/p>\n<p>Ukrainisch<\/p>\n<p>Italienisch<\/p>\n<p>Arabisch<\/p>\n<p>Finnisch<\/p>\n<p>T\u00fcrkisch<\/p>\n<p>Portugiesisch<\/p>\n<p>Chinesisch<\/p>\n<p>Tschechisch<\/p>\n<p>Polnisch<\/p>\n<p>Rum\u00e4nisch<\/p>\n<p>Japanisch<\/p>\n<p>Kroatisch<\/p>\n<p>Andere (bitte angeben)<\/p>\n<p>bearbeiten<\/p>\n<p>Wenn Sie eine \u00dcbersetzung oder eine andere Dienstleistung in einer anderen als den oben genannten Sprachen w\u00fcnschen, z\u00f6gern Sie bitte nicht uns \u00fcber die Seite \"Angebot\" zu kontaktieren.<\/p>\n<p>Unser Team besteht aus muttersprachlichen \u00dcbersetzern, die auf alle Sprachen spezialisiert sind.<\/p>\n\t\t\t\t<\/div>\n\t\t\t<\/div>\n\t\t<\/div>\n\t\t\t\t\t\t\n\t\t\t\n\t\t<div class=\"panel panel-default\" style=\"border-color:#F2F4F4;\">\n\t\t\t<div class=\"panel-heading\" role=\"tab\" id=\"WiehochsinddieKostenfreinebersetzung69e343bfe4fe3\">\n\t\t\t\t<h4 class=\"panel-title\" style=\"background-color:rgba(255,255,255,1);\">\n\t\t\t\t\t<a role=\"button\" data-toggle=\"collapse\" href=\"#WiehochsinddieKostenfreinebersetzung69e343bfe4fe3-panel\" class=\"collapsed text-dark primary-hover\" aria-expanded=\"false\" aria-controls=\"WiehochsinddieKostenfreinebersetzung69e343bfe4fe3\" data-parent=\"#69e343bfe4f0e\" style=\"border-color:#F2F4F4;\">\n\t\t\t\t\t  \t\n\t\t\t\t\t  \tWie hoch sind die Kosten f\u00fcr eine \u00dcbersetzung?\t\t\t\t\t<\/a>\n\t\t\t\t<\/h4>\n\n\t\t\t<\/div>\n\t\t\t<div class=\"panel-collapse collapse \" id=\"WiehochsinddieKostenfreinebersetzung69e343bfe4fe3-panel\" aria-expanded=\"false\" role=\"tabpanel\" aria-labelledby=\"WiehochsinddieKostenfreinebersetzung69e343bfe4fe3\">\n\t\t\t\t<div class=\"panel-body\" style=\"border-color:#F2F4F4; background-color:rgba(255,255,255,1);\">\n\t\t\t\t\t<p>\u00dcbersetzungen sind so individuell wie ihre Preise. Jedes Projekt wird von Fall zu Fall gepr\u00fcft und je nach Sprache, Umfang, Terminologie, Dokumentenformat und Frist, die uns zur Verf\u00fcgung stehen, bepreist.<\/p>\n<p>Als Richtwert gilt jedoch ein Mindestsatz von 30 \u20ac pro Auftrag und Sprache.<\/p>\n<p>F\u00fcr weitere Informationen k\u00f6nnen Sie uns \u00fcber die Seite \"Angebot\u201c kontaktieren, uns anrufen oder uns eine E-Mail schicken.<\/p>\n\t\t\t\t<\/div>\n\t\t\t<\/div>\n\t\t<\/div>\n\t\t\t\t\t\t\n\t\t\t\n\t\t<div class=\"panel panel-default\" style=\"border-color:#F2F4F4;\">\n\t\t\t<div class=\"panel-heading\" role=\"tab\" id=\"Wielangewirdesdauernbisichmeinebersetzungbekomme69e343bfe500a\">\n\t\t\t\t<h4 class=\"panel-title\" style=\"background-color:rgba(255,255,255,1);\">\n\t\t\t\t\t<a role=\"button\" data-toggle=\"collapse\" href=\"#Wielangewirdesdauernbisichmeinebersetzungbekomme69e343bfe500a-panel\" class=\"collapsed text-dark primary-hover\" aria-expanded=\"false\" aria-controls=\"Wielangewirdesdauernbisichmeinebersetzungbekomme69e343bfe500a\" data-parent=\"#69e343bfe4f0e\" style=\"border-color:#F2F4F4;\">\n\t\t\t\t\t  \t\n\t\t\t\t\t  \tWie lange wird es dauern, bis ich meine \u00dcbersetzung bekomme?\t\t\t\t\t<\/a>\n\t\t\t\t<\/h4>\n\n\t\t\t<\/div>\n\t\t\t<div class=\"panel-collapse collapse \" id=\"Wielangewirdesdauernbisichmeinebersetzungbekomme69e343bfe500a-panel\" aria-expanded=\"false\" role=\"tabpanel\" aria-labelledby=\"Wielangewirdesdauernbisichmeinebersetzungbekomme69e343bfe500a\">\n\t\t\t\t<div class=\"panel-body\" style=\"border-color:#F2F4F4; background-color:rgba(255,255,255,1);\">\n\t\t\t\t\t<p>Die Dauer der \u00dcbersetzung h\u00e4ngt von vielen Faktoren ab. Das durchschnittliche Arbeitspensum eines \u00dcbersetzers liegt bei etwa 2.000 W\u00f6rtern pro Tag, wobei diese Zahl beispielsweise von der Komplexit\u00e4t oder dem Format des Textes abh\u00e4ngen kann.<\/p>\n<p>Dennoch versuchen wir bei \u201eSOMOS Traductores\u201c immer, uns an die von unseren Kunden gesetzten Fristen anzupassen. Wir werden alles daf\u00fcr tun, um die Dienstleistung innerhalb der gew\u00fcnschten Frist anzubieten, wobei wir stets die h\u00f6chsten Qualit\u00e4tsstandards einhalten.<\/p>\n\t\t\t\t<\/div>\n\t\t\t<\/div>\n\t\t<\/div>\n\t\t\t\t\t\t\n\t\t\t\n\t\t<div class=\"panel panel-default\" style=\"border-color:#F2F4F4;\">\n\t\t\t<div class=\"panel-heading\" role=\"tab\" id=\"IstderbersetzereinMuttersprachler69e343bfe502b\">\n\t\t\t\t<h4 class=\"panel-title\" style=\"background-color:rgba(255,255,255,1);\">\n\t\t\t\t\t<a role=\"button\" data-toggle=\"collapse\" href=\"#IstderbersetzereinMuttersprachler69e343bfe502b-panel\" class=\"collapsed text-dark primary-hover\" aria-expanded=\"false\" aria-controls=\"IstderbersetzereinMuttersprachler69e343bfe502b\" data-parent=\"#69e343bfe4f0e\" style=\"border-color:#F2F4F4;\">\n\t\t\t\t\t  \t\n\t\t\t\t\t  \tIst der \u00dcbersetzer ein Muttersprachler?\t\t\t\t\t<\/a>\n\t\t\t\t<\/h4>\n\n\t\t\t<\/div>\n\t\t\t<div class=\"panel-collapse collapse \" id=\"IstderbersetzereinMuttersprachler69e343bfe502b-panel\" aria-expanded=\"false\" role=\"tabpanel\" aria-labelledby=\"IstderbersetzereinMuttersprachler69e343bfe502b\">\n\t\t\t\t<div class=\"panel-body\" style=\"border-color:#F2F4F4; background-color:rgba(255,255,255,1);\">\n\t\t\t\t\t<p>Ja, alle \u00dcbersetzungen werden von qualifizierten und erfahrenen Fachleuten angefertigt, die Muttersprachler der Zielsprache sind. Wir verwenden unter keinen Umst\u00e4nden automatische \u00dcbersetzungsprogramme.<\/p>\n\t\t\t\t<\/div>\n\t\t\t<\/div>\n\t\t<\/div>\n\t\t\t\t\t\t\n\t\t\t\n\t\t<div class=\"panel panel-default\" style=\"border-color:#F2F4F4;\">\n\t\t\t<div class=\"panel-heading\" role=\"tab\" id=\"Wasisteinebeglaubigtebersetzung69e343bfe5046\">\n\t\t\t\t<h4 class=\"panel-title\" style=\"background-color:rgba(255,255,255,1);\">\n\t\t\t\t\t<a role=\"button\" data-toggle=\"collapse\" href=\"#Wasisteinebeglaubigtebersetzung69e343bfe5046-panel\" class=\"collapsed text-dark primary-hover\" aria-expanded=\"false\" aria-controls=\"Wasisteinebeglaubigtebersetzung69e343bfe5046\" data-parent=\"#69e343bfe4f0e\" style=\"border-color:#F2F4F4;\">\n\t\t\t\t\t  \t\n\t\t\t\t\t  \tWas ist eine beglaubigte \u00dcbersetzung?\t\t\t\t\t<\/a>\n\t\t\t\t<\/h4>\n\n\t\t\t<\/div>\n\t\t\t<div class=\"panel-collapse collapse \" id=\"Wasisteinebeglaubigtebersetzung69e343bfe5046-panel\" aria-expanded=\"false\" role=\"tabpanel\" aria-labelledby=\"Wasisteinebeglaubigtebersetzung69e343bfe5046\">\n\t\t\t\t<div class=\"panel-body\" style=\"border-color:#F2F4F4; background-color:rgba(255,255,255,1);\">\n\t\t\t\t\t<p>Als \"beglaubigte \u00dcbersetzung\" wird in Deutschland die offizielle \u00dcbersetzung von Dokumenten bezeichnet, die von vereidigten \u00dcbersetzern angefertigt wird, vor einem Gericht oder einer Innenbeh\u00f6rde einen\u00a0Eid abgelegt haben, der sie dazu verpflichtet, die entsprechenden Dokument treu und gewissenhaft in eine andere Sprache zu \u00fcbertragen.<\/p>\n<p>Vereidigte \u00dcbersetzungen enthalten die Unterschrift und den Stempel des vereidigten \u00dcbersetzers auf jeder Seite sowie eine Bescheinigung am Ende des Dokuments, die best\u00e4tigt, dass es sich um eine getreue und vollst\u00e4ndige \u00dcbersetzung des Originals handelt. Als Besonderheit m\u00fcssen beglaubigte \u00dcbersetzungen die Form des Originaldokuments so weit wie m\u00f6glich einhalten, weshalb alle Elemente, die darin vorkommen k\u00f6nnen (Stempel, Unterschriften, Legalisierungen usw.), beschrieben werden.<\/p>\n\t\t\t\t<\/div>\n\t\t\t<\/div>\n\t\t<\/div>\n\t\t\t<\/div>\t\n\n\n\n\n<\/div><\/div>\n<\/div>\n<\/div>\n<\/div>\n<\/div>\n<div id=\"pg-5167-1\"  class=\"panel-grid panel-has-style\"  data-style=\"{&quot;background_image_attachment&quot;:false,&quot;background_display&quot;:&quot;tile&quot;,&quot;row_stretch&quot;:&quot;full&quot;,&quot;cell_alignment&quot;:&quot;flex-start&quot;,&quot;separator_top&quot;:&quot;none&quot;,&quot;separator_top_position&quot;:&quot;top-svg-inside&quot;,&quot;separator_bottom&quot;:&quot;none&quot;,&quot;separator_bottom_position&quot;:&quot;bottom-svg-inside&quot;,&quot;mobile&quot;:&quot;mobile-1-in-row&quot;,&quot;tablet&quot;:&quot;tablet-default&quot;,&quot;desktop&quot;:&quot;desktop-default&quot;,&quot;full_width_small&quot;:&quot;&quot;,&quot;full_width_tablets&quot;:&quot;&quot;,&quot;row_position&quot;:&quot;default&quot;,&quot;full_screen&quot;:&quot;&quot;,&quot;text_style&quot;:&quot;default&quot;,&quot;row_overlay&quot;:&quot;default&quot;}\"  data-ratio=\"1\"  data-ratio-direction=\"right\" >\n<div class=\"siteorigin-panels-stretch tablet-default mobile-1-in-row desktop-default panel-row-style panel-row-style-for-5167-1\" data-stretch-type=\"full\" >\n<div id=\"pgc-5167-1-0\"  class=\"panel-grid-cell\"  data-weight=\"1\" >\n<div id=\"panel-5167-1-0-0\" class=\"so-panel widget widget_sow-editor panel-first-child\" data-index=\"2\" data-style=\"{&quot;padding&quot;:&quot;0px 60px 12px 60px&quot;,&quot;background_image_attachment&quot;:false,&quot;background_display&quot;:&quot;tile&quot;,&quot;hide_mobile&quot;:&quot;&quot;,&quot;text_style&quot;:&quot;default&quot;,&quot;center_on_mobile&quot;:&quot;&quot;,&quot;center_on_tablets&quot;:&quot;&quot;,&quot;widget_shadow&quot;:&quot;none&quot;,&quot;remove_padding_mobile&quot;:&quot;&quot;,&quot;remove_margin_mobile&quot;:&quot;&quot;,&quot;row_overlay&quot;:&quot;default&quot;,&quot;bg_opacity&quot;:&quot;100&quot;}\" >\n<div class=\"orion default panel-widget-style panel-widget-style-for-5167-1-0-0\" >\n<div class=\"so-widget-sow-editor so-widget-sow-editor-base\">\n<div class=\"siteorigin-widget-tinymce textwidget\">\n<h6 style=\"text-align: center;\">Dies sind einige der von unseren Kunden am h\u00e4ufigsten gestellten Fragen. Wenn Sie Fragen haben, die wir nicht beantwortet haben, z\u00f6gern Sie bitte nicht, uns \u00fcber unser Kontaktformular, per Telefon oder per E-Mail zu kontaktieren, wir helfen Ihnen gerne weiter!<\/h6>\n<\/div>\n<\/div>\n<\/div>\n<\/div>\n<div id=\"panel-5167-1-0-1\" class=\"so-panel widget widget_orion_empty_space_w panel-last-child\" data-index=\"3\" data-style=\"{&quot;background_image_attachment&quot;:false,&quot;background_display&quot;:&quot;tile&quot;,&quot;hide_mobile&quot;:&quot;&quot;,&quot;text_style&quot;:&quot;default&quot;,&quot;center_on_mobile&quot;:&quot;&quot;,&quot;center_on_tablets&quot;:&quot;&quot;,&quot;widget_shadow&quot;:&quot;none&quot;,&quot;remove_padding_mobile&quot;:&quot;&quot;,&quot;remove_margin_mobile&quot;:&quot;&quot;,&quot;row_overlay&quot;:&quot;default&quot;,&quot;bg_opacity&quot;:&quot;100&quot;}\" >\n<div class=\"orion default panel-widget-style panel-widget-style-for-5167-1-0-1\" ><div class=\"so-widget-orion_empty_space_w so-widget-orion_empty_space_w-base\">\t<div class=\"row empty-space  visible-lg visible-md visible-sm visible-xs\" style=\"height:24px;\">\n\t<\/div><\/div><\/div>\n<\/div>\n<\/div>\n<\/div>\n<\/div>\n<div id=\"pg-5167-2\"  class=\"panel-grid panel-has-style\"  data-style=\"{&quot;padding&quot;:&quot;84px 0px 80px 0px&quot;,&quot;background_image_attachment&quot;:&quot;2017&quot;,&quot;background_image_attachment_fallback&quot;:false,&quot;background_display&quot;:&quot;fixed&quot;,&quot;border_color&quot;:&quot;#f2f2f2&quot;,&quot;gutter&quot;:&quot;0px&quot;,&quot;row_stretch&quot;:&quot;full&quot;,&quot;cell_alignment&quot;:&quot;flex-start&quot;,&quot;separator_top&quot;:&quot;none&quot;,&quot;separator_top_position&quot;:&quot;top-svg-inside&quot;,&quot;separator_bottom&quot;:&quot;none&quot;,&quot;separator_bottom_position&quot;:&quot;bottom-svg-inside&quot;,&quot;separator_bottom_color&quot;:&quot;#ffffff&quot;,&quot;mobile&quot;:&quot;mobile-1-in-row&quot;,&quot;tablet&quot;:&quot;tablet-default&quot;,&quot;desktop&quot;:&quot;desktop-default&quot;,&quot;full_width_small&quot;:&quot;&quot;,&quot;full_width_tablets&quot;:&quot;&quot;,&quot;row_position&quot;:&quot;default&quot;,&quot;full_screen&quot;:&quot;&quot;,&quot;text_style&quot;:&quot;text-dark&quot;,&quot;row_overlay&quot;:&quot;overlay-dark&quot;}\" >\n<div class=\"fixed-bg siteorigin-panels-stretch tablet-default mobile-1-in-row desktop-default text-dark overlay-dark panel-row-style panel-row-style-for-5167-2\" data-stretch-type=\"full\" data-svg-bottom-color=\"#ffffff\" >\n<div id=\"pgc-5167-2-0\"  class=\"panel-grid-cell\"  data-weight=\"1\" >\n<div id=\"panel-5167-2-0-0\" class=\"so-panel widget widget_orion_heading_w panel-first-child\" data-index=\"4\" data-style=\"{&quot;padding&quot;:&quot;0px 0px 0px 0px&quot;,&quot;background_image_attachment&quot;:false,&quot;background_display&quot;:&quot;tile&quot;,&quot;hide_mobile&quot;:&quot;&quot;,&quot;text_style&quot;:&quot;default&quot;,&quot;center_on_mobile&quot;:&quot;&quot;,&quot;center_on_tablets&quot;:&quot;&quot;,&quot;widget_shadow&quot;:&quot;none&quot;,&quot;remove_padding_mobile&quot;:&quot;&quot;,&quot;remove_margin_mobile&quot;:&quot;&quot;,&quot;row_overlay&quot;:&quot;default&quot;,&quot;bg_opacity&quot;:&quot;100&quot;}\" >\n<div class=\"orion default panel-widget-style panel-widget-style-for-5167-2-0-0\" ><div class=\"so-widget-orion_heading_w so-widget-orion_heading_w-base\">\n\t\n\t\t\n\t<div class=\"row orion-heading\" style=\"margin-bottom:0px;\">\n\t\t<div class=\"col-md-12  separator-style-1 text-center style-h2 style-text-light\">\n\t\t\t<h2 class=\"text-light text-uppercase\">\n\t\t\t\tEIN ANGEBOT ANFORDERN\t\t\t<\/h2>\n\t\t<\/div>\n\t<\/div>\n\n\t<\/div><\/div>\n<\/div>\n<div id=\"panel-5167-2-0-1\" class=\"so-panel widget widget_sow-editor\" data-index=\"5\" data-style=\"{&quot;padding&quot;:&quot;0px 60px 12px 60px&quot;,&quot;background_image_attachment&quot;:false,&quot;background_display&quot;:&quot;tile&quot;,&quot;hide_mobile&quot;:&quot;&quot;,&quot;text_style&quot;:&quot;default&quot;,&quot;center_on_mobile&quot;:&quot;&quot;,&quot;center_on_tablets&quot;:&quot;&quot;,&quot;widget_shadow&quot;:&quot;none&quot;,&quot;remove_padding_mobile&quot;:&quot;&quot;,&quot;remove_margin_mobile&quot;:&quot;&quot;,&quot;row_overlay&quot;:&quot;default&quot;,&quot;bg_opacity&quot;:&quot;100&quot;}\" >\n<div class=\"orion default panel-widget-style panel-widget-style-for-5167-2-0-1\" >\n<div class=\"so-widget-sow-editor so-widget-sow-editor-base\">\n<div class=\"siteorigin-widget-tinymce textwidget\">\n<h4 style=\"text-align: center; color: #ffffff;\">WIR SIND die \u00dcbersetzer, die Sie gesucht haben.<br \/>\nWarten Sie nicht l\u00e4nger und kontaktieren Sie uns!<\/h4>\n<\/div>\n<\/div>\n<\/div>\n<\/div>\n<div id=\"panel-5167-2-0-2\" class=\"so-panel widget widget_sow-button panel-last-child\" data-index=\"6\" data-style=\"{&quot;background_image_attachment&quot;:false,&quot;background_display&quot;:&quot;tile&quot;,&quot;hide_mobile&quot;:&quot;&quot;,&quot;text_style&quot;:&quot;default&quot;,&quot;center_on_mobile&quot;:&quot;&quot;,&quot;center_on_tablets&quot;:&quot;&quot;,&quot;widget_shadow&quot;:&quot;none&quot;,&quot;remove_padding_mobile&quot;:&quot;&quot;,&quot;remove_margin_mobile&quot;:&quot;&quot;,&quot;row_overlay&quot;:&quot;default&quot;,&quot;bg_opacity&quot;:&quot;100&quot;}\" >\n<div class=\"orion default panel-widget-style panel-widget-style-for-5167-2-0-2\" ><div class=\"so-widget-sow-button so-widget-sow-button-flat-4d175fd03f3c\"><div class=\"ow-button-base ow-button-align-center\">\n\t<a href=\"https:\/\/somostraductores.com\/presupuesto\/\" class=\"ow-icon-placement-left ow-button-hover\" \t\t>\n\t\t<span>\n\t\t\t\n\t\t\tAngebot\t\t<\/span>\n\t<\/a>\n<\/div>\n<\/div><\/div>\n<\/div>\n<\/div>\n<\/div>\n<\/div>\n<\/div>\n","protected":false},"excerpt":{"rendered":"<p>Dies sind einige der von unseren Kunden am h\u00e4ufigsten gestellten Fragen. Wenn Sie Fragen haben, die wir nicht beantwortet haben, z\u00f6gern Sie bitte nicht, uns \u00fcber unser Kontaktformular, per Telefon oder per E-Mail zu kontaktieren, wir helfen Ihnen gerne weiter! WIR SIND die \u00dcbersetzer, die Sie gesucht haben. Warten Sie nicht l\u00e4nger und kontaktieren Sie<\/p>\n","protected":false},"author":1,"featured_media":0,"parent":0,"menu_order":0,"comment_status":"closed","ping_status":"closed","template":"","meta":[],"yoast_head":"<!-- This site is optimized with the Yoast SEO plugin v15.9.1 - https:\/\/yoast.com\/wordpress\/plugins\/seo\/ -->\n<title>FAQ - Somos Traductores<\/title>\n<meta name=\"robots\" content=\"index, follow, max-snippet:-1, max-image-preview:large, max-video-preview:-1\" \/>\n<link rel=\"canonical\" href=\"https:\/\/somostraductores.com\/de\/faq\/\" \/>\n<meta property=\"og:locale\" content=\"de_DE\" \/>\n<meta property=\"og:type\" content=\"article\" \/>\n<meta property=\"og:title\" content=\"FAQ - Somos Traductores\" \/>\n<meta property=\"og:description\" content=\"Dies sind einige der von unseren Kunden am h\u00e4ufigsten gestellten Fragen. Wenn Sie Fragen haben, die wir nicht beantwortet haben, z\u00f6gern Sie bitte nicht, uns \u00fcber unser Kontaktformular, per Telefon oder per E-Mail zu kontaktieren, wir helfen Ihnen gerne weiter! WIR SIND die \u00dcbersetzer, die Sie gesucht haben. Warten Sie nicht l\u00e4nger und kontaktieren Sie\" \/>\n<meta property=\"og:url\" content=\"https:\/\/somostraductores.com\/de\/faq\/\" \/>\n<meta property=\"og:site_name\" content=\"Somos Traductores\" \/>\n<meta property=\"article:modified_time\" content=\"2023-11-21T08:11:44+00:00\" \/>\n<meta name=\"twitter:card\" content=\"summary_large_image\" \/>\n<meta name=\"twitter:label1\" content=\"Gesch\u00e4tzte Lesezeit\">\n\t<meta name=\"twitter:data1\" content=\"1\u00a0Minute\">\n<script type=\"application\/ld+json\" class=\"yoast-schema-graph\">{\"@context\":\"https:\/\/schema.org\",\"@graph\":[{\"@type\":\"WebSite\",\"@id\":\"https:\/\/somostraductores.com\/#website\",\"url\":\"https:\/\/somostraductores.com\/\",\"name\":\"Somos Traductores\",\"description\":\"\",\"potentialAction\":[{\"@type\":\"SearchAction\",\"target\":\"https:\/\/somostraductores.com\/?s={search_term_string}\",\"query-input\":\"required name=search_term_string\"}],\"inLanguage\":\"de\"},{\"@type\":\"WebPage\",\"@id\":\"https:\/\/somostraductores.com\/de\/faq\/#webpage\",\"url\":\"https:\/\/somostraductores.com\/de\/faq\/\",\"name\":\"FAQ - Somos Traductores\",\"isPartOf\":{\"@id\":\"https:\/\/somostraductores.com\/#website\"},\"datePublished\":\"2017-01-20T15:09:55+00:00\",\"dateModified\":\"2023-11-21T08:11:44+00:00\",\"breadcrumb\":{\"@id\":\"https:\/\/somostraductores.com\/de\/faq\/#breadcrumb\"},\"inLanguage\":\"de\",\"potentialAction\":[{\"@type\":\"ReadAction\",\"target\":[\"https:\/\/somostraductores.com\/de\/faq\/\"]}]},{\"@type\":\"BreadcrumbList\",\"@id\":\"https:\/\/somostraductores.com\/de\/faq\/#breadcrumb\",\"itemListElement\":[{\"@type\":\"ListItem\",\"position\":1,\"item\":{\"@type\":\"WebPage\",\"@id\":\"https:\/\/somostraductores.com\/de\/\",\"url\":\"https:\/\/somostraductores.com\/de\/\",\"name\":\"Portada\"}},{\"@type\":\"ListItem\",\"position\":2,\"item\":{\"@type\":\"WebPage\",\"@id\":\"https:\/\/somostraductores.com\/de\/faq\/\",\"url\":\"https:\/\/somostraductores.com\/de\/faq\/\",\"name\":\"FAQ\"}}]}]}<\/script>\n<!-- \/ Yoast SEO plugin. -->","_links":{"self":[{"href":"https:\/\/somostraductores.com\/de\/wp-json\/wp\/v2\/pages\/5167"}],"collection":[{"href":"https:\/\/somostraductores.com\/de\/wp-json\/wp\/v2\/pages"}],"about":[{"href":"https:\/\/somostraductores.com\/de\/wp-json\/wp\/v2\/types\/page"}],"author":[{"embeddable":true,"href":"https:\/\/somostraductores.com\/de\/wp-json\/wp\/v2\/users\/1"}],"replies":[{"embeddable":true,"href":"https:\/\/somostraductores.com\/de\/wp-json\/wp\/v2\/comments?post=5167"}],"version-history":[{"count":9,"href":"https:\/\/somostraductores.com\/de\/wp-json\/wp\/v2\/pages\/5167\/revisions"}],"predecessor-version":[{"id":5746,"href":"https:\/\/somostraductores.com\/de\/wp-json\/wp\/v2\/pages\/5167\/revisions\/5746"}],"wp:attachment":[{"href":"https:\/\/somostraductores.com\/de\/wp-json\/wp\/v2\/media?parent=5167"}],"curies":[{"name":"wp","href":"https:\/\/api.w.org\/{rel}","templated":true}]}}