{"id":5262,"date":"2020-02-20T14:47:02","date_gmt":"2020-02-20T13:47:02","guid":{"rendered":"https:\/\/somostraductores.com\/?page_id=5262"},"modified":"2023-10-26T17:35:40","modified_gmt":"2023-10-26T15:35:40","slug":"datenschutzrichtlinie","status":"publish","type":"page","link":"https:\/\/somostraductores.com\/de\/datenschutzrichtlinie\/","title":{"rendered":"Datenschutzrichtlinie"},"content":{"rendered":"<p>Durch somostraductores.com (im Folgenden &#8222;Website&#8220;) werden keine personenbezogenen Daten der Nutzer ohne deren Wissen erfasst oder an Dritte weitergegeben.<\/p>\n<p>somostraductores.com enth\u00e4lt Links zu Websites Dritter, deren Datenschutzrichtlinien von somostraductores.com unabh\u00e4ngig sind. Beim Zugriff auf solche Websites k\u00f6nnen Sie entscheiden, ob Sie deren Datenschutz- und Cookie-Richtlinien akzeptieren.<\/p>\n<h3>ERFASSUNG VON PERS\u00d6NLICHEN INFORMATIONEN AUF DIESER WEBSITE<\/h3>\n<p>somostraductores.com bittet die Nutzer immer um ihre vorherige Zustimmung, bevor sie personenbezogene Daten f\u00fcr die angegebenen Zwecke erheben und verwenden. Jeder Nutzer hat das Recht, seine vorherige Zustimmung jederzeit zu widerrufen.<br \/>\nDie F\u00e4lle, in denen diese Website personenbezogene Daten ben\u00f6tigt, sind:<\/p>\n<ul>\n<li>Um Kommentare zu Blogposts abzugeben.<\/li>\n<li>Um Anfragen \u00fcber das Kontaktformular zu stellen.<\/li>\n<li>Um kostenlose Ressourcen herunterzuladen.<\/li>\n<\/ul>\n<p>Die erfassten personenbezogenen Daten umfassen in der Regel den Namen und die E-Mail-Adresse des Website-Nutzers.<br \/>\nIn einigen F\u00e4llen kann die Information \u00fcber die Besucher dieser Website anonym an Dritte weitergegeben werden, wie z.B. Werbetreibende, Sponsoren oder Partner, ausschlie\u00dflich zum Zwecke der Verbesserung der von dieser Website angebotenen Dienstleistungen und zur Finanzierung der Website. Alle Verarbeitungsvorg\u00e4nge erfolgen gem\u00e4\u00df den geltenden Vorschriften. Die Rechte der Nutzer in Bezug auf den Datenschutz werden jederzeit gem\u00e4\u00df dem Gesetz respektiert.<\/p>\n<p>Jeder Nutzer hat jederzeit und in jedem Fall volle Rechte an seinen personenbezogenen Daten und deren Verwendung und kann sie jederzeit aus\u00fcben.<\/p>\n<h3>METHODEN ZUR ERFASSUNG VON PERS\u00d6NLICHEN INFORMATIONEN AUF DIESER WEBSITE<\/h3>\n<p>somostraductores.com verwendet die folgenden Methoden zur Erfassung von pers\u00f6nlichen Informationen:<\/p>\n<ol>\n<li><em>Kommentarformular<\/em>: Auf der Website gibt es Formulare, \u00fcber die Benutzer Kommentare zu bestimmten Seiten der Website senden k\u00f6nnen. In diesem Formular werden Benutzer nach ihrem Namen und ihrer E-Mail-Adresse gefragt. Diese Daten werden nur zur Ver\u00f6ffentlichung, Deaktivierung und Moderation solcher Kommentare verwendet.<\/li>\n<li><em>Kontaktformular<\/em>: Auf der Website gibt es ein Kontaktformular, \u00fcber das jeder Benutzer der Website Nachrichten, Beschwerden, Anregungen oder Anfragen an den gesetzlichen Verantwortlichen senden kann. Die in diesem Kontaktformular angegebene E-Mail-Adresse wird f\u00fcr die Beantwortung von Nachrichten und f\u00fcr das Senden von angeforderten Informationen verwendet.<\/li>\n<li><em>Cookies<\/em>: W\u00e4hrend des Besuchs dieser Website werden Cookies auf dem Computer des Benutzers gespeichert. Jeder Benutzer kann die Cookie-Richtlinie konsultieren, um zu erfahren, wie Cookies verwendet und deaktiviert werden k\u00f6nnen.<\/li>\n<li><em>Navigation und IP-Adresse<\/em>: W\u00e4hrend des Besuchs dieser Website sendet der Benutzer automatisch Informationen \u00fcber seine IP-Adresse, das Datum und die Uhrzeit des Zugriffs auf die Website, das Betriebssystem und den verwendeten Browser an den Server der Website. Es k\u00f6nnen auch Daten zur Webadresse gesendet werden, von der aus der Benutzer auf diese Website zugegriffen hat. Die spanische Datenschutzbeh\u00f6rde betrachtet die IP-Adresse als personenbezogene Daten. somostraductores.com wird die IP-Adresse zu keinem Zeitpunkt verwenden, um Benutzer zu identifizieren. Sie wird nur zur Erstellung von Zugriffsstatistiken auf die Website und zur Analyse des Nutzerverhaltens innerhalb von somostraductores.com verwendet.<\/li>\n<li><em>Formulare zur kostenlosen Downloads von PDF-Leitf\u00e4den und Vorlagen<\/em>: somostraductores.com wird diese Daten niemals an Dritte weitergeben oder mitteilen, es sei denn, dies ist gesetzlich oder gerichtlich vorgeschrieben.<\/li>\n<\/ol>\n<h3>VON DRITTEN AUF DIESER WEBSITE ANGEBOTENE DIENSTE<\/h3>\n<p>Zur Erbringung von f\u00fcr die Aus\u00fcbung ihrer T\u00e4tigkeit unbedingt erforderlichen Dienstleistungen verwendet somostraductores.com verschiedene Dienstleistungen. Jeder von ihnen \u00fcbt seine T\u00e4tigkeit gem\u00e4\u00df seinen eigenen Datenschutzrichtlinien aus.<br \/>\nsomostraductores.com kann das Verhalten seiner Besucher analysieren, um Publikumsanalysen durchzuf\u00fchren und die auf der Website angebotenen Inhalte so weit wie m\u00f6glich an die Vorlieben ihrer Nutzer anzupassen.<\/p>\n<p>Jeder Website-Benutzer und jede nat\u00fcrliche oder juristische Person kann von ihrer Website aus Links zu somostraductores.com setzen. Diese Handlung impliziert in keiner Weise eine Beziehung jeglicher Art zwischen somostaductores.com und dem Eigent\u00fcmer der verlinkten Website oder Seite. Es impliziert auch nicht, dass somostraductores.com die Inhalte oder Dienstleistungen der Websites, die auf sie verlinken, vollst\u00e4ndig oder teilweise akzeptiert oder genehmigt. somostraductores.com beh\u00e4lt sich jedoch jederzeit das Recht vor, jegliche Links zu somostraductores.com zu verbieten oder zu deaktivieren.<\/p>\n<h3>ZUR GENAUIGKEIT UND RICHTIGKEIT DER DATEN<\/h3>\n<p>Der Benutzer dieser Website garantiert, dass die \u00fcber die verschiedenen Formulare zur Verf\u00fcgung gestellten personenbezogenen Daten genau und wahrheitsgem\u00e4\u00df sind.<br \/>\nDer Benutzer dieser Website garantiert, dass alle Informationen, die innerhalb der Website zur Verf\u00fcgung gestellt werden, am Tag der Bereitstellung dieser Informationen wahr und genau sind.<\/p>\n<p>Der Benutzer dieser Website ist verpflichtet, die Genauigkeit seiner Daten zu wahren und diese auf dem neuesten Stand zu halten.<\/p>\n<p>Der Benutzer dieser Website ist allein verantwortlich f\u00fcr die Unrichtigkeit oder Falschheit der von ihm bereitgestellten Daten und f\u00fcr die daraus resultierenden Sch\u00e4den, die der Website somostraductores.com und ihrem gesetzlichen Vertreter entstehen k\u00f6nnen.<\/p>\n<h3>AUS\u00dcBUNG DER ARCO-RECHTE<\/h3>\n<p>Die Nutzer dieser Website haben folgende Rechte:<\/p>\n<ul>\n<li>Anfrage, welche personenbezogenen Daten \u00fcber den Benutzer dieser Website zu jedem Zeitpunkt gespeichert sind.<\/li>\n<li>Antrag auf Aktualisierung oder \u00c4nderung falsch gespeicherter Daten \u00fcber den Benutzer.<\/li>\n<\/ul>\n<p>Um die Rechte auf Zugang, Berichtigung, L\u00f6schung und Widerspruch gegen ihre Daten auszu\u00fcben, k\u00f6nnen die Nutzer eine E-Mail an die Adresse somostraductores.com senden: info@somostraductores.com. Dieses Ersuchen muss mit einem rechtm\u00e4\u00dfig g\u00fcltigen Identit\u00e4tsnachweis (Kopie des Personalausweises oder eines gleichwertigen Dokuments) versehen sein.<\/p>\n<h3>AKZEPTANZ UND ZUSTIMMUNG<\/h3>\n<p>Der Benutzer dieser Website erkl\u00e4rt, \u00fcber die Bedingungen des Datenschutzes informiert worden zu sein. Der Benutzer dieser Website akzeptiert und willigt in die Verarbeitung seiner Daten durch die Website somostraductores.com gem\u00e4\u00df den im Rechtlichen Hinweis dieser Website angegebenen Bedingungen ein.<\/p>\n<h3>VERSAND UND REGULIERUNG VON KOMMERZIELLEN E-MAILS<\/h3>\n<p>Gem\u00e4\u00df dem LSSICE f\u00fchrt somostraductores.com keine SPAM-Praktiken durch und versendet niemals kommerzielle E-Mails ohne vorherige Anforderung oder Zustimmung des Benutzers.<br \/>\nDiese Datenschutzrichtlinie wurde am 20. Februar 2020 aktualisiert.<\/p>\n<p>Bitte beachten Sie, dass dies eine maschinelle \u00dcbersetzung ist und es empfohlen wird, die \u00dcbersetzung von einem professionellen \u00dcbersetzer auf Richtigkeit zu \u00fcberpr\u00fcfen, wenn sie f\u00fcr rechtliche oder offizielle Zwecke verwendet wird.<\/p>\n","protected":false},"excerpt":{"rendered":"<p>Durch somostraductores.com (im Folgenden &#8222;Website&#8220;) werden keine personenbezogenen Daten der Nutzer ohne deren Wissen erfasst oder an Dritte weitergegeben. somostraductores.com enth\u00e4lt Links zu Websites Dritter, deren Datenschutzrichtlinien von somostraductores.com unabh\u00e4ngig sind. Beim Zugriff auf solche Websites k\u00f6nnen Sie entscheiden, ob Sie deren Datenschutz- und Cookie-Richtlinien akzeptieren. ERFASSUNG VON PERS\u00d6NLICHEN INFORMATIONEN AUF DIESER WEBSITE somostraductores.com bittet<\/p>\n","protected":false},"author":1,"featured_media":0,"parent":0,"menu_order":0,"comment_status":"closed","ping_status":"closed","template":"","meta":[],"yoast_head":"<!-- This site is optimized with the Yoast SEO plugin v15.9.1 - https:\/\/yoast.com\/wordpress\/plugins\/seo\/ -->\n<title>Datenschutzrichtlinie - Somos Traductores<\/title>\n<meta name=\"robots\" content=\"index, follow, max-snippet:-1, max-image-preview:large, max-video-preview:-1\" \/>\n<link rel=\"canonical\" href=\"https:\/\/somostraductores.com\/de\/datenschutzrichtlinie\/\" \/>\n<meta property=\"og:locale\" content=\"de_DE\" \/>\n<meta property=\"og:type\" content=\"article\" \/>\n<meta property=\"og:title\" content=\"Datenschutzrichtlinie - Somos Traductores\" \/>\n<meta property=\"og:description\" content=\"Durch somostraductores.com (im Folgenden &#8222;Website&#8220;) werden keine personenbezogenen Daten der Nutzer ohne deren Wissen erfasst oder an Dritte weitergegeben. somostraductores.com enth\u00e4lt Links zu Websites Dritter, deren Datenschutzrichtlinien von somostraductores.com unabh\u00e4ngig sind. Beim Zugriff auf solche Websites k\u00f6nnen Sie entscheiden, ob Sie deren Datenschutz- und Cookie-Richtlinien akzeptieren. ERFASSUNG VON PERS\u00d6NLICHEN INFORMATIONEN AUF DIESER WEBSITE somostraductores.com bittet\" \/>\n<meta property=\"og:url\" content=\"https:\/\/somostraductores.com\/de\/datenschutzrichtlinie\/\" \/>\n<meta property=\"og:site_name\" content=\"Somos Traductores\" \/>\n<meta property=\"article:modified_time\" content=\"2023-10-26T15:35:40+00:00\" \/>\n<meta name=\"twitter:card\" content=\"summary_large_image\" \/>\n<meta name=\"twitter:label1\" content=\"Gesch\u00e4tzte Lesezeit\">\n\t<meta name=\"twitter:data1\" content=\"4\u00a0Minuten\">\n<script type=\"application\/ld+json\" class=\"yoast-schema-graph\">{\"@context\":\"https:\/\/schema.org\",\"@graph\":[{\"@type\":\"WebSite\",\"@id\":\"https:\/\/somostraductores.com\/#website\",\"url\":\"https:\/\/somostraductores.com\/\",\"name\":\"Somos Traductores\",\"description\":\"\",\"potentialAction\":[{\"@type\":\"SearchAction\",\"target\":\"https:\/\/somostraductores.com\/?s={search_term_string}\",\"query-input\":\"required name=search_term_string\"}],\"inLanguage\":\"de\"},{\"@type\":\"WebPage\",\"@id\":\"https:\/\/somostraductores.com\/de\/datenschutzrichtlinie\/#webpage\",\"url\":\"https:\/\/somostraductores.com\/de\/datenschutzrichtlinie\/\",\"name\":\"Datenschutzrichtlinie - Somos Traductores\",\"isPartOf\":{\"@id\":\"https:\/\/somostraductores.com\/#website\"},\"datePublished\":\"2020-02-20T13:47:02+00:00\",\"dateModified\":\"2023-10-26T15:35:40+00:00\",\"breadcrumb\":{\"@id\":\"https:\/\/somostraductores.com\/de\/datenschutzrichtlinie\/#breadcrumb\"},\"inLanguage\":\"de\",\"potentialAction\":[{\"@type\":\"ReadAction\",\"target\":[\"https:\/\/somostraductores.com\/de\/datenschutzrichtlinie\/\"]}]},{\"@type\":\"BreadcrumbList\",\"@id\":\"https:\/\/somostraductores.com\/de\/datenschutzrichtlinie\/#breadcrumb\",\"itemListElement\":[{\"@type\":\"ListItem\",\"position\":1,\"item\":{\"@type\":\"WebPage\",\"@id\":\"https:\/\/somostraductores.com\/de\/\",\"url\":\"https:\/\/somostraductores.com\/de\/\",\"name\":\"Portada\"}},{\"@type\":\"ListItem\",\"position\":2,\"item\":{\"@type\":\"WebPage\",\"@id\":\"https:\/\/somostraductores.com\/de\/datenschutzrichtlinie\/\",\"url\":\"https:\/\/somostraductores.com\/de\/datenschutzrichtlinie\/\",\"name\":\"Datenschutzrichtlinie\"}}]}]}<\/script>\n<!-- \/ Yoast SEO plugin. -->","_links":{"self":[{"href":"https:\/\/somostraductores.com\/de\/wp-json\/wp\/v2\/pages\/5262"}],"collection":[{"href":"https:\/\/somostraductores.com\/de\/wp-json\/wp\/v2\/pages"}],"about":[{"href":"https:\/\/somostraductores.com\/de\/wp-json\/wp\/v2\/types\/page"}],"author":[{"embeddable":true,"href":"https:\/\/somostraductores.com\/de\/wp-json\/wp\/v2\/users\/1"}],"replies":[{"embeddable":true,"href":"https:\/\/somostraductores.com\/de\/wp-json\/wp\/v2\/comments?post=5262"}],"version-history":[{"count":2,"href":"https:\/\/somostraductores.com\/de\/wp-json\/wp\/v2\/pages\/5262\/revisions"}],"predecessor-version":[{"id":5264,"href":"https:\/\/somostraductores.com\/de\/wp-json\/wp\/v2\/pages\/5262\/revisions\/5264"}],"wp:attachment":[{"href":"https:\/\/somostraductores.com\/de\/wp-json\/wp\/v2\/media?parent=5262"}],"curies":[{"name":"wp","href":"https:\/\/api.w.org\/{rel}","templated":true}]}}