{"id":5289,"date":"2020-04-08T07:58:31","date_gmt":"2020-04-08T05:58:31","guid":{"rendered":"https:\/\/somostraductores.com\/?page_id=5289"},"modified":"2023-10-27T08:12:01","modified_gmt":"2023-10-27T06:12:01","slug":"audiovisuelle-uebersetzung","status":"publish","type":"page","link":"https:\/\/somostraductores.com\/de\/audiovisuelle-uebersetzung\/","title":{"rendered":"Audiovisuelle \u00dcbersetzung"},"content":{"rendered":"<div id=\"pl-5289\"  class=\"panel-layout\" ><div id=\"pg-5289-0\"  class=\"panel-grid panel-has-style\" ><div class=\"tablet-default mobile-1-in-row desktop-default panel-row-style panel-row-style-for-5289-0\" ><div id=\"pgc-5289-0-0\"  class=\"panel-grid-cell\" ><div id=\"panel-5289-0-0-0\" class=\"so-panel widget widget_orion_heading_w panel-first-child panel-last-child\" data-index=\"0\" ><div class=\"orion default panel-widget-style panel-widget-style-for-5289-0-0-0\" ><div class=\"so-widget-orion_heading_w so-widget-orion_heading_w-base\">\n\t\n\t\t\n\t<div class=\"row orion-heading\" style=\"margin-bottom:0px;\">\n\t\t<div class=\"col-md-12  separator-style-2 text-center style-h1 style-text-dark\">\n\t\t\t<h1 class=\"text-dark text-uppercase\">\n\t\t\t\tAudiovisuelle \u00dcbersetzung\t\t\t<\/h1>\n\t\t<\/div>\n\t<\/div>\n\n\t<\/div><\/div><\/div><\/div><\/div><\/div><div id=\"pg-5289-1\"  class=\"panel-grid panel-has-style\" ><div class=\"tablet-default mobile-1-in-row desktop-default panel-row-style panel-row-style-for-5289-1\" ><div id=\"pgc-5289-1-0\"  class=\"panel-grid-cell\" ><div id=\"panel-5289-1-0-0\" class=\"so-panel widget widget_sow-editor panel-first-child panel-last-child\" data-index=\"1\" ><div class=\"orion default panel-widget-style panel-widget-style-for-5289-1-0-0\" ><div class=\"so-widget-sow-editor so-widget-sow-editor-base\">\n<div class=\"siteorigin-widget-tinymce textwidget\">\n\t<p><span style=\"font-weight: 400;\">In Spanien wurde schon immer viel Wert auf audiovisuelle \u00dcbersetzungen gelegt, da wir ein Land mit einer <\/span><b>Dubbing-Tradition<\/b><span style=\"font-weight: 400;\"> sind. Aus dem Ausland kommt eine gro\u00dfe Menge an Material in verschiedenen Sprachen, um es dem Publikum zu vermitteln, was aufgrund der Sprachbarriere nicht immer m\u00f6glich ist.<\/span><\/p>\n<p><span style=\"font-weight: 400;\">Audiovisuelle \u00dcbersetzer erm\u00f6glichen es, dieses Material an so viele Menschen wie m\u00f6glich zu vermitteln, und dank ihnen k\u00f6nnen wir auch unser Material ins Ausland exportieren.<\/span><\/p>\n<p><span style=\"font-weight: 400;\">Diese Art der \u00dcbersetzung umfasst verschiedene Spezialgebiete, vom <\/span><b>Synchronisieren von Filmen, Dokumentationen, Fernsehsendungen<\/b><span style=\"font-weight: 400;\"> usw. bis hin zur <\/span><b>Untertitelung<\/b><span style=\"font-weight: 400;\"> aller Arten von audiovisuellem Material: <\/span><b>Videospiele, Musikvideos, Filme, Dokumentationen, Programme, Serien<\/b><span style=\"font-weight: 400;\"> und <\/span><b>Werbespots<\/b><span style=\"font-weight: 400;\">.<\/span><\/p>\n<p><span style=\"font-weight: 400;\">SOMOS Traductores verf\u00fcgt in seinem Team \u00fcber Fachleute aus dem Bereich der audiovisuellen \u00dcbersetzung, die f\u00fcr <\/span><b>weltweit renommierte Fernsehsender<\/b><span style=\"font-weight: 400;\"> arbeiten und alle Arten von audiovisuellen Inhalten \u00fcbersetzen. Wir sind stolz darauf, ein junges Team zu haben, das versteht, wie wichtig es ist, eine Botschaft nicht nur schriftlich, sondern auch akustisch in verschiedenen Sprachen zu vermitteln.<\/span><\/p>\n<p><span style=\"font-weight: 400;\">Sie k\u00f6nnen ein Angebot f\u00fcr jede Art von audiovisueller \u00dcbersetzung anfordern, sei es ein <\/span><b>Werbespot, Programm, Film, Dokumentarfilm, Kurzfilm<\/b><span style=\"font-weight: 400;\"> usw. <\/span><b>Vielen Dank, dass Sie SOMOS Traductores vertrauen!<\/b><\/p>\n<\/div>\n<\/div><\/div><\/div><\/div><\/div><\/div><div id=\"pg-5289-2\"  class=\"panel-grid panel-has-style\" ><div class=\"tablet-default mobile-1-in-row desktop-default panel-row-style panel-row-style-for-5289-2\" ><div id=\"pgc-5289-2-0\"  class=\"panel-grid-cell\" ><div id=\"panel-5289-2-0-0\" class=\"so-panel widget widget_orion_empty_space_w panel-first-child panel-last-child\" data-index=\"2\" ><div class=\"orion default panel-widget-style panel-widget-style-for-5289-2-0-0\" ><div class=\"so-widget-orion_empty_space_w so-widget-orion_empty_space_w-base\">\t<div class=\"row empty-space  visible-lg visible-md visible-sm visible-xs\" style=\"height:24px;\">\n\t<\/div><\/div><\/div><\/div><\/div><\/div><\/div><div id=\"pg-5289-3\"  class=\"panel-grid panel-has-style\" ><div class=\"tablet-default mobile-1-in-row desktop-default panel-row-style panel-row-style-for-5289-3\" ><div id=\"pgc-5289-3-0\"  class=\"panel-grid-cell panel-grid-cell-empty\" ><\/div><div id=\"pgc-5289-3-1\"  class=\"panel-grid-cell\" ><div id=\"panel-5289-3-1-0\" class=\"so-panel widget widget_orion_list_w panel-first-child panel-last-child\" data-index=\"3\" ><div class=\"orion default panel-widget-style panel-widget-style-for-5289-3-1-0\" ><div class=\"so-widget-orion_list_w so-widget-orion_list_w-base\"><div class=\"row button-wrap\">\n\t\n\t<div class=\"list-wrap col-md-12\">\n\t\t<ul class=\"no-liststyle size-large\" style=\"background:transparent\">\n\t\t\t\t\n\t\t<li class=\"text-default\" style='color:#000000;'>\n\t\t\t\t\t\t\t<span class=\"icon\">\n\t\t\t\t\t<span class=\"sow-icon-icomoon\" data-sow-icon=\"&#xe942;\"\n\t\tstyle=\"color: #3233ff\" ><\/span>\t\t\t\t<\/span>\n\t\t\t\t\t\t\t91 112 40 03 \/ 633 71 88 12\t\t<\/li>\t\n\n\t\t\t<\/ul>\n\t<\/div>\n<\/div><\/div><\/div><\/div><\/div><div id=\"pgc-5289-3-2\"  class=\"panel-grid-cell panel-grid-cell-mobile-last\" ><div id=\"panel-5289-3-2-0\" class=\"so-panel widget widget_orion_button_w panel-first-child panel-last-child\" data-index=\"4\" ><div class=\"orion default panel-widget-style panel-widget-style-for-5289-3-2-0\" ><div class=\"so-widget-orion_button_w so-widget-orion_button_w-base\">\t<div class=\"wrapper block\" style=\"text-align:center\">\n\n\t\t\t<a class=\"btn btn-c1 btn-flat btn-md\"  href=\"https:\/\/somostraductores.com\/presupuesto\/\">\n\t\t\tEIN ANGEBOT ANFORDERN\t\t\n\t\t<\/a>\n\t\n<\/div>\n<\/div><\/div><\/div><\/div><div id=\"pgc-5289-3-3\"  class=\"panel-grid-cell panel-grid-cell-empty\" ><\/div><\/div><\/div><div id=\"pg-5289-4\"  class=\"panel-grid panel-has-style\" ><div class=\"siteorigin-panels-stretch tablet-default mobile-1-in-row desktop-default panel-row-style panel-row-style-for-5289-4\" data-stretch-type=\"full\" ><div id=\"pgc-5289-4-0\"  class=\"panel-grid-cell panel-grid-cell-empty\" ><\/div><\/div><\/div><\/div>","protected":false},"excerpt":{"rendered":"<p>In Spanien wurde schon immer viel Wert auf audiovisuelle \u00dcbersetzungen gelegt, da wir ein Land mit einer Dubbing-Tradition sind. Aus dem Ausland kommt eine gro\u00dfe Menge an Material in verschiedenen Sprachen, um es dem Publikum zu vermitteln, was aufgrund der Sprachbarriere nicht immer m\u00f6glich ist. Audiovisuelle \u00dcbersetzer erm\u00f6glichen es, dieses Material an so viele Menschen<\/p>\n","protected":false},"author":1,"featured_media":0,"parent":0,"menu_order":0,"comment_status":"closed","ping_status":"closed","template":"","meta":[],"yoast_head":"<!-- This site is optimized with the Yoast SEO plugin v15.9.1 - https:\/\/yoast.com\/wordpress\/plugins\/seo\/ -->\n<title>Audiovisuelle \u00dcbersetzung - Somos Traductores<\/title>\n<meta name=\"robots\" content=\"index, follow, max-snippet:-1, max-image-preview:large, max-video-preview:-1\" \/>\n<link rel=\"canonical\" href=\"https:\/\/somostraductores.com\/de\/audiovisuelle-uebersetzung\/\" \/>\n<meta property=\"og:locale\" content=\"de_DE\" \/>\n<meta property=\"og:type\" content=\"article\" \/>\n<meta property=\"og:title\" content=\"Audiovisuelle \u00dcbersetzung - Somos Traductores\" \/>\n<meta property=\"og:description\" content=\"In Spanien wurde schon immer viel Wert auf audiovisuelle \u00dcbersetzungen gelegt, da wir ein Land mit einer Dubbing-Tradition sind. Aus dem Ausland kommt eine gro\u00dfe Menge an Material in verschiedenen Sprachen, um es dem Publikum zu vermitteln, was aufgrund der Sprachbarriere nicht immer m\u00f6glich ist. Audiovisuelle \u00dcbersetzer erm\u00f6glichen es, dieses Material an so viele Menschen\" \/>\n<meta property=\"og:url\" content=\"https:\/\/somostraductores.com\/de\/audiovisuelle-uebersetzung\/\" \/>\n<meta property=\"og:site_name\" content=\"Somos Traductores\" \/>\n<meta property=\"article:modified_time\" content=\"2023-10-27T06:12:01+00:00\" \/>\n<meta name=\"twitter:card\" content=\"summary_large_image\" \/>\n<meta name=\"twitter:label1\" content=\"Gesch\u00e4tzte Lesezeit\">\n\t<meta name=\"twitter:data1\" content=\"1\u00a0Minute\">\n<script type=\"application\/ld+json\" class=\"yoast-schema-graph\">{\"@context\":\"https:\/\/schema.org\",\"@graph\":[{\"@type\":\"WebSite\",\"@id\":\"https:\/\/somostraductores.com\/#website\",\"url\":\"https:\/\/somostraductores.com\/\",\"name\":\"Somos Traductores\",\"description\":\"\",\"potentialAction\":[{\"@type\":\"SearchAction\",\"target\":\"https:\/\/somostraductores.com\/?s={search_term_string}\",\"query-input\":\"required name=search_term_string\"}],\"inLanguage\":\"de\"},{\"@type\":\"WebPage\",\"@id\":\"https:\/\/somostraductores.com\/de\/audiovisuelle-uebersetzung\/#webpage\",\"url\":\"https:\/\/somostraductores.com\/de\/audiovisuelle-uebersetzung\/\",\"name\":\"Audiovisuelle \\u00dcbersetzung - Somos Traductores\",\"isPartOf\":{\"@id\":\"https:\/\/somostraductores.com\/#website\"},\"datePublished\":\"2020-04-08T05:58:31+00:00\",\"dateModified\":\"2023-10-27T06:12:01+00:00\",\"breadcrumb\":{\"@id\":\"https:\/\/somostraductores.com\/de\/audiovisuelle-uebersetzung\/#breadcrumb\"},\"inLanguage\":\"de\",\"potentialAction\":[{\"@type\":\"ReadAction\",\"target\":[\"https:\/\/somostraductores.com\/de\/audiovisuelle-uebersetzung\/\"]}]},{\"@type\":\"BreadcrumbList\",\"@id\":\"https:\/\/somostraductores.com\/de\/audiovisuelle-uebersetzung\/#breadcrumb\",\"itemListElement\":[{\"@type\":\"ListItem\",\"position\":1,\"item\":{\"@type\":\"WebPage\",\"@id\":\"https:\/\/somostraductores.com\/de\/\",\"url\":\"https:\/\/somostraductores.com\/de\/\",\"name\":\"Portada\"}},{\"@type\":\"ListItem\",\"position\":2,\"item\":{\"@type\":\"WebPage\",\"@id\":\"https:\/\/somostraductores.com\/de\/audiovisuelle-uebersetzung\/\",\"url\":\"https:\/\/somostraductores.com\/de\/audiovisuelle-uebersetzung\/\",\"name\":\"Audiovisuelle \\u00dcbersetzung\"}}]}]}<\/script>\n<!-- \/ Yoast SEO plugin. -->","_links":{"self":[{"href":"https:\/\/somostraductores.com\/de\/wp-json\/wp\/v2\/pages\/5289"}],"collection":[{"href":"https:\/\/somostraductores.com\/de\/wp-json\/wp\/v2\/pages"}],"about":[{"href":"https:\/\/somostraductores.com\/de\/wp-json\/wp\/v2\/types\/page"}],"author":[{"embeddable":true,"href":"https:\/\/somostraductores.com\/de\/wp-json\/wp\/v2\/users\/1"}],"replies":[{"embeddable":true,"href":"https:\/\/somostraductores.com\/de\/wp-json\/wp\/v2\/comments?post=5289"}],"version-history":[{"count":5,"href":"https:\/\/somostraductores.com\/de\/wp-json\/wp\/v2\/pages\/5289\/revisions"}],"predecessor-version":[{"id":5300,"href":"https:\/\/somostraductores.com\/de\/wp-json\/wp\/v2\/pages\/5289\/revisions\/5300"}],"wp:attachment":[{"href":"https:\/\/somostraductores.com\/de\/wp-json\/wp\/v2\/media?parent=5289"}],"curies":[{"name":"wp","href":"https:\/\/api.w.org\/{rel}","templated":true}]}}