{"id":5291,"date":"2020-04-08T10:02:05","date_gmt":"2020-04-08T08:02:05","guid":{"rendered":"https:\/\/somostraductores.com\/?page_id=5291"},"modified":"2023-10-27T08:19:15","modified_gmt":"2023-10-27T06:19:15","slug":"wirtschaftliche-und-finanzielle-uebersetzung","status":"publish","type":"page","link":"https:\/\/somostraductores.com\/de\/wirtschaftliche-und-finanzielle-uebersetzung\/","title":{"rendered":"Wirtschaftliche und finanzielle \u00dcbersetzung"},"content":{"rendered":"<div id=\"pl-5291\"  class=\"panel-layout\" ><div id=\"pg-5291-0\"  class=\"panel-grid panel-has-style\" ><div class=\"tablet-default mobile-1-in-row desktop-default panel-row-style panel-row-style-for-5291-0\" ><div id=\"pgc-5291-0-0\"  class=\"panel-grid-cell\" ><div id=\"panel-5291-0-0-0\" class=\"so-panel widget widget_orion_heading_w panel-first-child panel-last-child\" data-index=\"0\" ><div class=\"orion default panel-widget-style panel-widget-style-for-5291-0-0-0\" ><div class=\"so-widget-orion_heading_w so-widget-orion_heading_w-base\">\n\t\n\t\t\n\t<div class=\"row orion-heading\" style=\"margin-bottom:0px;\">\n\t\t<div class=\"col-md-12  separator-style-2 text-center style-h1 style-text-dark\">\n\t\t\t<h1 class=\"text-dark text-uppercase\">\n\t\t\t\tWirtschaftliche und finanzielle \u00dcbersetzung\t\t\t<\/h1>\n\t\t<\/div>\n\t<\/div>\n\n\t<\/div><\/div><\/div><\/div><\/div><\/div><div id=\"pg-5291-1\"  class=\"panel-grid panel-has-style\" ><div class=\"tablet-default mobile-1-in-row desktop-default panel-row-style panel-row-style-for-5291-1\" ><div id=\"pgc-5291-1-0\"  class=\"panel-grid-cell\" ><div id=\"panel-5291-1-0-0\" class=\"so-panel widget widget_sow-editor panel-first-child panel-last-child\" data-index=\"1\" ><div class=\"orion default panel-widget-style panel-widget-style-for-5291-1-0-0\" ><div class=\"so-widget-sow-editor so-widget-sow-editor-base\">\n<div class=\"siteorigin-widget-tinymce textwidget\">\n\t<p><span style=\"font-weight: 400;\">Die Wirtschaft hat aus offensichtlichen Gr\u00fcnden schon immer einen entscheidenden Stellenwert in unserem Leben eingenommen, sowohl f\u00fcr gro\u00dfe Unternehmen als auch f\u00fcr Familien. Obwohl es sich um eine universelle Wissenschaft handelt, die auf alle anwendbar ist, ist die \u00dcbertragung von Konzepten im Zusammenhang mit Finanzen in verschiedenen Sprachen nicht immer einfach, da sie oft von verschiedenen Wirtschaftsmodellen und -schulen abh\u00e4ngen, die nur in bestimmten L\u00e4ndern und Kulturen verwurzelt sein k\u00f6nnen und daher vielen anderen fremd sind.<\/span><\/p>\n<p><span style=\"font-weight: 400;\">Es gibt zahlreiche Dokumente im Zusammenhang mit Wirtschaft und Finanzen, die \u00fcbersetzt werden k\u00f6nnen, wie <\/span><b>Gesch\u00e4ftsberichte, Audits, Steuererkl\u00e4rungen<\/b><span style=\"font-weight: 400;\"> und <\/span><b>Finanzvereinbarungen<\/b><span style=\"font-weight: 400;\">. Ebenso werden h\u00e4ufig <\/span><b>Ver\u00f6ffentlichungen und Finanznachrichten, Versicherungs- und R\u00fcckversicherungspolicen, B\u00f6rsendokumente<\/b><span style=\"font-weight: 400;\"> und <\/span><b>Texte \u00fcber Bankwesen und Investitionen<\/b><span style=\"font-weight: 400;\"> \u00fcbersetzt.<\/span><\/p>\n<p><span style=\"font-weight: 400;\">Bei SOMOS Traductores haben wir mehrere <\/span><b>Fachleute, die sich auf Wirtschafts- und Finanz\u00fcbersetzungen spezialisiert haben<\/b><span style=\"font-weight: 400; \"> und hochspezialisierte Fernsehprogramme in diesem Bereich \u00fcbersetzen, auf die viele Unternehmen vertrauen, um ihre gesamte Finanzdokumentation in eine andere Sprache zu \u00fcbertragen. Unsere \u00dcbersetzer sind auch bestens vertraut mit der \u00dcbersetzung von <\/span><b>wirtschaftlichen Anpassungspl\u00e4nen<\/b><span style=\"font-weight: 400;\"> und <\/span><b>Versicherungs- und R\u00fcckversicherungspolicen<\/b><span style=\"font-weight: 400;\">.<\/span><\/p>\n<p><span style=\"font-weight: 400;\">Wir laden Unternehmen und Einzelpersonen, die Dokumente dieser Art \u00fcbersetzen m\u00fcssen, herzlich dazu ein, ein <\/span><b>Angebot anzufordern.<\/b><\/p>\n<\/div>\n<\/div><\/div><\/div><\/div><\/div><\/div><div id=\"pg-5291-2\"  class=\"panel-grid panel-has-style\" ><div class=\"tablet-default mobile-1-in-row desktop-default panel-row-style panel-row-style-for-5291-2\" ><div id=\"pgc-5291-2-0\"  class=\"panel-grid-cell\" ><div id=\"panel-5291-2-0-0\" class=\"so-panel widget widget_orion_empty_space_w panel-first-child panel-last-child\" data-index=\"2\" ><div class=\"orion default panel-widget-style panel-widget-style-for-5291-2-0-0\" ><div class=\"so-widget-orion_empty_space_w so-widget-orion_empty_space_w-base\">\t<div class=\"row empty-space  visible-lg visible-md visible-sm visible-xs\" style=\"height:24px;\">\n\t<\/div><\/div><\/div><\/div><\/div><\/div><\/div><div id=\"pg-5291-3\"  class=\"panel-grid panel-has-style\" ><div class=\"tablet-default mobile-1-in-row desktop-default panel-row-style panel-row-style-for-5291-3\" ><div id=\"pgc-5291-3-0\"  class=\"panel-grid-cell panel-grid-cell-empty\" ><\/div><div id=\"pgc-5291-3-1\"  class=\"panel-grid-cell\" ><div id=\"panel-5291-3-1-0\" class=\"so-panel widget widget_orion_list_w panel-first-child panel-last-child\" data-index=\"3\" ><div class=\"orion default panel-widget-style panel-widget-style-for-5291-3-1-0\" ><div class=\"so-widget-orion_list_w so-widget-orion_list_w-base\"><div class=\"row button-wrap\">\n\t\n\t<div class=\"list-wrap col-md-12\">\n\t\t<ul class=\"no-liststyle size-large\" style=\"background:transparent\">\n\t\t\t\t\n\t\t<li class=\"text-default\" style='color:#000000;'>\n\t\t\t\t\t\t\t<span class=\"icon\">\n\t\t\t\t\t<span class=\"sow-icon-icomoon\" data-sow-icon=\"&#xe942;\"\n\t\tstyle=\"color: #3233ff\" ><\/span>\t\t\t\t<\/span>\n\t\t\t\t\t\t\t91 112 40 03 \/ 633 71 88 12\t\t<\/li>\t\n\n\t\t\t<\/ul>\n\t<\/div>\n<\/div><\/div><\/div><\/div><\/div><div id=\"pgc-5291-3-2\"  class=\"panel-grid-cell panel-grid-cell-mobile-last\" ><div id=\"panel-5291-3-2-0\" class=\"so-panel widget widget_orion_button_w panel-first-child panel-last-child\" data-index=\"4\" ><div class=\"orion default panel-widget-style panel-widget-style-for-5291-3-2-0\" ><div class=\"so-widget-orion_button_w so-widget-orion_button_w-base\">\t<div class=\"wrapper block\" style=\"text-align:center\">\n\n\t\t\t<a class=\"btn btn-c1 btn-flat btn-md\"  href=\"https:\/\/somostraductores.com\/presupuesto\/\">\n\t\t\tEIN ANGEBOT ANFORDERN\t\t\n\t\t<\/a>\n\t\n<\/div>\n<\/div><\/div><\/div><\/div><div id=\"pgc-5291-3-3\"  class=\"panel-grid-cell panel-grid-cell-empty\" ><\/div><\/div><\/div><div id=\"pg-5291-4\"  class=\"panel-grid panel-has-style\" ><div class=\"siteorigin-panels-stretch tablet-default mobile-1-in-row desktop-default overlay-c1 panel-row-style panel-row-style-for-5291-4\" data-stretch-type=\"full\" ><div id=\"pgc-5291-4-0\"  class=\"panel-grid-cell panel-grid-cell-empty\" ><\/div><\/div><\/div><\/div>","protected":false},"excerpt":{"rendered":"<p>Die Wirtschaft hat aus offensichtlichen Gr\u00fcnden schon immer einen entscheidenden Stellenwert in unserem Leben eingenommen, sowohl f\u00fcr gro\u00dfe Unternehmen als auch f\u00fcr Familien. Obwohl es sich um eine universelle Wissenschaft handelt, die auf alle anwendbar ist, ist die \u00dcbertragung von Konzepten im Zusammenhang mit Finanzen in verschiedenen Sprachen nicht immer einfach, da sie oft von<\/p>\n","protected":false},"author":1,"featured_media":0,"parent":0,"menu_order":0,"comment_status":"closed","ping_status":"closed","template":"","meta":[],"yoast_head":"<!-- This site is optimized with the Yoast SEO plugin v15.9.1 - https:\/\/yoast.com\/wordpress\/plugins\/seo\/ -->\n<title>Wirtschaftliche und finanzielle \u00dcbersetzung - Somos Traductores<\/title>\n<meta name=\"robots\" content=\"index, follow, max-snippet:-1, max-image-preview:large, max-video-preview:-1\" \/>\n<link rel=\"canonical\" href=\"https:\/\/somostraductores.com\/de\/wirtschaftliche-und-finanzielle-uebersetzung\/\" \/>\n<meta property=\"og:locale\" content=\"de_DE\" \/>\n<meta property=\"og:type\" content=\"article\" \/>\n<meta property=\"og:title\" content=\"Wirtschaftliche und finanzielle \u00dcbersetzung - Somos Traductores\" \/>\n<meta property=\"og:description\" content=\"Die Wirtschaft hat aus offensichtlichen Gr\u00fcnden schon immer einen entscheidenden Stellenwert in unserem Leben eingenommen, sowohl f\u00fcr gro\u00dfe Unternehmen als auch f\u00fcr Familien. Obwohl es sich um eine universelle Wissenschaft handelt, die auf alle anwendbar ist, ist die \u00dcbertragung von Konzepten im Zusammenhang mit Finanzen in verschiedenen Sprachen nicht immer einfach, da sie oft von\" \/>\n<meta property=\"og:url\" content=\"https:\/\/somostraductores.com\/de\/wirtschaftliche-und-finanzielle-uebersetzung\/\" \/>\n<meta property=\"og:site_name\" content=\"Somos Traductores\" \/>\n<meta property=\"article:modified_time\" content=\"2023-10-27T06:19:15+00:00\" \/>\n<meta name=\"twitter:card\" content=\"summary_large_image\" \/>\n<meta name=\"twitter:label1\" content=\"Gesch\u00e4tzte Lesezeit\">\n\t<meta name=\"twitter:data1\" content=\"1\u00a0Minute\">\n<script type=\"application\/ld+json\" class=\"yoast-schema-graph\">{\"@context\":\"https:\/\/schema.org\",\"@graph\":[{\"@type\":\"WebSite\",\"@id\":\"https:\/\/somostraductores.com\/#website\",\"url\":\"https:\/\/somostraductores.com\/\",\"name\":\"Somos Traductores\",\"description\":\"\",\"potentialAction\":[{\"@type\":\"SearchAction\",\"target\":\"https:\/\/somostraductores.com\/?s={search_term_string}\",\"query-input\":\"required name=search_term_string\"}],\"inLanguage\":\"de\"},{\"@type\":\"WebPage\",\"@id\":\"https:\/\/somostraductores.com\/de\/wirtschaftliche-und-finanzielle-uebersetzung\/#webpage\",\"url\":\"https:\/\/somostraductores.com\/de\/wirtschaftliche-und-finanzielle-uebersetzung\/\",\"name\":\"Wirtschaftliche und finanzielle \\u00dcbersetzung - Somos Traductores\",\"isPartOf\":{\"@id\":\"https:\/\/somostraductores.com\/#website\"},\"datePublished\":\"2020-04-08T08:02:05+00:00\",\"dateModified\":\"2023-10-27T06:19:15+00:00\",\"breadcrumb\":{\"@id\":\"https:\/\/somostraductores.com\/de\/wirtschaftliche-und-finanzielle-uebersetzung\/#breadcrumb\"},\"inLanguage\":\"de\",\"potentialAction\":[{\"@type\":\"ReadAction\",\"target\":[\"https:\/\/somostraductores.com\/de\/wirtschaftliche-und-finanzielle-uebersetzung\/\"]}]},{\"@type\":\"BreadcrumbList\",\"@id\":\"https:\/\/somostraductores.com\/de\/wirtschaftliche-und-finanzielle-uebersetzung\/#breadcrumb\",\"itemListElement\":[{\"@type\":\"ListItem\",\"position\":1,\"item\":{\"@type\":\"WebPage\",\"@id\":\"https:\/\/somostraductores.com\/de\/\",\"url\":\"https:\/\/somostraductores.com\/de\/\",\"name\":\"Portada\"}},{\"@type\":\"ListItem\",\"position\":2,\"item\":{\"@type\":\"WebPage\",\"@id\":\"https:\/\/somostraductores.com\/de\/wirtschaftliche-und-finanzielle-uebersetzung\/\",\"url\":\"https:\/\/somostraductores.com\/de\/wirtschaftliche-und-finanzielle-uebersetzung\/\",\"name\":\"Wirtschaftliche und finanzielle \\u00dcbersetzung\"}}]}]}<\/script>\n<!-- \/ Yoast SEO plugin. -->","_links":{"self":[{"href":"https:\/\/somostraductores.com\/de\/wp-json\/wp\/v2\/pages\/5291"}],"collection":[{"href":"https:\/\/somostraductores.com\/de\/wp-json\/wp\/v2\/pages"}],"about":[{"href":"https:\/\/somostraductores.com\/de\/wp-json\/wp\/v2\/types\/page"}],"author":[{"embeddable":true,"href":"https:\/\/somostraductores.com\/de\/wp-json\/wp\/v2\/users\/1"}],"replies":[{"embeddable":true,"href":"https:\/\/somostraductores.com\/de\/wp-json\/wp\/v2\/comments?post=5291"}],"version-history":[{"count":3,"href":"https:\/\/somostraductores.com\/de\/wp-json\/wp\/v2\/pages\/5291\/revisions"}],"predecessor-version":[{"id":5306,"href":"https:\/\/somostraductores.com\/de\/wp-json\/wp\/v2\/pages\/5291\/revisions\/5306"}],"wp:attachment":[{"href":"https:\/\/somostraductores.com\/de\/wp-json\/wp\/v2\/media?parent=5291"}],"curies":[{"name":"wp","href":"https:\/\/api.w.org\/{rel}","templated":true}]}}