{"id":5315,"date":"2020-04-08T10:14:19","date_gmt":"2020-04-08T08:14:19","guid":{"rendered":"https:\/\/somostraductores.com\/?page_id=5315"},"modified":"2023-10-27T08:30:15","modified_gmt":"2023-10-27T06:30:15","slug":"literarische-uebersetzung","status":"publish","type":"page","link":"https:\/\/somostraductores.com\/de\/literarische-uebersetzung\/","title":{"rendered":"Literarische \u00dcbersetzung"},"content":{"rendered":"<div id=\"pl-5315\"  class=\"panel-layout\" ><div id=\"pg-5315-0\"  class=\"panel-grid panel-has-style\" ><div class=\"tablet-default mobile-1-in-row desktop-default panel-row-style panel-row-style-for-5315-0\" ><div id=\"pgc-5315-0-0\"  class=\"panel-grid-cell\" ><div id=\"panel-5315-0-0-0\" class=\"so-panel widget widget_orion_heading_w panel-first-child panel-last-child\" data-index=\"0\" ><div class=\"orion default panel-widget-style panel-widget-style-for-5315-0-0-0\" ><div class=\"so-widget-orion_heading_w so-widget-orion_heading_w-base\">\n\t\n\t\t\n\t<div class=\"row orion-heading\" style=\"margin-bottom:0px;\">\n\t\t<div class=\"col-md-12  separator-style-2 text-center style-h1 style-text-dark\">\n\t\t\t<h1 class=\"text-dark text-uppercase\">\n\t\t\t\tLiterarische \u00dcbersetzung\t\t\t<\/h1>\n\t\t<\/div>\n\t<\/div>\n\n\t<\/div><\/div><\/div><\/div><\/div><\/div><div id=\"pg-5315-1\"  class=\"panel-grid panel-has-style\" ><div class=\"tablet-default mobile-1-in-row desktop-default panel-row-style panel-row-style-for-5315-1\" ><div id=\"pgc-5315-1-0\"  class=\"panel-grid-cell\" ><div id=\"panel-5315-1-0-0\" class=\"so-panel widget widget_sow-editor panel-first-child panel-last-child\" data-index=\"1\" ><div class=\"orion default panel-widget-style panel-widget-style-for-5315-1-0-0\" ><div class=\"so-widget-sow-editor so-widget-sow-editor-base\">\n<div class=\"siteorigin-widget-tinymce textwidget\">\n\t<p><span style=\"font-weight: 400;\">Die Welt der Literatur war schon immer und ist immer noch in vielf\u00e4ltiger Form aktuell, was \u00dcbersetzungen zu einem unverzichtbaren Werkzeug macht, um literarische und journalistische Werke weltweit bekannt zu machen. Dar\u00fcber hinaus, mit Spanisch als einer der wichtigsten und meistgesprochenen Sprachen heute, ist das Spektrum der \u00dcbersetzungsm\u00f6glichkeiten unermesslich. An diesem Punkt spielt die Rolle des <\/span><b>\u00dcbersetzers<\/b><span style=\"font-weight: 400;\"> als <\/span><b>\u00dcbertragungsmittel<\/b><span style=\"font-weight: 400;\"> eine entscheidende Rolle.<\/span><\/p>\n<p><span style=\"font-weight: 400;\">Die Palette der Dokumente, die in diesem Bereich \u00fcbersetzt werden, ist sehr vielf\u00e4ltig: <\/span><b>Romane, Kurzgeschichten, Essays, Poesie, Theater<\/b><span style=\"font-weight: 400;\">... Dar\u00fcber hinaus werden auch <\/span><b>Schulb\u00fccher, Comics, Zeitschriften<\/b><span style=\"font-weight: 400;\"> und <\/span><b>Journalismus-Artikel<\/b><span style=\"font-weight: 400;\"> aus verschiedenen Fachgebieten \u00fcbersetzt.<\/span><\/p>\n<p><span style=\"font-weight: 400;\">Das Team von SOMOS Traductores besteht aus <\/span><b>professionellen \u00dcbersetzern mit Spezialisierung auf literarische \u00dcbersetzungen<\/b><span style=\"font-weight: 400;\">, die \u00fcber umfangreiche Erfahrung in allen Genres verf\u00fcgen, von <\/span><b>Romanen<\/b><span style=\"font-weight: 400;\"> bis zu <\/span><b>Comics<\/b><span style=\"font-weight: 400;\"> und <\/span><b>Journalismus-Artikeln<\/b><span style=\"font-weight: 400; \"> und die sich nicht nur darauf beschr\u00e4nken, den Inhalt des Originals wiederzugeben, sondern auch bem\u00fcht sind, Form und Stil zu <\/span><b>bewahren<\/b><span style=\"font-weight: 400; \"> - so wichtig in dieser Art von \u00dcbersetzungen.<\/span><\/p>\n<p><span style=\"font-weight: 400;\">Es sei erw\u00e4hnt, dass unsere \u00dcbersetzer auch mit Einzelpersonen arbeiten, die in der literarischen Welt Fu\u00df fassen m\u00f6chten, um ihnen bei der Verbreitung ihres Werks zu helfen.<\/span><\/p>\n<p><span style=\"font-weight: 400;\">Wenn Sie als Profi im literarischen oder journalistischen Bereich ein Dokument oder literarisches Werk \u00fcbersetzen m\u00f6chten, z\u00f6gern Sie nicht, eine <\/span><b>unverbindliche Anfrage<\/b><span style=\"font-weight: 400; \"> zu stellen. SOMOS Traductores: Engagement f\u00fcr Inhalt und Form.<\/span><\/p>\n<\/div>\n<\/div><\/div><\/div><\/div><\/div><\/div><div id=\"pg-5315-2\"  class=\"panel-grid panel-has-style\" ><div class=\"tablet-default mobile-1-in-row desktop-default panel-row-style panel-row-style-for-5315-2\" ><div id=\"pgc-5315-2-0\"  class=\"panel-grid-cell\" ><div id=\"panel-5315-2-0-0\" class=\"so-panel widget widget_orion_empty_space_w panel-first-child panel-last-child\" data-index=\"2\" ><div class=\"orion default panel-widget-style panel-widget-style-for-5315-2-0-0\" ><div class=\"so-widget-orion_empty_space_w so-widget-orion_empty_space_w-base\">\t<div class=\"row empty-space  visible-lg visible-md visible-sm visible-xs\" style=\"height:24px;\">\n\t<\/div><\/div><\/div><\/div><\/div><\/div><\/div><div id=\"pg-5315-3\"  class=\"panel-grid panel-has-style\" ><div class=\"tablet-default mobile-1-in-row desktop-default panel-row-style panel-row-style-for-5315-3\" ><div id=\"pgc-5315-3-0\"  class=\"panel-grid-cell panel-grid-cell-empty\" ><\/div><div id=\"pgc-5315-3-1\"  class=\"panel-grid-cell\" ><div id=\"panel-5315-3-1-0\" class=\"so-panel widget widget_orion_list_w panel-first-child panel-last-child\" data-index=\"3\" ><div class=\"orion default panel-widget-style panel-widget-style-for-5315-3-1-0\" ><div class=\"so-widget-orion_list_w so-widget-orion_list_w-base\"><div class=\"row button-wrap\">\n\t\n\t<div class=\"list-wrap col-md-12\">\n\t\t<ul class=\"no-liststyle size-large\" style=\"background:transparent\">\n\t\t\t\t\n\t\t<li class=\"text-default\" style='color:#000000;'>\n\t\t\t\t\t\t\t<span class=\"icon\">\n\t\t\t\t\t<span class=\"sow-icon-icomoon\" data-sow-icon=\"&#xe942;\"\n\t\tstyle=\"color: #3233ff\" ><\/span>\t\t\t\t<\/span>\n\t\t\t\t\t\t\t91 112 40 03 \/ 633 71 88 12\t\t<\/li>\t\n\n\t\t\t<\/ul>\n\t<\/div>\n<\/div><\/div><\/div><\/div><\/div><div id=\"pgc-5315-3-2\"  class=\"panel-grid-cell panel-grid-cell-mobile-last\" ><div id=\"panel-5315-3-2-0\" class=\"so-panel widget widget_orion_button_w panel-first-child panel-last-child\" data-index=\"4\" ><div class=\"orion default panel-widget-style panel-widget-style-for-5315-3-2-0\" ><div class=\"so-widget-orion_button_w so-widget-orion_button_w-base\">\t<div class=\"wrapper block\" style=\"text-align:center\">\n\n\t\t\t<a class=\"btn btn-c1 btn-flat btn-md\"  href=\"https:\/\/somostraductores.com\/presupuesto\/\">\n\t\t\tEIN ANGEBOT ANFORDERN\t\t\n\t\t<\/a>\n\t\n<\/div>\n<\/div><\/div><\/div><\/div><div id=\"pgc-5315-3-3\"  class=\"panel-grid-cell panel-grid-cell-empty\" ><\/div><\/div><\/div><div id=\"pg-5315-4\"  class=\"panel-grid panel-has-style\" ><div class=\"siteorigin-panels-stretch tablet-default mobile-1-in-row desktop-default overlay-c1 panel-row-style panel-row-style-for-5315-4\" data-stretch-type=\"full\" ><div id=\"pgc-5315-4-0\"  class=\"panel-grid-cell panel-grid-cell-empty\" ><\/div><\/div><\/div><\/div>","protected":false},"excerpt":{"rendered":"<p>Die Welt der Literatur war schon immer und ist immer noch in vielf\u00e4ltiger Form aktuell, was \u00dcbersetzungen zu einem unverzichtbaren Werkzeug macht, um literarische und journalistische Werke weltweit bekannt zu machen. Dar\u00fcber hinaus, mit Spanisch als einer der wichtigsten und meistgesprochenen Sprachen heute, ist das Spektrum der \u00dcbersetzungsm\u00f6glichkeiten unermesslich. An diesem Punkt spielt die Rolle<\/p>\n","protected":false},"author":1,"featured_media":0,"parent":0,"menu_order":0,"comment_status":"closed","ping_status":"closed","template":"","meta":[],"yoast_head":"<!-- This site is optimized with the Yoast SEO plugin v15.9.1 - https:\/\/yoast.com\/wordpress\/plugins\/seo\/ -->\n<title>Literarische \u00dcbersetzung - Somos Traductores<\/title>\n<meta name=\"robots\" content=\"index, follow, max-snippet:-1, max-image-preview:large, max-video-preview:-1\" \/>\n<link rel=\"canonical\" href=\"https:\/\/somostraductores.com\/de\/literarische-uebersetzung\/\" \/>\n<meta property=\"og:locale\" content=\"de_DE\" \/>\n<meta property=\"og:type\" content=\"article\" \/>\n<meta property=\"og:title\" content=\"Literarische \u00dcbersetzung - Somos Traductores\" \/>\n<meta property=\"og:description\" content=\"Die Welt der Literatur war schon immer und ist immer noch in vielf\u00e4ltiger Form aktuell, was \u00dcbersetzungen zu einem unverzichtbaren Werkzeug macht, um literarische und journalistische Werke weltweit bekannt zu machen. Dar\u00fcber hinaus, mit Spanisch als einer der wichtigsten und meistgesprochenen Sprachen heute, ist das Spektrum der \u00dcbersetzungsm\u00f6glichkeiten unermesslich. An diesem Punkt spielt die Rolle\" \/>\n<meta property=\"og:url\" content=\"https:\/\/somostraductores.com\/de\/literarische-uebersetzung\/\" \/>\n<meta property=\"og:site_name\" content=\"Somos Traductores\" \/>\n<meta property=\"article:modified_time\" content=\"2023-10-27T06:30:15+00:00\" \/>\n<meta name=\"twitter:card\" content=\"summary_large_image\" \/>\n<meta name=\"twitter:label1\" content=\"Gesch\u00e4tzte Lesezeit\">\n\t<meta name=\"twitter:data1\" content=\"1\u00a0Minute\">\n<script type=\"application\/ld+json\" class=\"yoast-schema-graph\">{\"@context\":\"https:\/\/schema.org\",\"@graph\":[{\"@type\":\"WebSite\",\"@id\":\"https:\/\/somostraductores.com\/#website\",\"url\":\"https:\/\/somostraductores.com\/\",\"name\":\"Somos Traductores\",\"description\":\"\",\"potentialAction\":[{\"@type\":\"SearchAction\",\"target\":\"https:\/\/somostraductores.com\/?s={search_term_string}\",\"query-input\":\"required name=search_term_string\"}],\"inLanguage\":\"de\"},{\"@type\":\"WebPage\",\"@id\":\"https:\/\/somostraductores.com\/de\/literarische-uebersetzung\/#webpage\",\"url\":\"https:\/\/somostraductores.com\/de\/literarische-uebersetzung\/\",\"name\":\"Literarische \\u00dcbersetzung - Somos Traductores\",\"isPartOf\":{\"@id\":\"https:\/\/somostraductores.com\/#website\"},\"datePublished\":\"2020-04-08T08:14:19+00:00\",\"dateModified\":\"2023-10-27T06:30:15+00:00\",\"breadcrumb\":{\"@id\":\"https:\/\/somostraductores.com\/de\/literarische-uebersetzung\/#breadcrumb\"},\"inLanguage\":\"de\",\"potentialAction\":[{\"@type\":\"ReadAction\",\"target\":[\"https:\/\/somostraductores.com\/de\/literarische-uebersetzung\/\"]}]},{\"@type\":\"BreadcrumbList\",\"@id\":\"https:\/\/somostraductores.com\/de\/literarische-uebersetzung\/#breadcrumb\",\"itemListElement\":[{\"@type\":\"ListItem\",\"position\":1,\"item\":{\"@type\":\"WebPage\",\"@id\":\"https:\/\/somostraductores.com\/de\/\",\"url\":\"https:\/\/somostraductores.com\/de\/\",\"name\":\"Portada\"}},{\"@type\":\"ListItem\",\"position\":2,\"item\":{\"@type\":\"WebPage\",\"@id\":\"https:\/\/somostraductores.com\/de\/literarische-uebersetzung\/\",\"url\":\"https:\/\/somostraductores.com\/de\/literarische-uebersetzung\/\",\"name\":\"Literarische \\u00dcbersetzung\"}}]}]}<\/script>\n<!-- \/ Yoast SEO plugin. -->","_links":{"self":[{"href":"https:\/\/somostraductores.com\/de\/wp-json\/wp\/v2\/pages\/5315"}],"collection":[{"href":"https:\/\/somostraductores.com\/de\/wp-json\/wp\/v2\/pages"}],"about":[{"href":"https:\/\/somostraductores.com\/de\/wp-json\/wp\/v2\/types\/page"}],"author":[{"embeddable":true,"href":"https:\/\/somostraductores.com\/de\/wp-json\/wp\/v2\/users\/1"}],"replies":[{"embeddable":true,"href":"https:\/\/somostraductores.com\/de\/wp-json\/wp\/v2\/comments?post=5315"}],"version-history":[{"count":3,"href":"https:\/\/somostraductores.com\/de\/wp-json\/wp\/v2\/pages\/5315\/revisions"}],"predecessor-version":[{"id":5326,"href":"https:\/\/somostraductores.com\/de\/wp-json\/wp\/v2\/pages\/5315\/revisions\/5326"}],"wp:attachment":[{"href":"https:\/\/somostraductores.com\/de\/wp-json\/wp\/v2\/media?parent=5315"}],"curies":[{"name":"wp","href":"https:\/\/api.w.org\/{rel}","templated":true}]}}