{"id":5317,"date":"2020-04-08T10:21:41","date_gmt":"2020-04-08T08:21:41","guid":{"rendered":"https:\/\/somostraductores.com\/?page_id=5317"},"modified":"2023-10-27T08:36:29","modified_gmt":"2023-10-27T06:36:29","slug":"technische-uebersetzung","status":"publish","type":"page","link":"https:\/\/somostraductores.com\/de\/technische-uebersetzung\/","title":{"rendered":"Technische \u00dcbersetzung"},"content":{"rendered":"<div id=\"pl-5317\"  class=\"panel-layout\" ><div id=\"pg-5317-0\"  class=\"panel-grid panel-has-style\" ><div class=\"tablet-default mobile-1-in-row desktop-default panel-row-style panel-row-style-for-5317-0\" ><div id=\"pgc-5317-0-0\"  class=\"panel-grid-cell\" ><div id=\"panel-5317-0-0-0\" class=\"so-panel widget widget_orion_heading_w panel-first-child panel-last-child\" data-index=\"0\" ><div class=\"orion default panel-widget-style panel-widget-style-for-5317-0-0-0\" ><div class=\"so-widget-orion_heading_w so-widget-orion_heading_w-base\">\n\t\n\t\t\n\t<div class=\"row orion-heading\" style=\"margin-bottom:0px;\">\n\t\t<div class=\"col-md-12  separator-style-2 text-center style-h1 style-text-dark\">\n\t\t\t<h1 class=\"text-dark text-uppercase\">\n\t\t\t\tTechnische \u00dcbersetzung\t\t\t<\/h1>\n\t\t<\/div>\n\t<\/div>\n\n\t<\/div><\/div><\/div><\/div><\/div><\/div><div id=\"pg-5317-1\"  class=\"panel-grid panel-has-style\" ><div class=\"tablet-default mobile-1-in-row desktop-default panel-row-style panel-row-style-for-5317-1\" ><div id=\"pgc-5317-1-0\"  class=\"panel-grid-cell\" ><div id=\"panel-5317-1-0-0\" class=\"so-panel widget widget_sow-editor panel-first-child panel-last-child\" data-index=\"1\" ><div class=\"orion default panel-widget-style panel-widget-style-for-5317-1-0-0\" ><div class=\"so-widget-sow-editor so-widget-sow-editor-base\">\n<div class=\"siteorigin-widget-tinymce textwidget\">\n\t<p><span style=\"font-weight: 400;\">Das Gebiet der Fach\u00fcbersetzung umfasst eine breite Palette von <\/span><b>Industrie- und Fachbereichen<\/b><span style=\"font-weight: 400;\">, in denen das Verst\u00e4ndnis der <\/span><b>fachspezifischen Terminologie<\/b><span style=\"font-weight: 400;\"> von entscheidender Bedeutung ist, um sicherzustellen, dass die Botschaft genau bei den Empf\u00e4ngern ankommt. Bei SOMOS Traductores sind wir bereit, uns dieser Herausforderung zu stellen, dank unseres Teams von <\/span><b>Fach\u00fcbersetzern<\/b><span style=\"font-weight: 400; \">mit Kenntnissen in all diesen Bereichen.<\/span><\/p>\n<p><span style=\"font-weight: 400;\">Unsere spezialisierten \u00dcbersetzer arbeiten mit Dokumenten wie <\/span><b>Projektstudien und \u00c4nderungen, Bedienungsanleitungen und Anweisungen, Sachverst\u00e4ndigengutachten<\/b><span style=\"font-weight: 400;\">, usw. in den Bereichen <\/span><b>Ingenieurwesen<\/b><span style=\"font-weight: 400; \"> , <\/span><b>Umwelt<\/b><span style=\"font-weight: 400; \"> und anderen technischen Branchen. Die \u00dcbersetzung dieser Art von Dokumenten, wie Handb\u00fccher, ist entscheidend, damit Benutzer auf der ganzen Welt das Funktionieren von Maschinen und Instrumenten verstehen k\u00f6nnen.<\/span><\/p>\n<p><span style=\"font-weight: 400;\">Wir arbeiten mit nationalen und internationalen <\/span><b>Unternehmen<\/b><span style=\"font-weight: 400;\"> aus den unterschiedlichsten Branchen wie dem <\/span><b>Gesundheitswesen<\/b><span style=\"font-weight: 400;\">, der <\/span><b>Pharmazie<\/b><span style=\"font-weight: 400; \"> , der <\/span><b>Chemie<\/b><span style=\"font-weight: 400; \"> und der <\/span><b>Energie<\/b><span style=\"font-weight: 400;\">, unter anderem. Unsere \u00dcbersetzer sind bereit und geschult, mit <\/span><b>hochspezialisierten Unternehmen<\/b><span style=\"font-weight: 400;\"> zu arbeiten.<\/span><\/p>\n<p><span style=\"font-weight: 400;\">Wir stehen Ihnen zur Verf\u00fcgung, um Fragen zu kl\u00e4ren und Ihnen ein <\/span><b>unverbindliches Angebot<\/b><span style=\"font-weight: 400;\"> zu unterbreiten. \u00dcberwinden Sie Sprachbarrieren mit SOMOS Traductores!<\/span><\/p>\n<\/div>\n<\/div><\/div><\/div><\/div><\/div><\/div><div id=\"pg-5317-2\"  class=\"panel-grid panel-has-style\" ><div class=\"tablet-default mobile-1-in-row desktop-default panel-row-style panel-row-style-for-5317-2\" ><div id=\"pgc-5317-2-0\"  class=\"panel-grid-cell\" ><div id=\"panel-5317-2-0-0\" class=\"so-panel widget widget_orion_empty_space_w panel-first-child panel-last-child\" data-index=\"2\" ><div class=\"orion default panel-widget-style panel-widget-style-for-5317-2-0-0\" ><div class=\"so-widget-orion_empty_space_w so-widget-orion_empty_space_w-base\">\t<div class=\"row empty-space  visible-lg visible-md visible-sm visible-xs\" style=\"height:24px;\">\n\t<\/div><\/div><\/div><\/div><\/div><\/div><\/div><div id=\"pg-5317-3\"  class=\"panel-grid panel-has-style\" ><div class=\"tablet-default mobile-1-in-row desktop-default panel-row-style panel-row-style-for-5317-3\" ><div id=\"pgc-5317-3-0\"  class=\"panel-grid-cell panel-grid-cell-empty\" ><\/div><div id=\"pgc-5317-3-1\"  class=\"panel-grid-cell\" ><div id=\"panel-5317-3-1-0\" class=\"so-panel widget widget_orion_list_w panel-first-child panel-last-child\" data-index=\"3\" ><div class=\"orion default panel-widget-style panel-widget-style-for-5317-3-1-0\" ><div class=\"so-widget-orion_list_w so-widget-orion_list_w-base\"><div class=\"row button-wrap\">\n\t\n\t<div class=\"list-wrap col-md-12\">\n\t\t<ul class=\"no-liststyle size-large\" style=\"background:transparent\">\n\t\t\t\t\n\t\t<li class=\"text-default\" style='color:#000000;'>\n\t\t\t\t\t\t\t<span class=\"icon\">\n\t\t\t\t\t<span class=\"sow-icon-icomoon\" data-sow-icon=\"&#xe942;\"\n\t\tstyle=\"color: #3233ff\" ><\/span>\t\t\t\t<\/span>\n\t\t\t\t\t\t\t91 112 40 03 \/ 633 71 88 12\t\t<\/li>\t\n\n\t\t\t<\/ul>\n\t<\/div>\n<\/div><\/div><\/div><\/div><\/div><div id=\"pgc-5317-3-2\"  class=\"panel-grid-cell panel-grid-cell-mobile-last\" ><div id=\"panel-5317-3-2-0\" class=\"so-panel widget widget_orion_button_w panel-first-child panel-last-child\" data-index=\"4\" ><div class=\"orion default panel-widget-style panel-widget-style-for-5317-3-2-0\" ><div class=\"so-widget-orion_button_w so-widget-orion_button_w-base\">\t<div class=\"wrapper block\" style=\"text-align:center\">\n\n\t\t\t<a class=\"btn btn-c1 btn-flat btn-md\"  href=\"https:\/\/somostraductores.com\/presupuesto\/\">\n\t\t\tEIN ANGEBOT ANFORDERN\t\t\n\t\t<\/a>\n\t\n<\/div>\n<\/div><\/div><\/div><\/div><div id=\"pgc-5317-3-3\"  class=\"panel-grid-cell panel-grid-cell-empty\" ><\/div><\/div><\/div><div id=\"pg-5317-4\"  class=\"panel-grid panel-has-style\" ><div class=\"siteorigin-panels-stretch tablet-default mobile-1-in-row desktop-default overlay-c1 panel-row-style panel-row-style-for-5317-4\" data-stretch-type=\"full\" ><div id=\"pgc-5317-4-0\"  class=\"panel-grid-cell panel-grid-cell-empty\" ><\/div><\/div><\/div><\/div>","protected":false},"excerpt":{"rendered":"<p>Das Gebiet der Fach\u00fcbersetzung umfasst eine breite Palette von Industrie- und Fachbereichen, in denen das Verst\u00e4ndnis der fachspezifischen Terminologie von entscheidender Bedeutung ist, um sicherzustellen, dass die Botschaft genau bei den Empf\u00e4ngern ankommt. Bei SOMOS Traductores sind wir bereit, uns dieser Herausforderung zu stellen, dank unseres Teams von Fach\u00fcbersetzernmit Kenntnissen in all diesen Bereichen. Unsere<\/p>\n","protected":false},"author":1,"featured_media":0,"parent":0,"menu_order":0,"comment_status":"closed","ping_status":"closed","template":"","meta":[],"yoast_head":"<!-- This site is optimized with the Yoast SEO plugin v15.9.1 - https:\/\/yoast.com\/wordpress\/plugins\/seo\/ -->\n<title>Technische \u00dcbersetzung - Somos Traductores<\/title>\n<meta name=\"robots\" content=\"index, follow, max-snippet:-1, max-image-preview:large, max-video-preview:-1\" \/>\n<link rel=\"canonical\" href=\"https:\/\/somostraductores.com\/de\/technische-uebersetzung\/\" \/>\n<meta property=\"og:locale\" content=\"de_DE\" \/>\n<meta property=\"og:type\" content=\"article\" \/>\n<meta property=\"og:title\" content=\"Technische \u00dcbersetzung - Somos Traductores\" \/>\n<meta property=\"og:description\" content=\"Das Gebiet der Fach\u00fcbersetzung umfasst eine breite Palette von Industrie- und Fachbereichen, in denen das Verst\u00e4ndnis der fachspezifischen Terminologie von entscheidender Bedeutung ist, um sicherzustellen, dass die Botschaft genau bei den Empf\u00e4ngern ankommt. Bei SOMOS Traductores sind wir bereit, uns dieser Herausforderung zu stellen, dank unseres Teams von Fach\u00fcbersetzernmit Kenntnissen in all diesen Bereichen. Unsere\" \/>\n<meta property=\"og:url\" content=\"https:\/\/somostraductores.com\/de\/technische-uebersetzung\/\" \/>\n<meta property=\"og:site_name\" content=\"Somos Traductores\" \/>\n<meta property=\"article:modified_time\" content=\"2023-10-27T06:36:29+00:00\" \/>\n<meta name=\"twitter:card\" content=\"summary_large_image\" \/>\n<meta name=\"twitter:label1\" content=\"Gesch\u00e4tzte Lesezeit\">\n\t<meta name=\"twitter:data1\" content=\"1\u00a0Minute\">\n<script type=\"application\/ld+json\" class=\"yoast-schema-graph\">{\"@context\":\"https:\/\/schema.org\",\"@graph\":[{\"@type\":\"WebSite\",\"@id\":\"https:\/\/somostraductores.com\/#website\",\"url\":\"https:\/\/somostraductores.com\/\",\"name\":\"Somos Traductores\",\"description\":\"\",\"potentialAction\":[{\"@type\":\"SearchAction\",\"target\":\"https:\/\/somostraductores.com\/?s={search_term_string}\",\"query-input\":\"required name=search_term_string\"}],\"inLanguage\":\"de\"},{\"@type\":\"WebPage\",\"@id\":\"https:\/\/somostraductores.com\/de\/technische-uebersetzung\/#webpage\",\"url\":\"https:\/\/somostraductores.com\/de\/technische-uebersetzung\/\",\"name\":\"Technische \\u00dcbersetzung - Somos Traductores\",\"isPartOf\":{\"@id\":\"https:\/\/somostraductores.com\/#website\"},\"datePublished\":\"2020-04-08T08:21:41+00:00\",\"dateModified\":\"2023-10-27T06:36:29+00:00\",\"breadcrumb\":{\"@id\":\"https:\/\/somostraductores.com\/de\/technische-uebersetzung\/#breadcrumb\"},\"inLanguage\":\"de\",\"potentialAction\":[{\"@type\":\"ReadAction\",\"target\":[\"https:\/\/somostraductores.com\/de\/technische-uebersetzung\/\"]}]},{\"@type\":\"BreadcrumbList\",\"@id\":\"https:\/\/somostraductores.com\/de\/technische-uebersetzung\/#breadcrumb\",\"itemListElement\":[{\"@type\":\"ListItem\",\"position\":1,\"item\":{\"@type\":\"WebPage\",\"@id\":\"https:\/\/somostraductores.com\/de\/\",\"url\":\"https:\/\/somostraductores.com\/de\/\",\"name\":\"Portada\"}},{\"@type\":\"ListItem\",\"position\":2,\"item\":{\"@type\":\"WebPage\",\"@id\":\"https:\/\/somostraductores.com\/de\/technische-uebersetzung\/\",\"url\":\"https:\/\/somostraductores.com\/de\/technische-uebersetzung\/\",\"name\":\"Technische \\u00dcbersetzung\"}}]}]}<\/script>\n<!-- \/ Yoast SEO plugin. -->","_links":{"self":[{"href":"https:\/\/somostraductores.com\/de\/wp-json\/wp\/v2\/pages\/5317"}],"collection":[{"href":"https:\/\/somostraductores.com\/de\/wp-json\/wp\/v2\/pages"}],"about":[{"href":"https:\/\/somostraductores.com\/de\/wp-json\/wp\/v2\/types\/page"}],"author":[{"embeddable":true,"href":"https:\/\/somostraductores.com\/de\/wp-json\/wp\/v2\/users\/1"}],"replies":[{"embeddable":true,"href":"https:\/\/somostraductores.com\/de\/wp-json\/wp\/v2\/comments?post=5317"}],"version-history":[{"count":3,"href":"https:\/\/somostraductores.com\/de\/wp-json\/wp\/v2\/pages\/5317\/revisions"}],"predecessor-version":[{"id":5334,"href":"https:\/\/somostraductores.com\/de\/wp-json\/wp\/v2\/pages\/5317\/revisions\/5334"}],"wp:attachment":[{"href":"https:\/\/somostraductores.com\/de\/wp-json\/wp\/v2\/media?parent=5317"}],"curies":[{"name":"wp","href":"https:\/\/api.w.org\/{rel}","templated":true}]}}