{"id":4998,"date":"2020-10-14T15:34:49","date_gmt":"2020-10-14T13:34:49","guid":{"rendered":"https:\/\/somostraductores.com\/budget2\/"},"modified":"2020-10-14T15:34:49","modified_gmt":"2020-10-14T13:34:49","slug":"budget2","status":"publish","type":"page","link":"https:\/\/somostraductores.com\/en\/budget2\/","title":{"rendered":"Budget2"},"content":{"rendered":"<div id=\"pl-4998\"  class=\"panel-layout\" ><div id=\"pg-4998-0\"  class=\"panel-grid panel-has-style\" ><div class=\"tablet-default mobile-1-in-row desktop-default panel-row-style panel-row-style-for-4998-0\" ><div id=\"pgc-4998-0-0\"  class=\"panel-grid-cell\" ><div id=\"panel-4998-0-0-0\" class=\"so-panel widget widget_orion_heading_w panel-first-child panel-last-child\" data-index=\"0\" ><div class=\"orion default panel-widget-style panel-widget-style-for-4998-0-0-0\" ><div class=\"so-widget-orion_heading_w so-widget-orion_heading_w-base\">\n\t\n\t\t\n\t<div class=\"row orion-heading\" style=\"margin-bottom:0px;\">\n\t\t<div class=\"col-md-12  separator-style-2 text-center style-h2 style-text-dark\">\n\t\t\t<h2 class=\"text-dark text-uppercase\">\n\t\t\t\tSOLICITA PRESUPUESTO\t\t\t<\/h2>\n\t\t<\/div>\n\t<\/div>\n\n\t<\/div><\/div><\/div><\/div><\/div><\/div><div id=\"pg-4998-1\"  class=\"panel-grid panel-has-style\" ><div class=\"tablet-default mobile-1-in-row desktop-default panel-row-style panel-row-style-for-4998-1\" ><div id=\"pgc-4998-1-0\"  class=\"panel-grid-cell panel-grid-cell-empty\" ><\/div><div id=\"pgc-4998-1-1\"  class=\"panel-grid-cell panel-grid-cell-mobile-last\" ><div id=\"panel-4998-1-1-0\" class=\"so-panel widget widget_orion_image_w panel-first-child panel-last-child\" data-index=\"1\" ><div class=\"orion default panel-widget-style panel-widget-style-for-4998-1-1-0\" ><div class=\"so-widget-orion_image_w so-widget-orion_image_w-base\">\n<div class=\"image-w relative\">\n\n\t\t\t\t\n\t\t\t\t\t<div class=\"orion_carousel overlay-none overlay-hover-none\">\n\t\t\t\t\t<img width=\"632\" height=\"53\" src=\"https:\/\/somostraductores.com\/wp-content\/uploads\/2020\/10\/banderas.png\" class=\"attachment-orion_carousel size-orion_carousel\" alt=\"\" loading=\"lazy\" \/>\t\t\t<div class=\"overlay\"><\/div>\n\t\t\t\t\t<\/div>\n\t\t\t\n\t\n\t<div class=\"absolute\">\n\t\t<div class=\"hover-desc table-wrap\">\n\t\t\t<div class=\"cell-wrap\">\n\t\t\t\t<h4 class=\"text-light\"><\/h4>\n\t\t\t<\/div>\n\t\t<\/div>\n\t<\/div>\t\t\t\t\t\n<\/div>\n\n<\/div><\/div><\/div><\/div><div id=\"pgc-4998-1-2\"  class=\"panel-grid-cell panel-grid-cell-empty\" ><\/div><\/div><\/div><div id=\"pg-4998-2\"  class=\"panel-grid panel-has-style\" ><div class=\"siteorigin-panels-stretch tablet-default mobile-1-in-row desktop-default overlay-light panel-row-style panel-row-style-for-4998-2\" style=\"background-position: center center; background-repeat: no-repeat; background-size:cover;\" data-stretch-type=\"full\" ><div id=\"pgc-4998-2-0\"  class=\"panel-grid-cell\" ><div id=\"panel-4998-2-0-0\" class=\"so-panel widget widget_text panel-first-child\" data-index=\"2\" ><div class=\"orion remove-margin-mobile default panel-widget-style panel-widget-style-for-4998-2-0-0\" >\t\t\t<div class=\"textwidget\"><h6 class=\"item-title\"><img loading=\"lazy\" class=\"alignnone size-full wp-image-4274\" src=\"https:\/\/somostraductores.com\/wp-content\/uploads\/2020\/10\/icon-phone.png\" alt=\"\" width=\"48\" height=\"48\">  91 112 40 03 \/ 633 71 88 12<\/h6>\n<\/div>\n\t\t<\/div><\/div><div id=\"panel-4998-2-0-1\" class=\"so-panel widget widget_sow-features\" data-index=\"3\" ><div class=\"orion remove-margin-mobile default panel-widget-style panel-widget-style-for-4998-2-0-1\" ><div class=\"so-widget-sow-features so-widget-sow-features-default-7673eb23408a\">\n<div class=\"sow-features-list sow-features-responsive\">\n\n\t\t\t\n\t\t\t<div class=\"sow-features-feature sow-icon-container-position-right sow-features-feature-last-row\" style=\"width: 33.333%\">\n\n\t\t\t\t\t\t\t\t<div\n\t\t\t\t\tclass=\"sow-icon-container sow-container-square\"\n                    style=\"color: #3233ff; \"\n\t\t\t\t\t>\n\t\t\t\t\t<span class=\"sow-icon-fontawesome sow-fas\" data-sow-icon=\"&#xf0e0;\"\n\t\tstyle=\"font-size: 20px; color: #FFFFFF\" ><\/span>\t\t\t\t<\/div>\n\t\t\t\t\n\t\t\t\t<div class=\"textwidget\">\n\t\t\t\t\t\n\t\t\t\t\t\t\t\t\t\t\t<p>info@somostraductores.com<\/p>\n\t\t\t\t\t\n\t\t\t\t\t\t\t\t\t<\/div>\n\t\t\t<\/div>\n\n\t\t\t\n<\/div>\n<\/div><\/div><\/div><div id=\"panel-4998-2-0-2\" class=\"so-panel widget widget_text\" data-index=\"4\" ><div class=\"orion remove-margin-mobile default panel-widget-style panel-widget-style-for-4998-2-0-2\" >\t\t\t<div class=\"textwidget\"><h6 class=\"item-title\"><img loading=\"lazy\" class=\"wp-image-4275 size-full alignleft\" src=\"https:\/\/somostraductores.com\/wp-content\/uploads\/2020\/10\/icon-mail.png\" alt=\"\" width=\"48\" height=\"48\"><\/h6>\n<p><h7 class=\"item-title\">info@somostraductores.com<\/h7><\/p>\n<div class=\"icon-wrap absolute text-left square\"><\/div>\n<\/div>\n\t\t<\/div><\/div><div id=\"panel-4998-2-0-3\" class=\"so-panel widget widget_orion_empty_space_w panel-last-child\" data-index=\"5\" ><div class=\"orion default panel-widget-style panel-widget-style-for-4998-2-0-3\" ><div class=\"so-widget-orion_empty_space_w so-widget-orion_empty_space_w-base\">\t<div class=\"row empty-space  visible-lg visible-md visible-sm visible-xs\" style=\"height:24px;\">\n\t<\/div><\/div><\/div><\/div><\/div><div id=\"pgc-4998-2-1\"  class=\"panel-grid-cell\" ><div id=\"panel-4998-2-1-0\" class=\"so-panel widget widget_orion_cf7_w panel-first-child panel-last-child\" data-index=\"6\" ><div class=\"orion default panel-widget-style panel-widget-style-for-4998-2-1-0\" ><div class=\"so-widget-orion_cf7_w so-widget-orion_cf7_w-base\">\n\n<div role=\"form\" class=\"wpcf7\" id=\"wpcf7-f2133-o1\" lang=\"es-ES\" dir=\"ltr\">\n<div class=\"screen-reader-response\"><p role=\"status\" aria-live=\"polite\" aria-atomic=\"true\"><\/p> <ul><\/ul><\/div>\n<form action=\"\/en\/wp-json\/wp\/v2\/pages\/4998#wpcf7-f2133-o1\" method=\"post\" class=\"wpcf7-form init\" novalidate=\"novalidate\" data-status=\"init\">\n<div style=\"display: none;\">\n<input type=\"hidden\" name=\"_wpcf7\" value=\"2133\" \/>\n<input type=\"hidden\" name=\"_wpcf7_version\" value=\"5.4\" \/>\n<input type=\"hidden\" name=\"_wpcf7_locale\" value=\"es_ES\" \/>\n<input type=\"hidden\" name=\"_wpcf7_unit_tag\" value=\"wpcf7-f2133-o1\" \/>\n<input type=\"hidden\" name=\"_wpcf7_container_post\" value=\"0\" \/>\n<input type=\"hidden\" name=\"_wpcf7_posted_data_hash\" value=\"\" \/>\n<\/div>\n<div class=\"cf7-form row\">\n<div class=\"col-md-6 name\"><span class=\"wpcf7-form-control-wrap text-name\"><input type=\"text\" name=\"text-name\" value=\"\" size=\"40\" class=\"wpcf7-form-control wpcf7-text wpcf7-validates-as-required\" aria-required=\"true\" aria-invalid=\"false\" placeholder=\"Nombre\" \/><\/span><\/div>\n<div class=\"col-md-6 text\"><span class=\"wpcf7-form-control-wrap textarea\"><input type=\"text\" name=\"textarea\" value=\"\" size=\"40\" class=\"wpcf7-form-control wpcf7-text\" aria-invalid=\"false\" placeholder=\"Empresa\" \/><\/span><\/div>\n<div class=\"col-md-6 email\"><span class=\"wpcf7-form-control-wrap email-777\"><input type=\"email\" name=\"email-777\" value=\"\" size=\"40\" class=\"wpcf7-form-control wpcf7-text wpcf7-email wpcf7-validates-as-required wpcf7-validates-as-email\" aria-required=\"true\" aria-invalid=\"false\" placeholder=\"E-mail\" \/><\/span><\/div>\n<div class=\"col-md-6 phone\"><span class=\"wpcf7-form-control-wrap text-phone\"><input type=\"text\" name=\"text-phone\" value=\"\" size=\"40\" class=\"wpcf7-form-control wpcf7-text\" aria-invalid=\"false\" placeholder=\"Tel\u00e9fono\" \/><\/span><\/div>\n<div class=\"col-md-6 idioma\">Idioma de origen (puedes seleccionar varios idiomas)<span class=\"wpcf7-form-control-wrap menu-722\"><select name=\"menu-722[]\" class=\"wpcf7-form-control wpcf7-select\" aria-invalid=\"false\" multiple=\"multiple\"><option value=\"Alem\u00e1n\">Alem\u00e1n<\/option><option value=\"\u00c1rabe\">\u00c1rabe<\/option><option value=\"Chino\">Chino<\/option><option value=\"Espa\u00f1ol\">Espa\u00f1ol<\/option><option value=\"Franc\u00e9s\">Franc\u00e9s<\/option><option value=\"Japon\u00e9s\">Japon\u00e9s<\/option><option value=\"Holand\u00e9s\">Holand\u00e9s<\/option><option value=\"Ingl\u00e9s\">Ingl\u00e9s<\/option><option value=\"Italiano\">Italiano<\/option><option value=\"Portugu\u00e9s\">Portugu\u00e9s<\/option><option value=\"Rumano\">Rumano<\/option><option value=\"Ruso\">Ruso<\/option><option value=\"Otro\">Otro<\/option><\/select><\/span><\/div>\n<div class=\"col-md-6 idioma\"> Idioma de destino (puedes seleccionar varios idiomas)<span class=\"wpcf7-form-control-wrap menu-695\"><select name=\"menu-695[]\" class=\"wpcf7-form-control wpcf7-select\" aria-invalid=\"false\" multiple=\"multiple\"><option value=\"Alem\u00e1n\">Alem\u00e1n<\/option><option value=\"\u00c1rabe\">\u00c1rabe<\/option><option value=\"Chino\">Chino<\/option><option value=\"Espa\u00f1ol\">Espa\u00f1ol<\/option><option value=\"Franc\u00e9s\">Franc\u00e9s<\/option><option value=\"Japon\u00e9s\">Japon\u00e9s<\/option><option value=\"Holand\u00e9s\">Holand\u00e9s<\/option><option value=\"Ingl\u00e9s\">Ingl\u00e9s<\/option><option value=\"Italiano\">Italiano<\/option><option value=\"Portugu\u00e9s\">Portugu\u00e9s<\/option><option value=\"Rumano\">Rumano<\/option><option value=\"Ruso\">Ruso<\/option><option value=\"Otro\">Otro<\/option><\/select><\/span><\/div>\n<div class=\"col-md-12\"><span class=\"wpcf7-form-control-wrap textarea-notes\"><textarea name=\"textarea-notes\" cols=\"40\" rows=\"10\" class=\"wpcf7-form-control wpcf7-textarea wpcf7-validates-as-required\" aria-required=\"true\" aria-invalid=\"false\" placeholder=\"Escribe tu mensaje\"><\/textarea><\/span><\/div>\n<div class=\"col-md-12\"><span class=\"wpcf7-form-control-wrap\" data-name=\"upload-file-258\"><input type=\"file\" size=\"40\" class=\"wpcf7-form-control wpcf7-drag-n-drop-file d-none\" aria-invalid=\"false\" multiple=\"multiple\" data-name=\"upload-file-258\" data-type=\"pdf|doc|docx|xls|xlsx|ppt|pptx|zip|rar\" data-max=\"20\" data-id=\"2133\" data-version=\"free version 1.3.7.5\" accept=\".pdf, .doc, .docx, .xls, .xlsx, .ppt, .pptx, .zip, .rar\" \/><\/span><\/div>\n<div><center>*Formatos admitidos: PDF, .doc, .xls, .xlsx, .ppt y archivos comprimidos (ZIP, RAR)<\/center><\/div>\n<p><br><\/p>\n<div class=\"col-md-12 text-center\"><input type=\"submit\" value=\"Enviar\" class=\"wpcf7-form-control wpcf7-submit btn btn-c1 btn-md\" \/><\/div>\n<\/div>\n<div class=\"wpcf7-response-output\" aria-hidden=\"true\"><\/div><\/form><\/div><\/div><\/div><\/div><\/div><\/div><\/div><div id=\"pg-4998-3\"  class=\"panel-grid panel-has-style\" ><div class=\"siteorigin-panels-stretch tablet-default mobile-1-in-row desktop-default overlay-light panel-row-style panel-row-style-for-4998-3\" style=\"background-position: center center; background-repeat: no-repeat; background-size:cover;\" data-stretch-type=\"full\" ><div id=\"pgc-4998-3-0\"  class=\"panel-grid-cell panel-grid-cell-empty\" ><\/div><\/div><\/div><\/div>","protected":false},"excerpt":{"rendered":"<p>SOLICITA PRESUPUESTO 91 112 40 03 \/ 633 71 88 12 info@somostraductores.com info@somostraductores.com Idioma de origen (puedes seleccionar varios idiomas)Alem\u00e1n\u00c1rabeChinoEspa\u00f1olFranc\u00e9sJapon\u00e9sHoland\u00e9sIngl\u00e9sItalianoPortugu\u00e9sRumanoRusoOtro Idioma de destino (puedes seleccionar varios idiomas)Alem\u00e1n\u00c1rabeChinoEspa\u00f1olFranc\u00e9sJapon\u00e9sHoland\u00e9sIngl\u00e9sItalianoPortugu\u00e9sRumanoRusoOtro *Formatos admitidos: PDF, .doc, .xls, .xlsx, .ppt y archivos comprimidos (ZIP, RAR)<\/p>\n","protected":false},"author":1,"featured_media":0,"parent":0,"menu_order":0,"comment_status":"closed","ping_status":"closed","template":"","meta":[],"yoast_head":"<!-- This site is optimized with the Yoast SEO plugin v15.9.1 - https:\/\/yoast.com\/wordpress\/plugins\/seo\/ -->\n<title>Budget2 - SOMOS Traductores<\/title>\n<meta name=\"robots\" content=\"index, follow, max-snippet:-1, max-image-preview:large, max-video-preview:-1\" \/>\n<link rel=\"canonical\" href=\"https:\/\/somostraductores.com\/en\/budget2\/\" \/>\n<meta property=\"og:locale\" content=\"en_US\" \/>\n<meta property=\"og:type\" content=\"article\" \/>\n<meta property=\"og:title\" content=\"Budget2 - SOMOS Traductores\" \/>\n<meta property=\"og:description\" content=\"SOLICITA PRESUPUESTO 91 112 40 03 \/ 633 71 88 12 info@somostraductores.com info@somostraductores.com Idioma de origen (puedes seleccionar varios idiomas)Alem\u00e1n\u00c1rabeChinoEspa\u00f1olFranc\u00e9sJapon\u00e9sHoland\u00e9sIngl\u00e9sItalianoPortugu\u00e9sRumanoRusoOtro Idioma de destino (puedes seleccionar varios idiomas)Alem\u00e1n\u00c1rabeChinoEspa\u00f1olFranc\u00e9sJapon\u00e9sHoland\u00e9sIngl\u00e9sItalianoPortugu\u00e9sRumanoRusoOtro *Formatos admitidos: PDF, .doc, .xls, .xlsx, .ppt y archivos comprimidos (ZIP, RAR)\" \/>\n<meta property=\"og:url\" content=\"https:\/\/somostraductores.com\/en\/budget2\/\" \/>\n<meta property=\"og:site_name\" content=\"Somos Traductores\" \/>\n<meta name=\"twitter:card\" content=\"summary_large_image\" \/>\n<script type=\"application\/ld+json\" class=\"yoast-schema-graph\">{\"@context\":\"https:\/\/schema.org\",\"@graph\":[{\"@type\":\"WebSite\",\"@id\":\"https:\/\/somostraductores.com\/#website\",\"url\":\"https:\/\/somostraductores.com\/\",\"name\":\"Somos Traductores\",\"description\":\"\",\"potentialAction\":[{\"@type\":\"SearchAction\",\"target\":\"https:\/\/somostraductores.com\/?s={search_term_string}\",\"query-input\":\"required name=search_term_string\"}],\"inLanguage\":\"en-US\"},{\"@type\":\"WebPage\",\"@id\":\"https:\/\/somostraductores.com\/en\/budget2\/#webpage\",\"url\":\"https:\/\/somostraductores.com\/en\/budget2\/\",\"name\":\"Budget2 - SOMOS Traductores\",\"isPartOf\":{\"@id\":\"https:\/\/somostraductores.com\/#website\"},\"datePublished\":\"2020-10-14T13:34:49+00:00\",\"dateModified\":\"2020-10-14T13:34:49+00:00\",\"breadcrumb\":{\"@id\":\"https:\/\/somostraductores.com\/en\/budget2\/#breadcrumb\"},\"inLanguage\":\"en-US\",\"potentialAction\":[{\"@type\":\"ReadAction\",\"target\":[\"https:\/\/somostraductores.com\/en\/budget2\/\"]}]},{\"@type\":\"BreadcrumbList\",\"@id\":\"https:\/\/somostraductores.com\/en\/budget2\/#breadcrumb\",\"itemListElement\":[{\"@type\":\"ListItem\",\"position\":1,\"item\":{\"@type\":\"WebPage\",\"@id\":\"https:\/\/somostraductores.com\/en\/\",\"url\":\"https:\/\/somostraductores.com\/en\/\",\"name\":\"Portada\"}},{\"@type\":\"ListItem\",\"position\":2,\"item\":{\"@type\":\"WebPage\",\"@id\":\"https:\/\/somostraductores.com\/en\/budget2\/\",\"url\":\"https:\/\/somostraductores.com\/en\/budget2\/\",\"name\":\"Budget2\"}}]}]}<\/script>\n<!-- \/ Yoast SEO plugin. -->","_links":{"self":[{"href":"https:\/\/somostraductores.com\/en\/wp-json\/wp\/v2\/pages\/4998"}],"collection":[{"href":"https:\/\/somostraductores.com\/en\/wp-json\/wp\/v2\/pages"}],"about":[{"href":"https:\/\/somostraductores.com\/en\/wp-json\/wp\/v2\/types\/page"}],"author":[{"embeddable":true,"href":"https:\/\/somostraductores.com\/en\/wp-json\/wp\/v2\/users\/1"}],"replies":[{"embeddable":true,"href":"https:\/\/somostraductores.com\/en\/wp-json\/wp\/v2\/comments?post=4998"}],"version-history":[{"count":0,"href":"https:\/\/somostraductores.com\/en\/wp-json\/wp\/v2\/pages\/4998\/revisions"}],"wp:attachment":[{"href":"https:\/\/somostraductores.com\/en\/wp-json\/wp\/v2\/media?parent=4998"}],"curies":[{"name":"wp","href":"https:\/\/api.w.org\/{rel}","templated":true}]}}