{"id":5012,"date":"2020-04-08T10:17:09","date_gmt":"2020-04-08T08:17:09","guid":{"rendered":"https:\/\/somostraductores.com\/?page_id=5012"},"modified":"2023-11-20T17:06:29","modified_gmt":"2023-11-20T16:06:29","slug":"traduction-medicale-et-pharmaceutique","status":"publish","type":"page","link":"https:\/\/somostraductores.com\/fr\/traduction-medicale-et-pharmaceutique\/","title":{"rendered":"Traduction m\u00e9dicale et pharmaceutique"},"content":{"rendered":"<div id=\"pl-5012\"  class=\"panel-layout\" ><div id=\"pg-5012-0\"  class=\"panel-grid panel-has-style\" ><div class=\"tablet-default mobile-1-in-row desktop-default panel-row-style panel-row-style-for-5012-0\" ><div id=\"pgc-5012-0-0\"  class=\"panel-grid-cell\" ><div id=\"panel-5012-0-0-0\" class=\"so-panel widget widget_orion_heading_w panel-first-child panel-last-child\" data-index=\"0\" ><div class=\"orion default panel-widget-style panel-widget-style-for-5012-0-0-0\" ><div class=\"so-widget-orion_heading_w so-widget-orion_heading_w-base\">\n\t\n\t\t\n\t<div class=\"row orion-heading\" style=\"margin-bottom:0px;\">\n\t\t<div class=\"col-md-12  separator-style-2 text-center style-h1 style-text-dark\">\n\t\t\t<h1 class=\"text-dark text-uppercase\">\n\t\t\t\tTraduction m\u00e9dicale et pharmaceutique\t\t\t<\/h1>\n\t\t<\/div>\n\t<\/div>\n\n\t<\/div><\/div><\/div><\/div><\/div><\/div><div id=\"pg-5012-1\"  class=\"panel-grid panel-has-style\" ><div class=\"tablet-default mobile-1-in-row desktop-default panel-row-style panel-row-style-for-5012-1\" ><div id=\"pgc-5012-1-0\"  class=\"panel-grid-cell\" ><div id=\"panel-5012-1-0-0\" class=\"so-panel widget widget_sow-editor panel-first-child panel-last-child\" data-index=\"1\" ><div class=\"orion default panel-widget-style panel-widget-style-for-5012-1-0-0\" ><div class=\"so-widget-sow-editor so-widget-sow-editor-base\">\n<div class=\"siteorigin-widget-tinymce textwidget\">\n\t<p>Le secteur m\u00e9dical-pharmaceutique est un domaine dans lequel la traduction joue un r\u00f4le fondamental. En effet, la plupart des publications, documents et communications sont r\u00e9dig\u00e9s en anglais, ce qui rend n\u00e9cessaire la pr\u00e9sence de\u00a0<strong>traducteurs m\u00e9dicaux sp\u00e9cialis\u00e9s<\/strong>\u00a0capables de contribuer \u00e0 la diffusion du message \u00e0 l'\u00e9chelle internationale.<\/p>\n<p>La gamme de documents traduits par un traducteur m\u00e9dical, que ce soit dans ce type de traduction ou dans les traductions pharmaceutiques, est tr\u00e8s vari\u00e9e :\u00a0<strong>protocoles d'essais, \u00e9tudes cliniques et pr\u00e9cliniques, notices de m\u00e9dicaments, articles pour des revues scientifiques, r\u00e9sum\u00e9s<\/strong>... La traduction d'<strong>\u00e9tudes de march\u00e9,<\/strong> de\u00a0<strong>demandes de brevets<\/strong>, de\u00a0<strong>brochures publicitaires pour les patients<\/strong>\u00a0et de\u00a0<strong>manuels d'instruments m\u00e9dicaux et chirurgicaux<\/strong>\u00a0est \u00e9galement fr\u00e9quente.<\/p>\n<p>SOMOS Traductores dispose de plusieurs\u00a0<strong>professionnels sp\u00e9cialis\u00e9s en traduction m\u00e9dicale et pharmaceutique<\/strong>\u00a0qui ma\u00eetrisent le langage sp\u00e9cifique de ce domaine de sp\u00e9cialisation. Nos traducteurs travaillent pour diff\u00e9rents\u00a0<strong>laboratoires pharmaceutiques<\/strong>,\u00a0<strong>h\u00f4pitaux<\/strong>\u00a0et\u00a0<strong>centres m\u00e9dicaux<\/strong>\u00a0de renomm\u00e9e mondiale, des\u00a0<strong>revues scientifiques<\/strong>, des entreprises d'instruments chirurgicaux, et des agences d\u00e9di\u00e9es \u00e0 la r\u00e9alisation d'<strong>\u00e9tudes de march\u00e9<\/strong>, et collaborent r\u00e9guli\u00e8rement avec des\u00a0<strong>m\u00e9decins sp\u00e9cialistes<\/strong>\u00a0pour faciliter leur compr\u00e9hension linguistique des derni\u00e8res avanc\u00e9es dans le secteur, ainsi que pour leur permettre de diffuser les r\u00e9sultats de leurs derni\u00e8res recherches et \u00e9tudes.<\/p>\n<p>Si vous \u00eates un professionnel de la sant\u00e9 ou une entreprise du secteur et que vous souhaitez traduire tout type de document, n'h\u00e9sitez pas \u00e0 demander un\u00a0<a href=\"https:\/\/somostraductores.com\/presupuesto\/\">devis<\/a><strong>.<\/strong>\u00a0SOMOS Traductores vous souhaite la bienvenue<\/p>\n<\/div>\n<\/div><\/div><\/div><\/div><\/div><\/div><div id=\"pg-5012-2\"  class=\"panel-grid panel-has-style\" ><div class=\"tablet-default mobile-1-in-row desktop-default panel-row-style panel-row-style-for-5012-2\" ><div id=\"pgc-5012-2-0\"  class=\"panel-grid-cell\" ><div id=\"panel-5012-2-0-0\" class=\"so-panel widget widget_orion_empty_space_w panel-first-child panel-last-child\" data-index=\"2\" ><div class=\"orion default panel-widget-style panel-widget-style-for-5012-2-0-0\" ><div class=\"so-widget-orion_empty_space_w so-widget-orion_empty_space_w-base\">\t<div class=\"row empty-space  visible-lg visible-md visible-sm visible-xs\" style=\"height:24px;\">\n\t<\/div><\/div><\/div><\/div><\/div><\/div><\/div><div id=\"pg-5012-3\"  class=\"panel-grid panel-has-style\" ><div class=\"tablet-default mobile-1-in-row desktop-default panel-row-style panel-row-style-for-5012-3\" ><div id=\"pgc-5012-3-0\"  class=\"panel-grid-cell panel-grid-cell-empty\" ><\/div><div id=\"pgc-5012-3-1\"  class=\"panel-grid-cell\" ><div id=\"panel-5012-3-1-0\" class=\"so-panel widget widget_orion_list_w panel-first-child panel-last-child\" data-index=\"3\" ><div class=\"orion default panel-widget-style panel-widget-style-for-5012-3-1-0\" ><div class=\"so-widget-orion_list_w so-widget-orion_list_w-base\"><div class=\"row button-wrap\">\n\t\n\t<div class=\"list-wrap col-md-12\">\n\t\t<ul class=\"no-liststyle size-large\" style=\"background:transparent\">\n\t\t\t\t\n\t\t<li class=\"text-default\" style='color:#000000;'>\n\t\t\t\t\t\t\t<span class=\"icon\">\n\t\t\t\t\t<span class=\"sow-icon-icomoon\" data-sow-icon=\"&#xe942;\"\n\t\tstyle=\"color: #3233ff\" ><\/span>\t\t\t\t<\/span>\n\t\t\t\t\t\t\t91 112 40 03 \/ 633 71 88 12\t\t<\/li>\t\n\n\t\t\t<\/ul>\n\t<\/div>\n<\/div><\/div><\/div><\/div><\/div><div id=\"pgc-5012-3-2\"  class=\"panel-grid-cell panel-grid-cell-mobile-last\" ><div id=\"panel-5012-3-2-0\" class=\"so-panel widget widget_orion_button_w panel-first-child panel-last-child\" data-index=\"4\" ><div class=\"orion default panel-widget-style panel-widget-style-for-5012-3-2-0\" ><div class=\"so-widget-orion_button_w so-widget-orion_button_w-base\">\t<div class=\"wrapper block\" style=\"text-align:center\">\n\n\t\t\t<a class=\"btn btn-c1 btn-flat btn-md\"  href=\"https:\/\/somostraductores.com\/presupuesto\/\">\n\t\t\tDEMANDER UN DEVIS\t\t\n\t\t<\/a>\n\t\n<\/div>\n<\/div><\/div><\/div><\/div><div id=\"pgc-5012-3-3\"  class=\"panel-grid-cell panel-grid-cell-empty\" ><\/div><\/div><\/div><div id=\"pg-5012-4\"  class=\"panel-grid panel-has-style\" ><div class=\"siteorigin-panels-stretch tablet-default mobile-1-in-row desktop-default overlay-c1 panel-row-style panel-row-style-for-5012-4\" data-stretch-type=\"full\" ><div id=\"pgc-5012-4-0\"  class=\"panel-grid-cell panel-grid-cell-empty\" ><\/div><\/div><\/div><\/div>","protected":false},"excerpt":{"rendered":"<p>Le secteur m\u00e9dical-pharmaceutique est un domaine dans lequel la traduction joue un r\u00f4le fondamental. En effet, la plupart des publications, documents et communications sont r\u00e9dig\u00e9s en anglais, ce qui rend n\u00e9cessaire la pr\u00e9sence de\u00a0traducteurs m\u00e9dicaux sp\u00e9cialis\u00e9s\u00a0capables de contribuer \u00e0 la diffusion du message \u00e0 l&rsquo;\u00e9chelle internationale. La gamme de documents traduits par un traducteur m\u00e9dical,<\/p>\n","protected":false},"author":1,"featured_media":0,"parent":0,"menu_order":0,"comment_status":"closed","ping_status":"closed","template":"","meta":[],"yoast_head":"<!-- This site is optimized with the Yoast SEO plugin v15.9.1 - https:\/\/yoast.com\/wordpress\/plugins\/seo\/ -->\n<title>Traduction m\u00e9dicale et pharmaceutique - Somos Traductores<\/title>\n<meta name=\"robots\" content=\"index, follow, max-snippet:-1, max-image-preview:large, max-video-preview:-1\" \/>\n<link rel=\"canonical\" href=\"https:\/\/somostraductores.com\/fr\/traduction-medicale-et-pharmaceutique\/\" \/>\n<meta property=\"og:locale\" content=\"fr_FR\" \/>\n<meta property=\"og:type\" content=\"article\" \/>\n<meta property=\"og:title\" content=\"Traduction m\u00e9dicale et pharmaceutique - Somos Traductores\" \/>\n<meta property=\"og:description\" content=\"Le secteur m\u00e9dical-pharmaceutique est un domaine dans lequel la traduction joue un r\u00f4le fondamental. En effet, la plupart des publications, documents et communications sont r\u00e9dig\u00e9s en anglais, ce qui rend n\u00e9cessaire la pr\u00e9sence de\u00a0traducteurs m\u00e9dicaux sp\u00e9cialis\u00e9s\u00a0capables de contribuer \u00e0 la diffusion du message \u00e0 l&#039;\u00e9chelle internationale. La gamme de documents traduits par un traducteur m\u00e9dical,\" \/>\n<meta property=\"og:url\" content=\"https:\/\/somostraductores.com\/fr\/traduction-medicale-et-pharmaceutique\/\" \/>\n<meta property=\"og:site_name\" content=\"Somos Traductores\" \/>\n<meta property=\"article:modified_time\" content=\"2023-11-20T16:06:29+00:00\" \/>\n<meta name=\"twitter:card\" content=\"summary_large_image\" \/>\n<meta name=\"twitter:label1\" content=\"Dur\u00e9e de lecture est.\">\n\t<meta name=\"twitter:data1\" content=\"2 minutes\">\n<script type=\"application\/ld+json\" class=\"yoast-schema-graph\">{\"@context\":\"https:\/\/schema.org\",\"@graph\":[{\"@type\":\"WebSite\",\"@id\":\"https:\/\/somostraductores.com\/#website\",\"url\":\"https:\/\/somostraductores.com\/\",\"name\":\"Somos Traductores\",\"description\":\"\",\"potentialAction\":[{\"@type\":\"SearchAction\",\"target\":\"https:\/\/somostraductores.com\/?s={search_term_string}\",\"query-input\":\"required name=search_term_string\"}],\"inLanguage\":\"fr-FR\"},{\"@type\":\"WebPage\",\"@id\":\"https:\/\/somostraductores.com\/fr\/traduction-medicale-et-pharmaceutique\/#webpage\",\"url\":\"https:\/\/somostraductores.com\/fr\/traduction-medicale-et-pharmaceutique\/\",\"name\":\"Traduction m\\u00e9dicale et pharmaceutique - Somos Traductores\",\"isPartOf\":{\"@id\":\"https:\/\/somostraductores.com\/#website\"},\"datePublished\":\"2020-04-08T08:17:09+00:00\",\"dateModified\":\"2023-11-20T16:06:29+00:00\",\"breadcrumb\":{\"@id\":\"https:\/\/somostraductores.com\/fr\/traduction-medicale-et-pharmaceutique\/#breadcrumb\"},\"inLanguage\":\"fr-FR\",\"potentialAction\":[{\"@type\":\"ReadAction\",\"target\":[\"https:\/\/somostraductores.com\/fr\/traduction-medicale-et-pharmaceutique\/\"]}]},{\"@type\":\"BreadcrumbList\",\"@id\":\"https:\/\/somostraductores.com\/fr\/traduction-medicale-et-pharmaceutique\/#breadcrumb\",\"itemListElement\":[{\"@type\":\"ListItem\",\"position\":1,\"item\":{\"@type\":\"WebPage\",\"@id\":\"https:\/\/somostraductores.com\/fr\/\",\"url\":\"https:\/\/somostraductores.com\/fr\/\",\"name\":\"Portada\"}},{\"@type\":\"ListItem\",\"position\":2,\"item\":{\"@type\":\"WebPage\",\"@id\":\"https:\/\/somostraductores.com\/fr\/traduction-medicale-et-pharmaceutique\/\",\"url\":\"https:\/\/somostraductores.com\/fr\/traduction-medicale-et-pharmaceutique\/\",\"name\":\"Traduction m\\u00e9dicale et pharmaceutique\"}}]}]}<\/script>\n<!-- \/ Yoast SEO plugin. -->","_links":{"self":[{"href":"https:\/\/somostraductores.com\/fr\/wp-json\/wp\/v2\/pages\/5012"}],"collection":[{"href":"https:\/\/somostraductores.com\/fr\/wp-json\/wp\/v2\/pages"}],"about":[{"href":"https:\/\/somostraductores.com\/fr\/wp-json\/wp\/v2\/types\/page"}],"author":[{"embeddable":true,"href":"https:\/\/somostraductores.com\/fr\/wp-json\/wp\/v2\/users\/1"}],"replies":[{"embeddable":true,"href":"https:\/\/somostraductores.com\/fr\/wp-json\/wp\/v2\/comments?post=5012"}],"version-history":[{"count":8,"href":"https:\/\/somostraductores.com\/fr\/wp-json\/wp\/v2\/pages\/5012\/revisions"}],"predecessor-version":[{"id":5723,"href":"https:\/\/somostraductores.com\/fr\/wp-json\/wp\/v2\/pages\/5012\/revisions\/5723"}],"wp:attachment":[{"href":"https:\/\/somostraductores.com\/fr\/wp-json\/wp\/v2\/media?parent=5012"}],"curies":[{"name":"wp","href":"https:\/\/api.w.org\/{rel}","templated":true}]}}