{"id":5045,"date":"2017-01-20T16:09:55","date_gmt":"2017-01-20T15:09:55","guid":{"rendered":"https:\/\/somostraductores.com\/?page_id=5045"},"modified":"2024-02-09T13:02:58","modified_gmt":"2024-02-09T12:02:58","slug":"faq","status":"publish","type":"page","link":"https:\/\/somostraductores.com\/fr\/faq\/","title":{"rendered":"FAQ"},"content":{"rendered":"<div id=\"pl-5045\"  class=\"panel-layout\" ><div id=\"pg-5045-0\"  class=\"panel-grid panel-has-style\" ><div class=\"siteorigin-panels-stretch orion-separator bottom-svg-4 bottom-svg-inside tablet-1-in-row mobile-1-in-row desktop-default text-dark panel-row-style panel-row-style-for-5045-0\" data-stretch-type=\"full\" ><div id=\"pgc-5045-0-0\"  class=\"panel-grid-cell\" ><div id=\"panel-5045-0-0-0\" class=\"so-panel widget widget_orion_heading_w panel-first-child\" data-index=\"0\" ><div class=\"orion default panel-widget-style panel-widget-style-for-5045-0-0-0\" ><div class=\"so-widget-orion_heading_w so-widget-orion_heading_w-base\">\n\t\n\t\t\n\t<div class=\"row orion-heading\" style=\"margin-bottom:0px;\">\n\t\t<div class=\"col-md-12  separator-style-2 text-center style-h2 style-text-dark\">\n\t\t\t<h2 class=\"text-dark text-uppercase\">\n\t\t\t\tVOUS AVEZ DES QUESTIONS ?\t\t\t<\/h2>\n\t\t<\/div>\n\t<\/div>\n\n\t<\/div><\/div><\/div><div id=\"panel-5045-0-0-1\" class=\"so-panel widget widget_orion_accordion_w panel-last-child\" data-index=\"1\" ><div class=\"orion default panel-widget-style panel-widget-style-for-5045-0-0-1\" id=\"faq\" ><div class=\"so-widget-orion_accordion_w so-widget-orion_accordion_w-base\">\t\n\n\t<div class=\"panel-group text-dark\" role=\"tablist\" aria-multiselectable=\"true\" id=\"69f2435fbd971\">\n\t\t\n\t\t\t\t\t\t\t\t\n\t\t\t\n\t\t<div class=\"panel panel-default\" style=\"border-color:#F2F4F4;\">\n\t\t\t<div class=\"panel-heading\" role=\"tab\" id=\"COMMENTPUISJEDEMANDERUNETRADUCTION69f2435fbd985\">\n\t\t\t\t<h4 class=\"panel-title\" style=\"background-color:rgba(255,255,255,1);\">\n\t\t\t\t\t<a role=\"button\" data-toggle=\"collapse\" href=\"#COMMENTPUISJEDEMANDERUNETRADUCTION69f2435fbd985-panel\" class=\"collapsed text-dark primary-hover\" aria-expanded=\"false\" aria-controls=\"COMMENTPUISJEDEMANDERUNETRADUCTION69f2435fbd985\" data-parent=\"#69f2435fbd971\" style=\"border-color:#F2F4F4;\">\n\t\t\t\t\t  \t\n\t\t\t\t\t  \tCOMMENT PUIS-JE DEMANDER UNE TRADUCTION ?\t\t\t\t\t<\/a>\n\t\t\t\t<\/h4>\n\n\t\t\t<\/div>\n\t\t\t<div class=\"panel-collapse collapse \" id=\"COMMENTPUISJEDEMANDERUNETRADUCTION69f2435fbd985-panel\" aria-expanded=\"false\" role=\"tabpanel\" aria-labelledby=\"COMMENTPUISJEDEMANDERUNETRADUCTION69f2435fbd985\">\n\t\t\t\t<div class=\"panel-body\" style=\"border-color:#F2F4F4; background-color:rgba(255,255,255,1);\">\n\t\t\t\t\t<p>C'est tr\u00e8s simple. Il vous suffit d'acc\u00e9der \u00e0 la page \"devis\" et de remplir le formulaire. Vous pouvez \u00e9galement nous appeler ou nous envoyer un e-mail. Nous vous contacterons d\u00e8s que possible avec le meilleur devis et d\u00e9lai, et si vous \u00eates d'accord, un traducteur natif se chargera de votre traduction.<\/p>\n\t\t\t\t<\/div>\n\t\t\t<\/div>\n\t\t<\/div>\n\t\t\t\t\t\t\n\t\t\t\n\t\t<div class=\"panel panel-default\" style=\"border-color:#F2F4F4;\">\n\t\t\t<div class=\"panel-heading\" role=\"tab\" id=\"AVECQUELSLANGUESTRAVAILLEZVOUS69f2435fbd9bd\">\n\t\t\t\t<h4 class=\"panel-title\" style=\"background-color:rgba(255,255,255,1);\">\n\t\t\t\t\t<a role=\"button\" data-toggle=\"collapse\" href=\"#AVECQUELSLANGUESTRAVAILLEZVOUS69f2435fbd9bd-panel\" class=\"collapsed text-dark primary-hover\" aria-expanded=\"false\" aria-controls=\"AVECQUELSLANGUESTRAVAILLEZVOUS69f2435fbd9bd\" data-parent=\"#69f2435fbd971\" style=\"border-color:#F2F4F4;\">\n\t\t\t\t\t  \t\n\t\t\t\t\t  \tAVEC QUELS LANGUES TRAVAILLEZ-VOUS ?\t\t\t\t\t<\/a>\n\t\t\t\t<\/h4>\n\n\t\t\t<\/div>\n\t\t\t<div class=\"panel-collapse collapse \" id=\"AVECQUELSLANGUESTRAVAILLEZVOUS69f2435fbd9bd-panel\" aria-expanded=\"false\" role=\"tabpanel\" aria-labelledby=\"AVECQUELSLANGUESTRAVAILLEZVOUS69f2435fbd9bd\">\n\t\t\t\t<div class=\"panel-body\" style=\"border-color:#F2F4F4; background-color:rgba(255,255,255,1);\">\n\t\t\t\t\t<p>Nous travaillons avec les langues suivantes :<\/p>\n<p>Nous travaillons avec les langues suivantes :<\/p>\n<p>&nbsp;<\/p>\n<ul>\n<li>Espagnol<\/li>\n<li>Basque (Euskera)<\/li>\n<li>Catalan<\/li>\n<li>Anglais<\/li>\n<li>N\u00e9erlandais<\/li>\n<li>Su\u00e9dois<\/li>\n<li>Fran\u00e7ais<\/li>\n<li>Grec<\/li>\n<li>Danois<\/li>\n<li>Allemand<\/li>\n<li>Hongrois<\/li>\n<li>Norv\u00e9gien<\/li>\n<li>Italien<\/li>\n<li>Arabe<\/li>\n<li>Finnois<\/li>\n<li>Portugais<\/li>\n<li>Chinois<\/li>\n<li>Tch\u00e8que<\/li>\n<li>Roumain<\/li>\n<li>Japonais<\/li>\n<li>Croate<\/li>\n<li>Autres (\u00e0 consulter)<\/li>\n<\/ul>\n<p>Si vous souhaitez demander une traduction ou tout autre service dans une langue diff\u00e9rente de celles mentionn\u00e9es, n'h\u00e9sitez pas \u00e0 nous contacter via la page \"devis\".<\/p>\n<p>Notre \u00e9quipe est compos\u00e9e de traducteurs natifs sp\u00e9cialis\u00e9s dans toutes les langues.<\/p>\n\t\t\t\t<\/div>\n\t\t\t<\/div>\n\t\t<\/div>\n\t\t\t\t\t\t\n\t\t\t\n\t\t<div class=\"panel panel-default\" style=\"border-color:#F2F4F4;\">\n\t\t\t<div class=\"panel-heading\" role=\"tab\" id=\"Combiencoteunetraduction69f2435fbda42\">\n\t\t\t\t<h4 class=\"panel-title\" style=\"background-color:rgba(255,255,255,1);\">\n\t\t\t\t\t<a role=\"button\" data-toggle=\"collapse\" href=\"#Combiencoteunetraduction69f2435fbda42-panel\" class=\"collapsed text-dark primary-hover\" aria-expanded=\"false\" aria-controls=\"Combiencoteunetraduction69f2435fbda42\" data-parent=\"#69f2435fbd971\" style=\"border-color:#F2F4F4;\">\n\t\t\t\t\t  \t\n\t\t\t\t\t  \tCombien co\u00fbte une traduction ?\t\t\t\t\t<\/a>\n\t\t\t\t<\/h4>\n\n\t\t\t<\/div>\n\t\t\t<div class=\"panel-collapse collapse \" id=\"Combiencoteunetraduction69f2435fbda42-panel\" aria-expanded=\"false\" role=\"tabpanel\" aria-labelledby=\"Combiencoteunetraduction69f2435fbda42\">\n\t\t\t\t<div class=\"panel-body\" style=\"border-color:#F2F4F4; background-color:rgba(255,255,255,1);\">\n\t\t\t\t\t<p>En raison de la nature de SOMOS Traductores, nous ne pouvons pas indiquer de tarif g\u00e9n\u00e9ral pour chacun de nos services et combinaisons linguistiques. Chaque projet sera \u00e9valu\u00e9 de mani\u00e8re personnalis\u00e9e et le tarif sera propos\u00e9 en fonction de la langue, du volume, de la terminologie, du format du document et du d\u00e9lai dont nous disposons. Cependant, \u00e0 titre indicatif, notre tarif minimum est de 30 \u20ac par commande et par langue. Pour plus d'informations, vous pouvez nous contacter via la page \"devis\", nous appeler ou nous envoyer un e-mail.<\/p>\n\t\t\t\t<\/div>\n\t\t\t<\/div>\n\t\t<\/div>\n\t\t\t\t\t\t\n\t\t\t\n\t\t<div class=\"panel panel-default\" style=\"border-color:#F2F4F4;\">\n\t\t\t<div class=\"panel-heading\" role=\"tab\" id=\"ENCOMBIENDETEMPSAURAIJEMATRADUCTION69f2435fbda63\">\n\t\t\t\t<h4 class=\"panel-title\" style=\"background-color:rgba(255,255,255,1);\">\n\t\t\t\t\t<a role=\"button\" data-toggle=\"collapse\" href=\"#ENCOMBIENDETEMPSAURAIJEMATRADUCTION69f2435fbda63-panel\" class=\"collapsed text-dark primary-hover\" aria-expanded=\"false\" aria-controls=\"ENCOMBIENDETEMPSAURAIJEMATRADUCTION69f2435fbda63\" data-parent=\"#69f2435fbd971\" style=\"border-color:#F2F4F4;\">\n\t\t\t\t\t  \t\n\t\t\t\t\t  \tEN COMBIEN DE TEMPS AURAI-JE MA TRADUCTION ?\t\t\t\t\t<\/a>\n\t\t\t\t<\/h4>\n\n\t\t\t<\/div>\n\t\t\t<div class=\"panel-collapse collapse \" id=\"ENCOMBIENDETEMPSAURAIJEMATRADUCTION69f2435fbda63-panel\" aria-expanded=\"false\" role=\"tabpanel\" aria-labelledby=\"ENCOMBIENDETEMPSAURAIJEMATRADUCTION69f2435fbda63\">\n\t\t\t\t<div class=\"panel-body\" style=\"border-color:#F2F4F4; background-color:rgba(255,255,255,1);\">\n\t\t\t\t\t<p>La r\u00e9ponse varie dans chaque cas. Le volume moyen de travail d'un traducteur est d'environ 2000 mots par jour, bien que ce chiffre puisse varier en fonction, par exemple, de la complexit\u00e9 ou du format du texte.<\/p>\n<p>Cependant, chez SOMOS Traductores, nous essayons toujours de nous adapter aux d\u00e9lais fix\u00e9s par nos clients. Nous \u00e9valuerons les meilleures options pour fournir le service dans le d\u00e9lai souhait\u00e9 tout en maintenant toujours les normes de qualit\u00e9 les plus \u00e9lev\u00e9es.<\/p>\n\t\t\t\t<\/div>\n\t\t\t<\/div>\n\t\t<\/div>\n\t\t\t\t\t\t\n\t\t\t\n\t\t<div class=\"panel panel-default\" style=\"border-color:#F2F4F4;\">\n\t\t\t<div class=\"panel-heading\" role=\"tab\" id=\"LETRADUCTEURESTILNATIF69f2435fbda84\">\n\t\t\t\t<h4 class=\"panel-title\" style=\"background-color:rgba(255,255,255,1);\">\n\t\t\t\t\t<a role=\"button\" data-toggle=\"collapse\" href=\"#LETRADUCTEURESTILNATIF69f2435fbda84-panel\" class=\"collapsed text-dark primary-hover\" aria-expanded=\"false\" aria-controls=\"LETRADUCTEURESTILNATIF69f2435fbda84\" data-parent=\"#69f2435fbd971\" style=\"border-color:#F2F4F4;\">\n\t\t\t\t\t  \t\n\t\t\t\t\t  \tLE TRADUCTEUR EST-IL NATIF ?\t\t\t\t\t<\/a>\n\t\t\t\t<\/h4>\n\n\t\t\t<\/div>\n\t\t\t<div class=\"panel-collapse collapse \" id=\"LETRADUCTEURESTILNATIF69f2435fbda84-panel\" aria-expanded=\"false\" role=\"tabpanel\" aria-labelledby=\"LETRADUCTEURESTILNATIF69f2435fbda84\">\n\t\t\t\t<div class=\"panel-body\" style=\"border-color:#F2F4F4; background-color:rgba(255,255,255,1);\">\n\t\t\t\t\t<p>Oui. Toutes les traductions sont effectu\u00e9es par des professionnels dipl\u00f4m\u00e9s et exp\u00e9riment\u00e9s, natifs de la langue dans laquelle ils traduisent. En aucun cas, nous n'utilisons des outils de traduction automatique.<\/p>\n\t\t\t\t<\/div>\n\t\t\t<\/div>\n\t\t<\/div>\n\t\t\t\t\t\t\n\t\t\t\n\t\t<div class=\"panel panel-default\" style=\"border-color:#F2F4F4;\">\n\t\t\t<div class=\"panel-heading\" role=\"tab\" id=\"Questcequunetraductionassermente69f2435fbda9f\">\n\t\t\t\t<h4 class=\"panel-title\" style=\"background-color:rgba(255,255,255,1);\">\n\t\t\t\t\t<a role=\"button\" data-toggle=\"collapse\" href=\"#Questcequunetraductionassermente69f2435fbda9f-panel\" class=\"collapsed text-dark primary-hover\" aria-expanded=\"false\" aria-controls=\"Questcequunetraductionassermente69f2435fbda9f\" data-parent=\"#69f2435fbd971\" style=\"border-color:#F2F4F4;\">\n\t\t\t\t\t  \t\n\t\t\t\t\t  \tQu&#039;est-ce qu&#039;une traduction asserment\u00e9e ?\t\t\t\t\t<\/a>\n\t\t\t\t<\/h4>\n\n\t\t\t<\/div>\n\t\t\t<div class=\"panel-collapse collapse \" id=\"Questcequunetraductionassermente69f2435fbda9f-panel\" aria-expanded=\"false\" role=\"tabpanel\" aria-labelledby=\"Questcequunetraductionassermente69f2435fbda9f\">\n\t\t\t\t<div class=\"panel-body\" style=\"border-color:#F2F4F4; background-color:rgba(255,255,255,1);\">\n\t\t\t\t\t<p>Le terme \"traduction asserment\u00e9e\" est utilis\u00e9 en Espagne pour d\u00e9signer la traduction officielle de documents r\u00e9alis\u00e9e par des traducteurs-interpr\u00e8tes asserment\u00e9s nomm\u00e9s par le Minist\u00e8re des Affaires \u00e9trang\u00e8res et de la Coop\u00e9ration.<\/p>\n<p>Les traductions asserment\u00e9es comportent la signature et le cachet du traducteur asserment\u00e9 sur chaque page, ainsi qu'une certification \u00e0 la fin du document attestant qu'il s'agit d'une traduction fid\u00e8le et compl\u00e8te de l'original. En tant que particularit\u00e9, les traductions asserment\u00e9es doivent respecter au maximum le document original et, pour cette raison, tous les \u00e9l\u00e9ments qui y figurent (cachets, signatures, l\u00e9galisations...) sont d\u00e9crits.<\/p>\n\t\t\t\t<\/div>\n\t\t\t<\/div>\n\t\t<\/div>\n\t\t\t<\/div>\t\n\n\n\n\n<\/div><\/div><\/div><\/div><\/div><\/div><div id=\"pg-5045-1\"  class=\"panel-grid panel-has-style\" ><div class=\"siteorigin-panels-stretch tablet-default mobile-1-in-row desktop-default panel-row-style panel-row-style-for-5045-1\" data-stretch-type=\"full\" ><div id=\"pgc-5045-1-0\"  class=\"panel-grid-cell\" ><div id=\"panel-5045-1-0-0\" class=\"so-panel widget widget_sow-editor panel-first-child\" data-index=\"2\" ><div class=\"orion default panel-widget-style panel-widget-style-for-5045-1-0-0\" ><div class=\"so-widget-sow-editor so-widget-sow-editor-base\">\n<div class=\"siteorigin-widget-tinymce textwidget\">\n\t<p>&nbsp;<\/p>\n<h6 style=\"text-align: center;\">Ce sont l\u00e0 quelques-unes des questions les plus fr\u00e9quemment pos\u00e9es par nos clients. Pour toute question \u00e0 laquelle nous n'aurions pas r\u00e9pondu, n'h\u00e9sitez pas \u00e0 nous contacter via notre formulaire de contact, par t\u00e9l\u00e9phone ou par e-mail. Nous serons ravis de vous aider !<\/h6>\n<\/div>\n<\/div><\/div><\/div><div id=\"panel-5045-1-0-1\" class=\"so-panel widget widget_orion_empty_space_w panel-last-child\" data-index=\"3\" ><div class=\"orion default panel-widget-style panel-widget-style-for-5045-1-0-1\" ><div class=\"so-widget-orion_empty_space_w so-widget-orion_empty_space_w-base\">\t<div class=\"row empty-space  visible-lg visible-md visible-sm visible-xs\" style=\"height:24px;\">\n\t<\/div><\/div><\/div><\/div><\/div><\/div><\/div><div id=\"pg-5045-2\"  class=\"panel-grid panel-has-style\" ><div class=\"fixed-bg siteorigin-panels-stretch tablet-default mobile-1-in-row desktop-default text-dark overlay-dark panel-row-style panel-row-style-for-5045-2\" data-stretch-type=\"full\" data-svg-bottom-color=\"#ffffff\" ><div id=\"pgc-5045-2-0\"  class=\"panel-grid-cell\" ><div id=\"panel-5045-2-0-0\" class=\"so-panel widget widget_orion_heading_w panel-first-child\" data-index=\"4\" ><div class=\"orion default panel-widget-style panel-widget-style-for-5045-2-0-0\" ><div class=\"so-widget-orion_heading_w so-widget-orion_heading_w-base\">\n\t\n\t\t\n\t<div class=\"row orion-heading\" style=\"margin-bottom:0px;\">\n\t\t<div class=\"col-md-12  separator-style-1 text-center style-h2 style-text-light\">\n\t\t\t<h2 class=\"text-light text-uppercase\">\n\t\t\t\tDEMANDEZ UN DEVIS\t\t\t<\/h2>\n\t\t<\/div>\n\t<\/div>\n\n\t<\/div><\/div><\/div><div id=\"panel-5045-2-0-1\" class=\"so-panel widget widget_sow-editor\" data-index=\"5\" ><div class=\"orion default panel-widget-style panel-widget-style-for-5045-2-0-1\" ><div class=\"so-widget-sow-editor so-widget-sow-editor-base\">\n<div class=\"siteorigin-widget-tinymce textwidget\">\n\t<h4 style=\"text-align: center; color: #ffffff;\">NOUS sommes les traducteurs que vous cherchiez.<br \/>\nN'attendez plus et contactez-nous !<\/h4>\n<\/div>\n<\/div><\/div><\/div><div id=\"panel-5045-2-0-2\" class=\"so-panel widget widget_sow-button panel-last-child\" data-index=\"6\" ><div class=\"orion default panel-widget-style panel-widget-style-for-5045-2-0-2\" ><div class=\"so-widget-sow-button so-widget-sow-button-flat-4d175fd03f3c\"><div class=\"ow-button-base ow-button-align-center\">\n\t<a href=\"https:\/\/somostraductores.com\/presupuesto\/\" class=\"ow-icon-placement-left ow-button-hover\" \t\t>\n\t\t<span>\n\t\t\t\n\t\t\tBudget\t\t<\/span>\n\t<\/a>\n<\/div>\n<\/div><\/div><\/div><\/div><\/div><\/div><\/div>","protected":false},"excerpt":{"rendered":"<p>&nbsp; Ce sont l\u00e0 quelques-unes des questions les plus fr\u00e9quemment pos\u00e9es par nos clients. Pour toute question \u00e0 laquelle nous n&rsquo;aurions pas r\u00e9pondu, n&rsquo;h\u00e9sitez pas \u00e0 nous contacter via notre formulaire de contact, par t\u00e9l\u00e9phone ou par e-mail. Nous serons ravis de vous aider !<\/p>\n","protected":false},"author":1,"featured_media":0,"parent":0,"menu_order":0,"comment_status":"closed","ping_status":"closed","template":"","meta":[],"yoast_head":"<!-- This site is optimized with the Yoast SEO plugin v15.9.1 - https:\/\/yoast.com\/wordpress\/plugins\/seo\/ -->\n<title>FAQ - Somos Traductores<\/title>\n<meta name=\"robots\" content=\"index, follow, max-snippet:-1, max-image-preview:large, max-video-preview:-1\" \/>\n<link rel=\"canonical\" href=\"https:\/\/somostraductores.com\/fr\/faq\/\" \/>\n<meta property=\"og:locale\" content=\"fr_FR\" \/>\n<meta property=\"og:type\" content=\"article\" \/>\n<meta property=\"og:title\" content=\"FAQ - Somos Traductores\" \/>\n<meta property=\"og:description\" content=\"&nbsp; Ce sont l\u00e0 quelques-unes des questions les plus fr\u00e9quemment pos\u00e9es par nos clients. Pour toute question \u00e0 laquelle nous n&#039;aurions pas r\u00e9pondu, n&#039;h\u00e9sitez pas \u00e0 nous contacter via notre formulaire de contact, par t\u00e9l\u00e9phone ou par e-mail. Nous serons ravis de vous aider !\" \/>\n<meta property=\"og:url\" content=\"https:\/\/somostraductores.com\/fr\/faq\/\" \/>\n<meta property=\"og:site_name\" content=\"Somos Traductores\" \/>\n<meta property=\"article:modified_time\" content=\"2024-02-09T12:02:58+00:00\" \/>\n<meta name=\"twitter:card\" content=\"summary_large_image\" \/>\n<meta name=\"twitter:label1\" content=\"Dur\u00e9e de lecture est.\">\n\t<meta name=\"twitter:data1\" content=\"1 minute\">\n<script type=\"application\/ld+json\" class=\"yoast-schema-graph\">{\"@context\":\"https:\/\/schema.org\",\"@graph\":[{\"@type\":\"WebSite\",\"@id\":\"https:\/\/somostraductores.com\/#website\",\"url\":\"https:\/\/somostraductores.com\/\",\"name\":\"Somos Traductores\",\"description\":\"\",\"potentialAction\":[{\"@type\":\"SearchAction\",\"target\":\"https:\/\/somostraductores.com\/?s={search_term_string}\",\"query-input\":\"required name=search_term_string\"}],\"inLanguage\":\"fr-FR\"},{\"@type\":\"WebPage\",\"@id\":\"https:\/\/somostraductores.com\/fr\/faq\/#webpage\",\"url\":\"https:\/\/somostraductores.com\/fr\/faq\/\",\"name\":\"FAQ - Somos Traductores\",\"isPartOf\":{\"@id\":\"https:\/\/somostraductores.com\/#website\"},\"datePublished\":\"2017-01-20T15:09:55+00:00\",\"dateModified\":\"2024-02-09T12:02:58+00:00\",\"breadcrumb\":{\"@id\":\"https:\/\/somostraductores.com\/fr\/faq\/#breadcrumb\"},\"inLanguage\":\"fr-FR\",\"potentialAction\":[{\"@type\":\"ReadAction\",\"target\":[\"https:\/\/somostraductores.com\/fr\/faq\/\"]}]},{\"@type\":\"BreadcrumbList\",\"@id\":\"https:\/\/somostraductores.com\/fr\/faq\/#breadcrumb\",\"itemListElement\":[{\"@type\":\"ListItem\",\"position\":1,\"item\":{\"@type\":\"WebPage\",\"@id\":\"https:\/\/somostraductores.com\/fr\/\",\"url\":\"https:\/\/somostraductores.com\/fr\/\",\"name\":\"Portada\"}},{\"@type\":\"ListItem\",\"position\":2,\"item\":{\"@type\":\"WebPage\",\"@id\":\"https:\/\/somostraductores.com\/fr\/faq\/\",\"url\":\"https:\/\/somostraductores.com\/fr\/faq\/\",\"name\":\"FAQ\"}}]}]}<\/script>\n<!-- \/ Yoast SEO plugin. -->","_links":{"self":[{"href":"https:\/\/somostraductores.com\/fr\/wp-json\/wp\/v2\/pages\/5045"}],"collection":[{"href":"https:\/\/somostraductores.com\/fr\/wp-json\/wp\/v2\/pages"}],"about":[{"href":"https:\/\/somostraductores.com\/fr\/wp-json\/wp\/v2\/types\/page"}],"author":[{"embeddable":true,"href":"https:\/\/somostraductores.com\/fr\/wp-json\/wp\/v2\/users\/1"}],"replies":[{"embeddable":true,"href":"https:\/\/somostraductores.com\/fr\/wp-json\/wp\/v2\/comments?post=5045"}],"version-history":[{"count":15,"href":"https:\/\/somostraductores.com\/fr\/wp-json\/wp\/v2\/pages\/5045\/revisions"}],"predecessor-version":[{"id":5815,"href":"https:\/\/somostraductores.com\/fr\/wp-json\/wp\/v2\/pages\/5045\/revisions\/5815"}],"wp:attachment":[{"href":"https:\/\/somostraductores.com\/fr\/wp-json\/wp\/v2\/media?parent=5045"}],"curies":[{"name":"wp","href":"https:\/\/api.w.org\/{rel}","templated":true}]}}