{"id":5075,"date":"2020-02-20T14:59:42","date_gmt":"2020-02-20T13:59:42","guid":{"rendered":"https:\/\/somostraductores.com\/?page_id=5075"},"modified":"2024-02-09T13:25:53","modified_gmt":"2024-02-09T12:25:53","slug":"politique-en-matiere-de-cookies","status":"publish","type":"page","link":"https:\/\/somostraductores.com\/fr\/politique-en-matiere-de-cookies\/","title":{"rendered":"Politique en mati\u00e8re de cookies"},"content":{"rendered":"<p>Si vous voulez en savoir plus sur l&rsquo;utilisation des cookies par ce site web somostraductores.com, vous \u00eates au bon endroit. Nous allons vous expliquer ce que sont exactement les cookies ; quel type de cookies nous utilisons et pourquoi ; et comment vous pouvez exercer votre droit pour configurer votre navigateur et refuser l&rsquo;utilisation de l&rsquo;un d&rsquo;entre eux.<br \/>\nCependant, sachez que si vous d\u00e9cidez de ne pas utiliser certains cookies, ce site web peut ne pas fonctionner parfaitement, ce qui affectera votre exp\u00e9rience utilisateur.<\/p>\n<h2>QU&rsquo;EST-CE QU&rsquo;UN COOKIE ?<\/h2>\n<p>Un cookie est un fichier t\u00e9l\u00e9charg\u00e9 sur votre ordinateur lorsque vous acc\u00e9dez \u00e0 certaines pages web ou blogs. Ces fichiers permettent \u00e0 la page web, entre autres fonctions, de stocker et de r\u00e9cup\u00e9rer des informations sur vos habitudes de navigation ou sur votre \u00e9quipement. En fonction des donn\u00e9es qu&rsquo;ils contiennent et de la mani\u00e8re dont vous utilisez votre \u00e9quipement, les cookies peuvent \u00eatre utilis\u00e9s pour vous reconna\u00eetre.<\/p>\n<p>Le navigateur de l&rsquo;utilisateur enregistre les cookies sur le disque dur pendant la session en cours uniquement, occupant un espace m\u00e9moire minimal et ne nuisant pas \u00e0 l&rsquo;ordinateur. Les cookies ne contiennent g\u00e9n\u00e9ralement aucune information personnelle sp\u00e9cifique, et la plupart d&rsquo;entre eux sont effac\u00e9s du disque dur \u00e0 la fin de la session de navigation (les cookies de session).<\/p>\n<p>La plupart des navigateurs acceptent les cookies comme une norme et, ind\u00e9pendamment de cela, permettent ou bloquent les cookies temporaires ou stock\u00e9s dans les param\u00e8tres de s\u00e9curit\u00e9.<\/p>\n<p>Il est important de noter que les cookies sont associ\u00e9s au navigateur et non \u00e0 la personne, ce qui signifie qu&rsquo;ils ne stockent g\u00e9n\u00e9ralement pas d&rsquo;informations sensibles vous concernant, telles que des num\u00e9ros de carte de cr\u00e9dit, des donn\u00e9es bancaires, des photos ou des informations personnelles. Les donn\u00e9es qu&rsquo;ils stockent sont principalement d&rsquo;ordre technique, statistique, de pr\u00e9f\u00e9rences personnelles, de personnalisation du contenu, etc.<\/p>\n<h2>ACCEPTATION DES COOKIES : R\u00c9GLEMENTATION EN VIGUEUR<\/h2>\n<p>En acc\u00e9dant \u00e0 ce site web, et conform\u00e9ment \u00e0 la r\u00e9glementation en vigueur en mati\u00e8re de protection des donn\u00e9es, nous vous informons de l&rsquo;utilisation de cookies, en vous donnant la possibilit\u00e9 de les accepter express\u00e9ment et d&rsquo;acc\u00e9der \u00e0 plus d&rsquo;informations via cette Politique de Cookies.<br \/>\nVous devez savoir que, si vous continuez \u00e0 naviguer, vous consentez \u00e0 l&rsquo;utilisation de ces cookies. Cependant, \u00e0 tout moment, vous pouvez changer d&rsquo;avis et bloquer leur utilisation via votre navigateur.<br \/>\nPour votre tranquillit\u00e9 d&rsquo;esprit, ce site web respecte les dispositions de la r\u00e9glementation en vigueur concernant l&rsquo;utilisation des cookies et vos donn\u00e9es personnelles :<br \/>\nLa r\u00e9glementation LSSI-CE (Loi sur la soci\u00e9t\u00e9 de l&rsquo;information et le commerce \u00e9lectronique)<br \/>\nLe RGPD (R\u00e8glement (UE) 2016\/679 du Parlement europ\u00e9en et du Conseil du 27 avril 2016 relatif \u00e0 la protection des personnes physiques), qui unifie la r\u00e9glementation sur le traitement des donn\u00e9es personnelles dans les pays de l&rsquo;UE.<br \/>\nCette Politique de Cookies pourrait \u00eatre modifi\u00e9e \u00e0 tout moment pour s&rsquo;adapter aux nouveaut\u00e9s r\u00e9glementaires ou aux changements dans nos activit\u00e9s, la version en vigueur \u00e9tant celle publi\u00e9e sur le site web \u00e0 tout moment.<\/p>\n<h2>TYPES DE COOKIES<\/h2>\n<p>Pour am\u00e9liorer votre exp\u00e9rience utilisateur, recueillir des donn\u00e9es analytiques, stocker et r\u00e9cup\u00e9rer des informations sur vos habitudes de navigation ou sur votre \u00e9quipement, ainsi que pour d\u00e9velopper notre activit\u00e9, le site web somostraductores.com utilise \u00e0 la fois des cookies propres et des cookies tiers.<\/p>\n<p>Quels types de cookies sont utilis\u00e9s sur ce site web ?<\/p>\n<ul>\n<li>Cookies techniques : Ces cookies permettent \u00e0 l&rsquo;utilisateur de naviguer sur le site web, la plateforme ou l&rsquo;application et d&rsquo;utiliser les diff\u00e9rentes options ou services qui y sont disponibles. Ils sont utilis\u00e9s, par exemple, pour contr\u00f4ler le trafic et la communication de donn\u00e9es, identifier la session, acc\u00e9der \u00e0 des parties \u00e0 acc\u00e8s restreint, se souvenir des \u00e9l\u00e9ments qui composent une commande, effectuer le processus d&rsquo;achat d&rsquo;une commande, demander l&rsquo;inscription ou la participation \u00e0 un \u00e9v\u00e9nement, utiliser des \u00e9l\u00e9ments de s\u00e9curit\u00e9 pendant la navigation, stocker des contenus pour la diffusion de vid\u00e9os ou de sons, ou partager des contenus via des r\u00e9seaux sociaux.<\/li>\n<li>Cookies de personnalisation : Ces cookies permettent \u00e0 l&rsquo;utilisateur d&rsquo;acc\u00e9der au service avec certaines caract\u00e9ristiques g\u00e9n\u00e9rales pr\u00e9d\u00e9finies en fonction de certains crit\u00e8res sur le terminal de l&rsquo;utilisateur, tels que la langue, le type de navigateur \u00e0 travers lequel il acc\u00e8de au service, la configuration r\u00e9gionale \u00e0 partir de laquelle il acc\u00e8de au service, etc.<br \/>\nCookies d&rsquo;analyse : Ceux qui, trait\u00e9s par nous-m\u00eames ou par des tiers, nous permettent de quantifier le nombre d&rsquo;utilisateurs et ainsi de r\u00e9aliser la mesure et l&rsquo;analyse statistique de l&rsquo;utilisation que les utilisateurs font du service offert. Pour ce faire, nous analysons votre navigation sur notre site web afin d&rsquo;am\u00e9liorer l&rsquo;offre de produits ou services que nous vous proposons.<\/li>\n<li>Cookies publicitaires : Ce sont des cookies utilis\u00e9s, soit par nous-m\u00eames soit par des tiers, pour g\u00e9rer de mani\u00e8re optimale les espaces publicitaires disponibles sur notre site web. Ils permettent d&rsquo;adapter le contenu des annonces en fonction du contenu du service demand\u00e9 ou de votre utilisation de notre site. \u00c0 cette fin, nous pouvons analyser vos habitudes de navigation sur Internet afin de vous pr\u00e9senter des publicit\u00e9s en lien avec votre profil de navigation.<\/li>\n<li>Cookies de publicit\u00e9 comportementale : Ces cookies sont employ\u00e9s pour g\u00e9rer de mani\u00e8re efficace les espaces publicitaires inclus \u00e9ventuellement par l&rsquo;\u00e9diteur sur un site web, une application ou une plateforme \u00e0 partir desquels le service demand\u00e9 est fourni. Ils recueillent des informations sur le comportement des utilisateurs en observant continuellement leurs habitudes de navigation, ce qui permet de cr\u00e9er un profil sp\u00e9cifique afin d&rsquo;afficher des publicit\u00e9s correspondant \u00e0 ce profil.<\/li>\n<li>Cookies tiers : Ce site web, somostraductores.com, peut utiliser des services de tiers qui, pour le compte de Google, collecteront des informations \u00e0 des fins statistiques, d&rsquo;utilisation du site par l&rsquo;utilisateur et pour la fourniture d&rsquo;autres services li\u00e9s \u00e0 l&rsquo;activit\u00e9 du site web et \u00e0 d&rsquo;autres services Internet.<\/li>\n<\/ul>\n<p>En particulier, ce site web utilise Google Analytics, un service d&rsquo;analyse Web fourni par Google, Inc., domicili\u00e9 aux \u00c9tats-Unis et ayant son si\u00e8ge social au 1600 Amphitheatre Parkway, Mountain View, Californie 94043. Pour fournir ces services, Google utilise des cookies qui collectent des informations, y compris l&rsquo;adresse IP de l&rsquo;utilisateur, qui seront transmises, trait\u00e9es et stock\u00e9es par Google conform\u00e9ment aux conditions d\u00e9finies sur le site Google.com. Cela inclut \u00e9ventuellement la transmission de ces informations \u00e0 des tiers pour des raisons l\u00e9gales ou lorsque ces tiers traitent les informations pour le compte de Google.<\/p>\n<h2>G\u00c9RER ET REFUSER L&rsquo;UTILISATION DE COOKIES<\/h2>\n<p>\u00c0 tout moment, vous pouvez ajuster les param\u00e8tres de votre navigateur pour g\u00e9rer, refuser l&rsquo;utilisation des cookies et \u00eatre inform\u00e9 avant leur t\u00e9l\u00e9chargement.<br \/>\nVous pouvez \u00e9galement configurer votre navigateur pour refuser tous les cookies, ou uniquement les cookies tiers. Vous pouvez \u00e9galement supprimer tous les cookies d\u00e9j\u00e0 pr\u00e9sents sur votre appareil.<br \/>\nPour ce faire, veuillez noter que vous devrez ajuster s\u00e9par\u00e9ment les param\u00e8tres de chaque navigateur et appareil que vous utilisez, car, comme nous vous l&rsquo;avons mentionn\u00e9 pr\u00e9c\u00e9demment, les cookies sont associ\u00e9s au navigateur, et non \u00e0 la personne.<\/p>\n<ul>\n<li>Google Chrome : https:\/\/support.google.com\/chrome\/answer\/95647?hl=es-419<\/li>\n<li>Internet Explorer : https:\/\/support.microsoft.com\/es-es\/help\/17442\/windows-internet-explorer-delete-manage-cookies#ie=ie-10<\/li>\n<li>Mozilla Firefox : https:\/\/support.mozilla.org\/es\/kb\/habilitar-y-deshabilitar-cookies-sitios-web-rastrear-preferencias?redirectlocale=es&amp;redirectslug=habilitar-y-deshabilitar-cookies-que-los-sitios-we<\/li>\n<li>Apple Safari : https:\/\/support.apple.com\/es-es\/HT201265<\/li>\n<\/ul>\n<p>Si vous avez des questions concernant cette Politique de Cookies, vous pouvez nous contacter en nous envoyant un e-mail \u00e0 info@somostraductores.com.<\/p>\n","protected":false},"excerpt":{"rendered":"<p>Si vous voulez en savoir plus sur l&rsquo;utilisation des cookies par ce site web somostraductores.com, vous \u00eates au bon endroit. Nous allons vous expliquer ce que sont exactement les cookies ; quel type de cookies nous utilisons et pourquoi ; et comment vous pouvez exercer votre droit pour configurer votre navigateur et refuser l&rsquo;utilisation de<\/p>\n","protected":false},"author":1,"featured_media":0,"parent":0,"menu_order":0,"comment_status":"closed","ping_status":"closed","template":"","meta":[],"yoast_head":"<!-- This site is optimized with the Yoast SEO plugin v15.9.1 - https:\/\/yoast.com\/wordpress\/plugins\/seo\/ -->\n<title>Politique en mati\u00e8re de cookies - Somos Traductores<\/title>\n<meta name=\"robots\" content=\"index, follow, max-snippet:-1, max-image-preview:large, max-video-preview:-1\" \/>\n<link rel=\"canonical\" href=\"https:\/\/somostraductores.com\/fr\/politique-en-matiere-de-cookies\/\" \/>\n<meta property=\"og:locale\" content=\"fr_FR\" \/>\n<meta property=\"og:type\" content=\"article\" \/>\n<meta property=\"og:title\" content=\"Politique en mati\u00e8re de cookies - Somos Traductores\" \/>\n<meta property=\"og:description\" content=\"Si vous voulez en savoir plus sur l&rsquo;utilisation des cookies par ce site web somostraductores.com, vous \u00eates au bon endroit. Nous allons vous expliquer ce que sont exactement les cookies ; quel type de cookies nous utilisons et pourquoi ; et comment vous pouvez exercer votre droit pour configurer votre navigateur et refuser l&rsquo;utilisation de\" \/>\n<meta property=\"og:url\" content=\"https:\/\/somostraductores.com\/fr\/politique-en-matiere-de-cookies\/\" \/>\n<meta property=\"og:site_name\" content=\"Somos Traductores\" \/>\n<meta property=\"article:modified_time\" content=\"2024-02-09T12:25:53+00:00\" \/>\n<meta name=\"twitter:card\" content=\"summary_large_image\" \/>\n<meta name=\"twitter:label1\" content=\"Dur\u00e9e de lecture est.\">\n\t<meta name=\"twitter:data1\" content=\"6 minutes\">\n<script type=\"application\/ld+json\" class=\"yoast-schema-graph\">{\"@context\":\"https:\/\/schema.org\",\"@graph\":[{\"@type\":\"WebSite\",\"@id\":\"https:\/\/somostraductores.com\/#website\",\"url\":\"https:\/\/somostraductores.com\/\",\"name\":\"Somos Traductores\",\"description\":\"\",\"potentialAction\":[{\"@type\":\"SearchAction\",\"target\":\"https:\/\/somostraductores.com\/?s={search_term_string}\",\"query-input\":\"required name=search_term_string\"}],\"inLanguage\":\"fr-FR\"},{\"@type\":\"WebPage\",\"@id\":\"https:\/\/somostraductores.com\/fr\/politique-en-matiere-de-cookies\/#webpage\",\"url\":\"https:\/\/somostraductores.com\/fr\/politique-en-matiere-de-cookies\/\",\"name\":\"Politique en mati\\u00e8re de cookies - Somos Traductores\",\"isPartOf\":{\"@id\":\"https:\/\/somostraductores.com\/#website\"},\"datePublished\":\"2020-02-20T13:59:42+00:00\",\"dateModified\":\"2024-02-09T12:25:53+00:00\",\"breadcrumb\":{\"@id\":\"https:\/\/somostraductores.com\/fr\/politique-en-matiere-de-cookies\/#breadcrumb\"},\"inLanguage\":\"fr-FR\",\"potentialAction\":[{\"@type\":\"ReadAction\",\"target\":[\"https:\/\/somostraductores.com\/fr\/politique-en-matiere-de-cookies\/\"]}]},{\"@type\":\"BreadcrumbList\",\"@id\":\"https:\/\/somostraductores.com\/fr\/politique-en-matiere-de-cookies\/#breadcrumb\",\"itemListElement\":[{\"@type\":\"ListItem\",\"position\":1,\"item\":{\"@type\":\"WebPage\",\"@id\":\"https:\/\/somostraductores.com\/fr\/\",\"url\":\"https:\/\/somostraductores.com\/fr\/\",\"name\":\"Portada\"}},{\"@type\":\"ListItem\",\"position\":2,\"item\":{\"@type\":\"WebPage\",\"@id\":\"https:\/\/somostraductores.com\/fr\/politique-en-matiere-de-cookies\/\",\"url\":\"https:\/\/somostraductores.com\/fr\/politique-en-matiere-de-cookies\/\",\"name\":\"Politique en mati\\u00e8re de cookies\"}}]}]}<\/script>\n<!-- \/ Yoast SEO plugin. -->","_links":{"self":[{"href":"https:\/\/somostraductores.com\/fr\/wp-json\/wp\/v2\/pages\/5075"}],"collection":[{"href":"https:\/\/somostraductores.com\/fr\/wp-json\/wp\/v2\/pages"}],"about":[{"href":"https:\/\/somostraductores.com\/fr\/wp-json\/wp\/v2\/types\/page"}],"author":[{"embeddable":true,"href":"https:\/\/somostraductores.com\/fr\/wp-json\/wp\/v2\/users\/1"}],"replies":[{"embeddable":true,"href":"https:\/\/somostraductores.com\/fr\/wp-json\/wp\/v2\/comments?post=5075"}],"version-history":[{"count":5,"href":"https:\/\/somostraductores.com\/fr\/wp-json\/wp\/v2\/pages\/5075\/revisions"}],"predecessor-version":[{"id":5818,"href":"https:\/\/somostraductores.com\/fr\/wp-json\/wp\/v2\/pages\/5075\/revisions\/5818"}],"wp:attachment":[{"href":"https:\/\/somostraductores.com\/fr\/wp-json\/wp\/v2\/media?parent=5075"}],"curies":[{"name":"wp","href":"https:\/\/api.w.org\/{rel}","templated":true}]}}