{"id":5079,"date":"2020-02-20T14:47:02","date_gmt":"2020-02-20T13:47:02","guid":{"rendered":"https:\/\/somostraductores.com\/?page_id=5079"},"modified":"2024-02-09T13:19:14","modified_gmt":"2024-02-09T12:19:14","slug":"politique-de-confidentialite","status":"publish","type":"page","link":"https:\/\/somostraductores.com\/fr\/politique-de-confidentialite\/","title":{"rendered":"Politique de confidentialit\u00e9"},"content":{"rendered":"<p>\u00c0 travers somostraductores.com (ci-apr\u00e8s, le Site Web), aucune donn\u00e9e personnelle des utilisateurs n&rsquo;est collect\u00e9e sans leur consentement, ni n&rsquo;est transmise \u00e0 des tiers.<\/p>\n<p>somostraductores.com contient des liens vers des sites web tiers, dont les politiques de confidentialit\u00e9 sont ind\u00e9pendantes de somostraductores.com. En acc\u00e9dant \u00e0 ces sites web, vous pouvez d\u00e9cider d&rsquo;accepter leurs politiques de confidentialit\u00e9 et de cookies.<\/p>\n<h2>COLLECTE D&rsquo;INFORMATIONS PERSONNELLES SUR CE SITE WEB<\/h2>\n<p>somostraductores.com demande toujours le consentement pr\u00e9alable des utilisateurs pour collecter et utiliser leurs donn\u00e9es personnelles \u00e0 des fins sp\u00e9cifiques. Tout utilisateur a le droit de r\u00e9voquer son consentement pr\u00e9alable \u00e0 tout moment.<\/p>\n<p>Les cas o\u00f9 ce site web demande des donn\u00e9es personnelles sont les suivants :<\/p>\n<p>&#8211; Pour commenter des articles publi\u00e9s sur le blog.<\/p>\n<p>&#8211; Pour poser des questions via le formulaire de contact.<\/p>\n<p>&#8211; Pour t\u00e9l\u00e9charger tout type de ressource gratuite.<\/p>\n<p>Les Donn\u00e9es Personnelles collect\u00e9es seront, sauf indication contraire, le nom et l&rsquo;adresse e-mail de l&rsquo;utilisateur du site web.<\/p>\n<p>Dans certains cas, les informations sur les visiteurs de ce site peuvent \u00eatre partag\u00e9es de mani\u00e8re anonyme avec des tiers, tels que des annonceurs publicitaires, des sponsors ou des affili\u00e9s, dans le seul but d&rsquo;am\u00e9liorer les services que ce site web offre \u00e0 ses utilisateurs et de financer le site web. Toutes ces op\u00e9rations de traitement sont effectu\u00e9es conform\u00e9ment \u00e0 la l\u00e9gislation en vigueur. Les droits des utilisateurs en mati\u00e8re de protection des donn\u00e9es seront toujours respect\u00e9s conform\u00e9ment \u00e0 la loi.<\/p>\n<p>\u00c0 tout moment et en tout cas, l&rsquo;utilisateur a des droits complets sur ses donn\u00e9es personnelles et sur leur utilisation, et peut les exercer \u00e0 tout moment.<\/p>\n<h2>M\u00c9THODES POUR OBTENIR DES INFORMATIONS PERSONNELLES SUR CE SITE WEB<\/h2>\n<p>somostraductores.com utilise les m\u00e9thodes de collecte d&rsquo;informations personnelles suivantes :<\/p>\n<p>&#8211; Formulaire de commentaires : Sur le site web, il existe des formulaires pour pouvoir envoyer un commentaire \u00e0 une page sp\u00e9cifique du site web. Ce formulaire demande \u00e0 l&rsquo;utilisateur un nom et une adresse e-mail. Ces donn\u00e9es sont utilis\u00e9es uniquement pour publier, d\u00e9publier et mod\u00e9rer ces commentaires.<\/p>\n<p>Formulaire de contact : Sur le site web, il existe un formulaire de contact permettant \u00e0 tout utilisateur du site web d&rsquo;envoyer des messages, des plaintes, des suggestions ou des demandes au responsable l\u00e9gal du site. L&rsquo;adresse e-mail fournie dans ce formulaire de contact sera utilis\u00e9e pour r\u00e9pondre aux messages et pour envoyer les informations demand\u00e9es par l&rsquo;utilisateur.<\/p>\n<p>Cookies : Lors de la navigation sur ce site web, des cookies sont stock\u00e9s sur l&rsquo;ordinateur de l&rsquo;utilisateur. Tout utilisateur peut consulter le document Politique de Cookies pour savoir comment les cookies sont utilis\u00e9s et comment les d\u00e9sactiver.<\/p>\n<p>Navigations et Adresses IP : Pendant la navigation sur ce site web, l&rsquo;utilisateur envoie automatiquement au serveur du site les informations de son adresse IP, la date et l&rsquo;heure d&rsquo;acc\u00e8s au site, le syst\u00e8me d&rsquo;exploitation et le navigateur utilis\u00e9 pour acc\u00e9der au site web. Des donn\u00e9es relatives \u00e0 l&rsquo;adresse web \u00e0 partir de laquelle l&rsquo;utilisateur a acc\u00e9d\u00e9 \u00e0 ce site web peuvent \u00e9galement \u00eatre envoy\u00e9es. L&rsquo;Agence espagnole de protection des donn\u00e9es consid\u00e8re que l&rsquo;adresse IP est une donn\u00e9e \u00e0 caract\u00e8re personnel. somostraductores.com n&rsquo;utilisera jamais l&rsquo;adresse IP pour identifier ses utilisateurs. Elle ne l&rsquo;utilisera que pour \u00e9tablir des statistiques d&rsquo;acc\u00e8s au site web et analyser les tendances de comportement des utilisateurs sur somostraductores.com.<\/p>\n<p>Formulaires de t\u00e9l\u00e9chargement gratuit de guides et de toiles en PDF<\/p>\n<p>somostraductores.com ne communiquera jamais ni ne c\u00e9dera ces donn\u00e9es \u00e0 des tiers, sauf en cas de demande l\u00e9gale ou judiciaire.<\/p>\n<h2>SERVICES FOURNIS PAR DES TIERS SUR CE SITE WEB<\/h2>\n<p>Pour fournir les services strictement n\u00e9cessaires au d\u00e9veloppement de son activit\u00e9, somostraductores.com utilise diff\u00e9rents services. Chacun de ces services op\u00e8re selon ses propres politiques de confidentialit\u00e9. somostraductores.com peut \u00e9tudier les comportements de ses visiteurs pour effectuer des analyses d&rsquo;audience et adapter autant que possible les contenus propos\u00e9s sur le site web aux pr\u00e9f\u00e9rences de ses utilisateurs.<\/p>\n<p>Tout utilisateur du site web, ainsi que toute personne physique ou morale, peut cr\u00e9er un lien depuis son site web vers somostraductores.com. Cela n&rsquo;implique en aucun cas une relation quelconque entre somostaductores.com et le propri\u00e9taire du site ou de la page web li\u00e9e. Cela n&rsquo;implique pas non plus que somostraductores.com accepte ou approuve totalement ou partiellement les contenus ou les services des pages web qui \u00e9tablissent un lien vers elle. somostraductores.com se r\u00e9serve toujours le droit de refuser ou de d\u00e9sactiver tout lien vers le site web somostraductores.com.<\/p>\n<h2>SUR L&rsquo;EXACTITUDE ET LA V\u00c9RACIT\u00c9 DES DONN\u00c9ES<\/h2>\n<p>L&rsquo;utilisateur de ce site web garantit que les donn\u00e9es personnelles fournies via les diff\u00e9rents formulaires sont exactes et v\u00e9ridiques. Il garantit \u00e9galement que toutes les informations fournies sur le site web sont v\u00e9ridiques et exactes au moment o\u00f9 elles sont fournies. L&rsquo;utilisateur est tenu de garantir l&rsquo;exactitude de ses donn\u00e9es et de les maintenir \u00e0 jour. Il est seul responsable de l&rsquo;inexactitude ou de la fausset\u00e9 des donn\u00e9es fournies, ainsi que des dommages r\u00e9sultant de cette fausset\u00e9 qui pourraient \u00eatre caus\u00e9s au site web somostraductores.com et \u00e0 son responsable l\u00e9gal.<\/p>\n<h2>EXERCICE DES DROITS ARCO<\/h2>\n<p>Les utilisateurs de ce site web ont les droits suivants :<\/p>\n<p>&#8211; Consulter \u00e0 tout moment les donn\u00e9es personnelles que nous stockons sur l&rsquo;utilisateur de ce site web.<\/p>\n<p>&#8211; Demander la mise \u00e0 jour ou la modification des donn\u00e9es incorrectes stock\u00e9es sur l&rsquo;utilisateur.<\/p>\n<p>Pour exercer les droits d&rsquo;acc\u00e8s, de rectification, d&rsquo;annulation et d&rsquo;opposition de leurs donn\u00e9es, les utilisateurs peuvent envoyer un courriel \u00e0 l&rsquo;adresse suivante : info@somostraductores.com. Cette demande doit \u00eatre accompagn\u00e9e d&rsquo;une preuve d&rsquo;identit\u00e9 valide (photocopie de la carte d&rsquo;identit\u00e9 nationale ou document \u00e9quivalent).<\/p>\n<h2>ACCEPTATION ET CONSENTEMENT<\/h2>\n<p>L&rsquo;utilisateur de ce site web d\u00e9clare avoir \u00e9t\u00e9 inform\u00e9 des conditions relatives \u00e0 la protection des donn\u00e9es personnelles. En utilisant ce site web, l&rsquo;utilisateur accepte et consent au traitement de ses donn\u00e9es par le site web somostraductores.com, conform\u00e9ment aux modalit\u00e9s et aux finalit\u00e9s pr\u00e9cis\u00e9es dans le document Mentions L\u00e9gales du site.<\/p>\n<h2>ENVOI ET R\u00c9GLEMENTATION DES COURRIELS COMMERCIAUX<\/h2>\n<p>Conform\u00e9ment \u00e0 la LSSICE, somostraductores.com ne pratique pas le SPAM et n&rsquo;envoie jamais de courriels commerciaux sans demande ou sans consentement pr\u00e9alable de l&rsquo;utilisateur.<\/p>\n<p>Cette Politique de Confidentialit\u00e9 a \u00e9t\u00e9 mise \u00e0 jour le 20 f\u00e9vrier 2020.<\/p>\n","protected":false},"excerpt":{"rendered":"<p>\u00c0 travers somostraductores.com (ci-apr\u00e8s, le Site Web), aucune donn\u00e9e personnelle des utilisateurs n&rsquo;est collect\u00e9e sans leur consentement, ni n&rsquo;est transmise \u00e0 des tiers. somostraductores.com contient des liens vers des sites web tiers, dont les politiques de confidentialit\u00e9 sont ind\u00e9pendantes de somostraductores.com. En acc\u00e9dant \u00e0 ces sites web, vous pouvez d\u00e9cider d&rsquo;accepter leurs politiques de confidentialit\u00e9<\/p>\n","protected":false},"author":1,"featured_media":0,"parent":0,"menu_order":0,"comment_status":"closed","ping_status":"closed","template":"","meta":[],"yoast_head":"<!-- This site is optimized with the Yoast SEO plugin v15.9.1 - https:\/\/yoast.com\/wordpress\/plugins\/seo\/ -->\n<title>Politique de confidentialit\u00e9 - Somos Traductores<\/title>\n<meta name=\"robots\" content=\"index, follow, max-snippet:-1, max-image-preview:large, max-video-preview:-1\" \/>\n<link rel=\"canonical\" href=\"https:\/\/somostraductores.com\/fr\/politique-de-confidentialite\/\" \/>\n<meta property=\"og:locale\" content=\"fr_FR\" \/>\n<meta property=\"og:type\" content=\"article\" \/>\n<meta property=\"og:title\" content=\"Politique de confidentialit\u00e9 - Somos Traductores\" \/>\n<meta property=\"og:description\" content=\"\u00c0 travers somostraductores.com (ci-apr\u00e8s, le Site Web), aucune donn\u00e9e personnelle des utilisateurs n&rsquo;est collect\u00e9e sans leur consentement, ni n&rsquo;est transmise \u00e0 des tiers. somostraductores.com contient des liens vers des sites web tiers, dont les politiques de confidentialit\u00e9 sont ind\u00e9pendantes de somostraductores.com. En acc\u00e9dant \u00e0 ces sites web, vous pouvez d\u00e9cider d&rsquo;accepter leurs politiques de confidentialit\u00e9\" \/>\n<meta property=\"og:url\" content=\"https:\/\/somostraductores.com\/fr\/politique-de-confidentialite\/\" \/>\n<meta property=\"og:site_name\" content=\"Somos Traductores\" \/>\n<meta property=\"article:modified_time\" content=\"2024-02-09T12:19:14+00:00\" \/>\n<meta name=\"twitter:card\" content=\"summary_large_image\" \/>\n<meta name=\"twitter:label1\" content=\"Dur\u00e9e de lecture est.\">\n\t<meta name=\"twitter:data1\" content=\"5 minutes\">\n<script type=\"application\/ld+json\" class=\"yoast-schema-graph\">{\"@context\":\"https:\/\/schema.org\",\"@graph\":[{\"@type\":\"WebSite\",\"@id\":\"https:\/\/somostraductores.com\/#website\",\"url\":\"https:\/\/somostraductores.com\/\",\"name\":\"Somos Traductores\",\"description\":\"\",\"potentialAction\":[{\"@type\":\"SearchAction\",\"target\":\"https:\/\/somostraductores.com\/?s={search_term_string}\",\"query-input\":\"required name=search_term_string\"}],\"inLanguage\":\"fr-FR\"},{\"@type\":\"WebPage\",\"@id\":\"https:\/\/somostraductores.com\/fr\/politique-de-confidentialite\/#webpage\",\"url\":\"https:\/\/somostraductores.com\/fr\/politique-de-confidentialite\/\",\"name\":\"Politique de confidentialit\\u00e9 - Somos Traductores\",\"isPartOf\":{\"@id\":\"https:\/\/somostraductores.com\/#website\"},\"datePublished\":\"2020-02-20T13:47:02+00:00\",\"dateModified\":\"2024-02-09T12:19:14+00:00\",\"breadcrumb\":{\"@id\":\"https:\/\/somostraductores.com\/fr\/politique-de-confidentialite\/#breadcrumb\"},\"inLanguage\":\"fr-FR\",\"potentialAction\":[{\"@type\":\"ReadAction\",\"target\":[\"https:\/\/somostraductores.com\/fr\/politique-de-confidentialite\/\"]}]},{\"@type\":\"BreadcrumbList\",\"@id\":\"https:\/\/somostraductores.com\/fr\/politique-de-confidentialite\/#breadcrumb\",\"itemListElement\":[{\"@type\":\"ListItem\",\"position\":1,\"item\":{\"@type\":\"WebPage\",\"@id\":\"https:\/\/somostraductores.com\/fr\/\",\"url\":\"https:\/\/somostraductores.com\/fr\/\",\"name\":\"Portada\"}},{\"@type\":\"ListItem\",\"position\":2,\"item\":{\"@type\":\"WebPage\",\"@id\":\"https:\/\/somostraductores.com\/fr\/politique-de-confidentialite\/\",\"url\":\"https:\/\/somostraductores.com\/fr\/politique-de-confidentialite\/\",\"name\":\"Politique de confidentialit\\u00e9\"}}]}]}<\/script>\n<!-- \/ Yoast SEO plugin. -->","_links":{"self":[{"href":"https:\/\/somostraductores.com\/fr\/wp-json\/wp\/v2\/pages\/5079"}],"collection":[{"href":"https:\/\/somostraductores.com\/fr\/wp-json\/wp\/v2\/pages"}],"about":[{"href":"https:\/\/somostraductores.com\/fr\/wp-json\/wp\/v2\/types\/page"}],"author":[{"embeddable":true,"href":"https:\/\/somostraductores.com\/fr\/wp-json\/wp\/v2\/users\/1"}],"replies":[{"embeddable":true,"href":"https:\/\/somostraductores.com\/fr\/wp-json\/wp\/v2\/comments?post=5079"}],"version-history":[{"count":5,"href":"https:\/\/somostraductores.com\/fr\/wp-json\/wp\/v2\/pages\/5079\/revisions"}],"predecessor-version":[{"id":5817,"href":"https:\/\/somostraductores.com\/fr\/wp-json\/wp\/v2\/pages\/5079\/revisions\/5817"}],"wp:attachment":[{"href":"https:\/\/somostraductores.com\/fr\/wp-json\/wp\/v2\/media?parent=5079"}],"curies":[{"name":"wp","href":"https:\/\/api.w.org\/{rel}","templated":true}]}}