{"id":5083,"date":"2017-04-25T11:55:32","date_gmt":"2017-04-25T09:55:32","guid":{"rendered":"https:\/\/somostraductores.com\/?page_id=5083"},"modified":"2024-02-09T11:53:15","modified_gmt":"2024-02-09T10:53:15","slug":"devis","status":"publish","type":"page","link":"https:\/\/somostraductores.com\/fr\/devis\/","title":{"rendered":"DEVIS"},"content":{"rendered":"<div id=\"pl-5083\"  class=\"panel-layout\" ><div id=\"pg-5083-0\"  class=\"panel-grid panel-has-style\" ><div class=\"tablet-default mobile-1-in-row desktop-default panel-row-style panel-row-style-for-5083-0\" ><div id=\"pgc-5083-0-0\"  class=\"panel-grid-cell\" ><div id=\"panel-5083-0-0-0\" class=\"so-panel widget widget_orion_heading_w panel-first-child panel-last-child\" data-index=\"0\" ><div class=\"orion default panel-widget-style panel-widget-style-for-5083-0-0-0\" ><div class=\"so-widget-orion_heading_w so-widget-orion_heading_w-base\">\n\t\n\t\t\n\t<div class=\"row orion-heading\" style=\"margin-bottom:0px;\">\n\t\t<div class=\"col-md-12  separator-style-2 text-center style-h2 style-text-dark\">\n\t\t\t<h2 class=\"text-dark text-uppercase\">\n\t\t\t\tDEMANDER UN DEVIS\t\t\t<\/h2>\n\t\t<\/div>\n\t<\/div>\n\n\t<\/div><\/div><\/div><\/div><\/div><\/div><div id=\"pg-5083-1\"  class=\"panel-grid panel-has-style\" ><div class=\"tablet-default mobile-1-in-row desktop-default panel-row-style panel-row-style-for-5083-1\" ><div id=\"pgc-5083-1-0\"  class=\"panel-grid-cell panel-grid-cell-empty\" ><\/div><div id=\"pgc-5083-1-1\"  class=\"panel-grid-cell panel-grid-cell-mobile-last\" ><div id=\"panel-5083-1-1-0\" class=\"so-panel widget widget_orion_image_w panel-first-child panel-last-child\" data-index=\"1\" ><div class=\"orion default panel-widget-style panel-widget-style-for-5083-1-1-0\" ><div class=\"so-widget-orion_image_w so-widget-orion_image_w-base\">\n<div class=\"image-w relative\">\n\n\t\t\t\t\n\t\t\t\t\t<div class=\"orion_carousel overlay-none overlay-hover-none\">\n\t\t\t\t\t<img width=\"632\" height=\"53\" src=\"https:\/\/somostraductores.com\/wp-content\/uploads\/2020\/10\/banderas.png\" class=\"attachment-orion_carousel size-orion_carousel\" alt=\"\" loading=\"lazy\" \/>\t\t\t<div class=\"overlay\"><\/div>\n\t\t\t\t\t<\/div>\n\t\t\t\n\t\n\t<div class=\"absolute\">\n\t\t<div class=\"hover-desc table-wrap\">\n\t\t\t<div class=\"cell-wrap\">\n\t\t\t\t<h4 class=\"text-light\"><\/h4>\n\t\t\t<\/div>\n\t\t<\/div>\n\t<\/div>\t\t\t\t\t\n<\/div>\n\n<\/div><\/div><\/div><\/div><div id=\"pgc-5083-1-2\"  class=\"panel-grid-cell panel-grid-cell-empty\" ><\/div><\/div><\/div><div id=\"pg-5083-2\"  class=\"panel-grid panel-has-style\" ><div class=\"siteorigin-panels-stretch tablet-default mobile-1-in-row desktop-default overlay-light panel-row-style panel-row-style-for-5083-2\" style=\"background-position: center center; background-repeat: no-repeat; background-size:cover;\" data-stretch-type=\"full\" ><div id=\"pgc-5083-2-0\"  class=\"panel-grid-cell\" ><div id=\"panel-5083-2-0-0\" class=\"so-panel widget widget_orion_empty_space_w panel-first-child\" data-index=\"2\" ><div class=\"orion default panel-widget-style panel-widget-style-for-5083-2-0-0\" ><div class=\"so-widget-orion_empty_space_w so-widget-orion_empty_space_w-base\">\t<div class=\"row empty-space  visible-lg visible-md visible-sm visible-xs\" style=\"height:24px;\">\n\t<\/div><\/div><\/div><\/div><div id=\"panel-5083-2-0-1\" class=\"so-panel widget widget_sow-editor\" data-index=\"3\" ><div class=\"orion default panel-widget-style panel-widget-style-for-5083-2-0-1\" ><div class=\"so-widget-sow-editor so-widget-sow-editor-base\">\n<div class=\"siteorigin-widget-tinymce textwidget\">\n\t<h6>Si vous souhaitez demander un devis, obtenir des informations ou poser toute autre question, veuillez remplir le formulaire ci-dessous.<\/h6>\n<h6>Vous pouvez \u00e9galement nous contacter par t\u00e9l\u00e9phone ou par e-mail et nous joindre les fichiers que vous souhaitez traduire.<\/h6>\n<\/div>\n<\/div><\/div><\/div><div id=\"panel-5083-2-0-2\" class=\"so-panel widget widget_orion_empty_space_w\" data-index=\"4\" ><div class=\"orion default panel-widget-style panel-widget-style-for-5083-2-0-2\" ><div class=\"so-widget-orion_empty_space_w so-widget-orion_empty_space_w-base\">\t<div class=\"row empty-space  visible-lg visible-md visible-sm visible-xs\" style=\"height:24px;\">\n\t<\/div><\/div><\/div><\/div><div id=\"panel-5083-2-0-3\" class=\"so-panel widget widget_orion_icon_text_w panel-last-child\" data-index=\"5\" ><div class=\"orion remove-margin-mobile default panel-widget-style panel-widget-style-for-5083-2-0-3\" ><div class=\"so-widget-orion_icon_text_w so-widget-orion_icon_text_w-base\">\n<div class=\"row icon-box-items-wrap grid short\">\n \n\t\n\t\t\n\t\t\n\t\t\t\t\n\t\t\n\t\t<div class=\"icon-box-wrap clearfix col-lg-12 col-sm-12 text-left \" style=\"margin-bottom:15px;\">\t\t\n\n\t\t\t<h5 class=\"item-title\">91 112 40 03 \/ 633 71 88 12 <\/h5>\t\t\t\t\t\t\t<div class=\"icon-wrap absolute text-left square\">\n\t\t\t\t\t<span class=\"sow-icon-fontawesome sow-fas\" data-sow-icon=\"&#xf095;\"\n\t\tstyle=\"color: #ffffff; background-color: #3233ff\" ><\/span>\t\t\t\t\t\t\t\t\t<\/div>\n\t\t\t\n\t\t\t\t\t\t\n\n\t\t\t<span class=\"description\"><\/span>\n\n\t\t<\/div>\n\t\n\t\t\n\t\t\n\t\t\t\t\n\t\t\n\t\t<div class=\"icon-box-wrap clearfix col-lg-12 col-sm-12 text-left \" style=\"margin-bottom:15px;\">\t\t\n\n\t\t\t<h5 class=\"item-title\">info@somostraductores.com<\/h5>\t\t\t\t\t\t\t<div class=\"icon-wrap absolute text-left square\">\n\t\t\t\t\t<span class=\"sow-icon-fontawesome sow-far\" data-sow-icon=\"&#xf0e0;\"\n\t\tstyle=\"color: #fff; background-color: #3233ff\" ><\/span>\t\t\t\t\t\t\t\t\t<\/div>\n\t\t\t\n\t\t\t\t\t\t\n\n\t\t\t<span class=\"description\"><\/span>\n\n\t\t<\/div>\n\t\n<\/div><\/div><\/div><\/div><\/div><div id=\"pgc-5083-2-1\"  class=\"panel-grid-cell\" ><div id=\"panel-5083-2-1-0\" class=\"so-panel widget widget_orion_empty_space_w panel-first-child\" data-index=\"6\" ><div class=\"orion default panel-widget-style panel-widget-style-for-5083-2-1-0\" ><div class=\"so-widget-orion_empty_space_w so-widget-orion_empty_space_w-base\">\t<div class=\"row empty-space  visible-lg visible-md visible-sm visible-xs\" style=\"height:24px;\">\n\t<\/div><\/div><\/div><\/div><div id=\"panel-5083-2-1-1\" class=\"so-panel widget widget_orion_cf7_w panel-last-child\" data-index=\"7\" ><div class=\"orion default panel-widget-style panel-widget-style-for-5083-2-1-1\" ><div class=\"so-widget-orion_cf7_w so-widget-orion_cf7_w-base\">\n\n<div role=\"form\" class=\"wpcf7\" id=\"wpcf7-f5533-o1\" lang=\"es-ES\" dir=\"ltr\">\n<div class=\"screen-reader-response\"><p role=\"status\" aria-live=\"polite\" aria-atomic=\"true\"><\/p> <ul><\/ul><\/div>\n<form action=\"\/fr\/wp-json\/wp\/v2\/pages\/5083#wpcf7-f5533-o1\" method=\"post\" class=\"wpcf7-form init\" novalidate=\"novalidate\" data-status=\"init\">\n<div style=\"display: none;\">\n<input type=\"hidden\" name=\"_wpcf7\" value=\"5533\" \/>\n<input type=\"hidden\" name=\"_wpcf7_version\" value=\"5.4\" \/>\n<input type=\"hidden\" name=\"_wpcf7_locale\" value=\"es_ES\" \/>\n<input type=\"hidden\" name=\"_wpcf7_unit_tag\" value=\"wpcf7-f5533-o1\" \/>\n<input type=\"hidden\" name=\"_wpcf7_container_post\" value=\"0\" \/>\n<input type=\"hidden\" name=\"_wpcf7_posted_data_hash\" value=\"\" \/>\n<\/div>\n<div class=\"cf7-form row\">\n<div class=\"col-md-6 name\"><span class=\"wpcf7-form-control-wrap text-name\"><input type=\"text\" name=\"text-name\" value=\"\" size=\"40\" class=\"wpcf7-form-control wpcf7-text wpcf7-validates-as-required\" aria-required=\"true\" aria-invalid=\"false\" placeholder=\"Nom\" \/><\/span><\/div>\n<div class=\"col-md-6 text\"><span class=\"wpcf7-form-control-wrap textarea\"><input type=\"text\" name=\"textarea\" value=\"\" size=\"40\" class=\"wpcf7-form-control wpcf7-text\" aria-invalid=\"false\" placeholder=\"Entreprise\" \/><\/span><\/div>\n<div class=\"col-md-6 email\"><span class=\"wpcf7-form-control-wrap email-777\"><input type=\"email\" name=\"email-777\" value=\"\" size=\"40\" class=\"wpcf7-form-control wpcf7-text wpcf7-email wpcf7-validates-as-required wpcf7-validates-as-email\" aria-required=\"true\" aria-invalid=\"false\" placeholder=\"Adresse \u00e9lectronique\" \/><\/span><\/div>\n<div class=\"col-md-6 phone\"><span class=\"wpcf7-form-control-wrap text-phone\"><input type=\"text\" name=\"text-phone\" value=\"\" size=\"40\" class=\"wpcf7-form-control wpcf7-text\" aria-invalid=\"false\" placeholder=\"T\u00e9l\u00e9phone\" \/><\/span><\/div>\n<div class=\"col-md-6 idioma\">Langue source (vous pouvez s\u00e9lectionner plusieurs langues)<span class=\"wpcf7-form-control-wrap menu-722\"><select name=\"menu-722[]\" class=\"wpcf7-form-control wpcf7-select\" aria-invalid=\"false\" multiple=\"multiple\"><option value=\"Allemand\">Allemand<\/option><option value=\"L&#039;arabe\">L&#039;arabe<\/option><option value=\"Chinois\">Chinois<\/option><option value=\"Espagnol\">Espagnol<\/option><option value=\"Fran\u00e7ais\">Fran\u00e7ais<\/option><option value=\"Japonais\">Japonais<\/option><option value=\"N\u00e9erlandais\">N\u00e9erlandais<\/option><option value=\"Anglais\">Anglais<\/option><option value=\"Italien\">Italien<\/option><option value=\"Portugais\">Portugais<\/option><option value=\"Roumain\">Roumain<\/option><option value=\"Russie\">Russie<\/option><option value=\"Autre\">Autre<\/option><\/select><\/span><\/div>\n<div class=\"col-md-6 idioma\"> Langue cible (vous pouvez s\u00e9lectionner plusieurs langues)<span class=\"wpcf7-form-control-wrap menu-695\"><select name=\"menu-695[]\" class=\"wpcf7-form-control wpcf7-select\" aria-invalid=\"false\" multiple=\"multiple\"><option value=\"Allemand\">Allemand<\/option><option value=\"L&#039;arabe\">L&#039;arabe<\/option><option value=\"Chinois\">Chinois<\/option><option value=\"Espagnol\">Espagnol<\/option><option value=\"Fran\u00e7ais\">Fran\u00e7ais<\/option><option value=\"Japonais\">Japonais<\/option><option value=\"N\u00e9erlandais\">N\u00e9erlandais<\/option><option value=\"Anglais\">Anglais<\/option><option value=\"Italien\">Italien<\/option><option value=\"Portugais\">Portugais<\/option><option value=\"Roumain\">Roumain<\/option><option value=\"Russie\">Russie<\/option><option value=\"Autre\">Autre<\/option><\/select><\/span><\/div>\n<div class=\"col-md-12\"><span class=\"wpcf7-form-control-wrap textarea-notes\"><textarea name=\"textarea-notes\" cols=\"40\" rows=\"10\" class=\"wpcf7-form-control wpcf7-textarea wpcf7-validates-as-required\" aria-required=\"true\" aria-invalid=\"false\" placeholder=\"R\u00e9digez votre message\"><\/textarea><\/span><\/div>\n<div class=\"col-md-12\"><span class=\"wpcf7-form-control-wrap\" data-name=\"upload-file-258\"><input type=\"file\" size=\"40\" class=\"wpcf7-form-control wpcf7-drag-n-drop-file d-none\" aria-invalid=\"false\" multiple=\"multiple\" data-name=\"upload-file-258\" data-type=\"pdf|doc|docx|xls|xlsx|ppt|pptx|zip|rar\" data-max=\"20\" data-id=\"5533\" data-version=\"free version 1.3.7.5\" accept=\".pdf, .doc, .docx, .xls, .xlsx, .ppt, .pptx, .zip, .rar\" \/><\/span><\/div>\n<div><center>*Formats pris en charge : PDF, .doc, .xls, .xlsx, .ppt et fichiers compress\u00e9s (ZIP, RAR)<\/center><\/div>\n<p><br><\/p>\n<div class=\"col-md-12 text-center\"><input type=\"submit\" value=\"ENVOYER\" class=\"wpcf7-form-control wpcf7-submit btn btn-c1 btn-md\" \/><\/div>\n<\/div>\n<div class=\"wpcf7-response-output\" aria-hidden=\"true\"><\/div><\/form><\/div><\/div><\/div><\/div><\/div><\/div><\/div><\/div>","protected":false},"excerpt":{"rendered":"<p>DEMANDER UN DEVIS Si vous souhaitez demander un devis, obtenir des informations ou poser toute autre question, veuillez remplir le formulaire ci-dessous. Vous pouvez \u00e9galement nous contacter par t\u00e9l\u00e9phone ou par e-mail et nous joindre les fichiers que vous souhaitez traduire. 91 112 40 03 \/ 633 71 88 12 info@somostraductores.com Langue source (vous pouvez<\/p>\n","protected":false},"author":1,"featured_media":0,"parent":0,"menu_order":0,"comment_status":"closed","ping_status":"closed","template":"","meta":[],"yoast_head":"<!-- This site is optimized with the Yoast SEO plugin v15.9.1 - https:\/\/yoast.com\/wordpress\/plugins\/seo\/ -->\n<title>DEVIS - Somos Traductores<\/title>\n<meta name=\"robots\" content=\"index, follow, max-snippet:-1, max-image-preview:large, max-video-preview:-1\" \/>\n<link rel=\"canonical\" href=\"https:\/\/somostraductores.com\/fr\/devis\/\" \/>\n<meta property=\"og:locale\" content=\"fr_FR\" \/>\n<meta property=\"og:type\" content=\"article\" \/>\n<meta property=\"og:title\" content=\"DEVIS - Somos Traductores\" \/>\n<meta property=\"og:description\" content=\"DEMANDER UN DEVIS Si vous souhaitez demander un devis, obtenir des informations ou poser toute autre question, veuillez remplir le formulaire ci-dessous. Vous pouvez \u00e9galement nous contacter par t\u00e9l\u00e9phone ou par e-mail et nous joindre les fichiers que vous souhaitez traduire. 91 112 40 03 \/ 633 71 88 12 info@somostraductores.com Langue source (vous pouvez\" \/>\n<meta property=\"og:url\" content=\"https:\/\/somostraductores.com\/fr\/devis\/\" \/>\n<meta property=\"og:site_name\" content=\"Somos Traductores\" \/>\n<meta property=\"article:modified_time\" content=\"2024-02-09T10:53:15+00:00\" \/>\n<meta name=\"twitter:card\" content=\"summary_large_image\" \/>\n<meta name=\"twitter:label1\" content=\"Dur\u00e9e de lecture est.\">\n\t<meta name=\"twitter:data1\" content=\"1 minute\">\n<script type=\"application\/ld+json\" class=\"yoast-schema-graph\">{\"@context\":\"https:\/\/schema.org\",\"@graph\":[{\"@type\":\"WebSite\",\"@id\":\"https:\/\/somostraductores.com\/#website\",\"url\":\"https:\/\/somostraductores.com\/\",\"name\":\"Somos Traductores\",\"description\":\"\",\"potentialAction\":[{\"@type\":\"SearchAction\",\"target\":\"https:\/\/somostraductores.com\/?s={search_term_string}\",\"query-input\":\"required name=search_term_string\"}],\"inLanguage\":\"fr-FR\"},{\"@type\":\"WebPage\",\"@id\":\"https:\/\/somostraductores.com\/fr\/devis\/#webpage\",\"url\":\"https:\/\/somostraductores.com\/fr\/devis\/\",\"name\":\"DEVIS - Somos Traductores\",\"isPartOf\":{\"@id\":\"https:\/\/somostraductores.com\/#website\"},\"datePublished\":\"2017-04-25T09:55:32+00:00\",\"dateModified\":\"2024-02-09T10:53:15+00:00\",\"breadcrumb\":{\"@id\":\"https:\/\/somostraductores.com\/fr\/devis\/#breadcrumb\"},\"inLanguage\":\"fr-FR\",\"potentialAction\":[{\"@type\":\"ReadAction\",\"target\":[\"https:\/\/somostraductores.com\/fr\/devis\/\"]}]},{\"@type\":\"BreadcrumbList\",\"@id\":\"https:\/\/somostraductores.com\/fr\/devis\/#breadcrumb\",\"itemListElement\":[{\"@type\":\"ListItem\",\"position\":1,\"item\":{\"@type\":\"WebPage\",\"@id\":\"https:\/\/somostraductores.com\/fr\/\",\"url\":\"https:\/\/somostraductores.com\/fr\/\",\"name\":\"Portada\"}},{\"@type\":\"ListItem\",\"position\":2,\"item\":{\"@type\":\"WebPage\",\"@id\":\"https:\/\/somostraductores.com\/fr\/devis\/\",\"url\":\"https:\/\/somostraductores.com\/fr\/devis\/\",\"name\":\"DEVIS\"}}]}]}<\/script>\n<!-- \/ Yoast SEO plugin. -->","_links":{"self":[{"href":"https:\/\/somostraductores.com\/fr\/wp-json\/wp\/v2\/pages\/5083"}],"collection":[{"href":"https:\/\/somostraductores.com\/fr\/wp-json\/wp\/v2\/pages"}],"about":[{"href":"https:\/\/somostraductores.com\/fr\/wp-json\/wp\/v2\/types\/page"}],"author":[{"embeddable":true,"href":"https:\/\/somostraductores.com\/fr\/wp-json\/wp\/v2\/users\/1"}],"replies":[{"embeddable":true,"href":"https:\/\/somostraductores.com\/fr\/wp-json\/wp\/v2\/comments?post=5083"}],"version-history":[{"count":11,"href":"https:\/\/somostraductores.com\/fr\/wp-json\/wp\/v2\/pages\/5083\/revisions"}],"predecessor-version":[{"id":5806,"href":"https:\/\/somostraductores.com\/fr\/wp-json\/wp\/v2\/pages\/5083\/revisions\/5806"}],"wp:attachment":[{"href":"https:\/\/somostraductores.com\/fr\/wp-json\/wp\/v2\/media?parent=5083"}],"curies":[{"name":"wp","href":"https:\/\/api.w.org\/{rel}","templated":true}]}}