{"id":5111,"date":"2020-04-08T07:58:31","date_gmt":"2020-04-08T05:58:31","guid":{"rendered":"https:\/\/somostraductores.com\/?page_id=5111"},"modified":"2023-11-20T17:00:02","modified_gmt":"2023-11-20T16:00:02","slug":"traduction-audiovisuelle","status":"publish","type":"page","link":"https:\/\/somostraductores.com\/fr\/traduction-audiovisuelle\/","title":{"rendered":"Traduction audiovisuelle"},"content":{"rendered":"<div id=\"pl-5111\"  class=\"panel-layout\" ><div id=\"pg-5111-0\"  class=\"panel-grid panel-has-style\" ><div class=\"tablet-default mobile-1-in-row desktop-default panel-row-style panel-row-style-for-5111-0\" ><div id=\"pgc-5111-0-0\"  class=\"panel-grid-cell\" ><div id=\"panel-5111-0-0-0\" class=\"so-panel widget widget_orion_heading_w panel-first-child panel-last-child\" data-index=\"0\" ><div class=\"orion default panel-widget-style panel-widget-style-for-5111-0-0-0\" ><div class=\"so-widget-orion_heading_w so-widget-orion_heading_w-base\">\n\t\n\t\t\n\t<div class=\"row orion-heading\" style=\"margin-bottom:0px;\">\n\t\t<div class=\"col-md-12  separator-style-2 text-center style-h1 style-text-dark\">\n\t\t\t<h1 class=\"text-dark text-uppercase\">\n\t\t\t\tTRADUCTION AUDIOVISUELLE\t\t\t<\/h1>\n\t\t<\/div>\n\t<\/div>\n\n\t<\/div><\/div><\/div><\/div><\/div><\/div><div id=\"pg-5111-1\"  class=\"panel-grid panel-has-style\" ><div class=\"tablet-default mobile-1-in-row desktop-default panel-row-style panel-row-style-for-5111-1\" ><div id=\"pgc-5111-1-0\"  class=\"panel-grid-cell\" ><div id=\"panel-5111-1-0-0\" class=\"so-panel widget widget_sow-editor panel-first-child panel-last-child\" data-index=\"1\" ><div class=\"orion default panel-widget-style panel-widget-style-for-5111-1-0-0\" ><div class=\"so-widget-sow-editor so-widget-sow-editor-base\">\n<div class=\"siteorigin-widget-tinymce textwidget\">\n\t<p>En Espagne, la traduction audiovisuelle a toujours \u00e9t\u00e9 tr\u00e8s importante en raison de notre tradition de doublage. De l'\u00e9tranger, une grande quantit\u00e9 de mat\u00e9riel dans diff\u00e9rentes langues arrive dans le but de le transmettre au public, ce qui n'est pas toujours possible en raison de la barri\u00e8re linguistique.<\/p>\n<p>Les traducteurs audiovisuels rendent possible la diffusion de ce mat\u00e9riel au plus grand nombre de personnes possible, tout comme ils nous permettent d'exporter notre propre mat\u00e9riel \u00e0 l'\u00e9tranger.<\/p>\n<p>Ce type de traduction couvre plusieurs sp\u00e9cialit\u00e9s, du doublage de films, de documentaires, d'\u00e9missions de t\u00e9l\u00e9vision, etc., au sous-titrage de tous types de mat\u00e9riel audiovisuel : jeux vid\u00e9o, clips vid\u00e9o, films, documentaires, \u00e9missions, s\u00e9ries et publicit\u00e9s.<\/p>\n<p>SOMOS Traductores compte dans son \u00e9quipe des professionnels de la traduction audiovisuelle qui travaillent pour des cha\u00eenes de t\u00e9l\u00e9vision de renomm\u00e9e mondiale et qui traduisent tous types de contenus audiovisuels. Nous sommes fiers d'avoir une \u00e9quipe jeune qui comprend l'importance de transmettre un message non seulement par \u00e9crit, mais aussi de mani\u00e8re sonore dans diff\u00e9rentes langues.<\/p>\n<p>Vous pouvez demander un devis pour tout type de traduction audiovisuelle, que ce soit pour une publicit\u00e9, un programme, un film, un documentaire, un court-m\u00e9trage, etc. Merci de faire confiance \u00e0 SOMOS Traductores !<\/p>\n<\/div>\n<\/div><\/div><\/div><\/div><\/div><\/div><div id=\"pg-5111-2\"  class=\"panel-grid panel-has-style\" ><div class=\"tablet-default mobile-1-in-row desktop-default panel-row-style panel-row-style-for-5111-2\" ><div id=\"pgc-5111-2-0\"  class=\"panel-grid-cell\" ><div id=\"panel-5111-2-0-0\" class=\"so-panel widget widget_orion_empty_space_w panel-first-child panel-last-child\" data-index=\"2\" ><div class=\"orion default panel-widget-style panel-widget-style-for-5111-2-0-0\" ><div class=\"so-widget-orion_empty_space_w so-widget-orion_empty_space_w-base\">\t<div class=\"row empty-space  visible-lg visible-md visible-sm visible-xs\" style=\"height:24px;\">\n\t<\/div><\/div><\/div><\/div><\/div><\/div><\/div><div id=\"pg-5111-3\"  class=\"panel-grid panel-has-style\" ><div class=\"tablet-default mobile-1-in-row desktop-default panel-row-style panel-row-style-for-5111-3\" ><div id=\"pgc-5111-3-0\"  class=\"panel-grid-cell panel-grid-cell-empty\" ><\/div><div id=\"pgc-5111-3-1\"  class=\"panel-grid-cell\" ><div id=\"panel-5111-3-1-0\" class=\"so-panel widget widget_orion_list_w panel-first-child panel-last-child\" data-index=\"3\" ><div class=\"orion default panel-widget-style panel-widget-style-for-5111-3-1-0\" ><div class=\"so-widget-orion_list_w so-widget-orion_list_w-base\"><div class=\"row button-wrap\">\n\t\n\t<div class=\"list-wrap col-md-12\">\n\t\t<ul class=\"no-liststyle size-large\" style=\"background:transparent\">\n\t\t\t\t\n\t\t<li class=\"text-default\" style='color:#000000;'>\n\t\t\t\t\t\t\t<span class=\"icon\">\n\t\t\t\t\t<span class=\"sow-icon-icomoon\" data-sow-icon=\"&#xe942;\"\n\t\tstyle=\"color: #3233ff\" ><\/span>\t\t\t\t<\/span>\n\t\t\t\t\t\t\t91 112 40 03 \/ 633 71 88 12\t\t<\/li>\t\n\n\t\t\t<\/ul>\n\t<\/div>\n<\/div><\/div><\/div><\/div><\/div><div id=\"pgc-5111-3-2\"  class=\"panel-grid-cell panel-grid-cell-mobile-last\" ><div id=\"panel-5111-3-2-0\" class=\"so-panel widget widget_orion_button_w panel-first-child panel-last-child\" data-index=\"4\" ><div class=\"orion default panel-widget-style panel-widget-style-for-5111-3-2-0\" ><div class=\"so-widget-orion_button_w so-widget-orion_button_w-base\">\t<div class=\"wrapper block\" style=\"text-align:center\">\n\n\t\t\t<a class=\"btn btn-c1 btn-flat btn-md\"  href=\"https:\/\/somostraductores.com\/presupuesto\/\">\n\t\t\tDEMANDER UN DEVIS\t\t\n\t\t<\/a>\n\t\n<\/div>\n<\/div><\/div><\/div><\/div><div id=\"pgc-5111-3-3\"  class=\"panel-grid-cell panel-grid-cell-empty\" ><\/div><\/div><\/div><div id=\"pg-5111-4\"  class=\"panel-grid panel-has-style\" ><div class=\"siteorigin-panels-stretch tablet-default mobile-1-in-row desktop-default panel-row-style panel-row-style-for-5111-4\" data-stretch-type=\"full\" ><div id=\"pgc-5111-4-0\"  class=\"panel-grid-cell panel-grid-cell-empty\" ><\/div><\/div><\/div><\/div>","protected":false},"excerpt":{"rendered":"<p>En Espagne, la traduction audiovisuelle a toujours \u00e9t\u00e9 tr\u00e8s importante en raison de notre tradition de doublage. De l&rsquo;\u00e9tranger, une grande quantit\u00e9 de mat\u00e9riel dans diff\u00e9rentes langues arrive dans le but de le transmettre au public, ce qui n&rsquo;est pas toujours possible en raison de la barri\u00e8re linguistique. Les traducteurs audiovisuels rendent possible la diffusion<\/p>\n","protected":false},"author":1,"featured_media":0,"parent":0,"menu_order":0,"comment_status":"closed","ping_status":"closed","template":"","meta":[],"yoast_head":"<!-- This site is optimized with the Yoast SEO plugin v15.9.1 - https:\/\/yoast.com\/wordpress\/plugins\/seo\/ -->\n<title>Traduction audiovisuelle - Somos Traductores<\/title>\n<meta name=\"robots\" content=\"index, follow, max-snippet:-1, max-image-preview:large, max-video-preview:-1\" \/>\n<link rel=\"canonical\" href=\"https:\/\/somostraductores.com\/fr\/traduction-audiovisuelle\/\" \/>\n<meta property=\"og:locale\" content=\"fr_FR\" \/>\n<meta property=\"og:type\" content=\"article\" \/>\n<meta property=\"og:title\" content=\"Traduction audiovisuelle - Somos Traductores\" \/>\n<meta property=\"og:description\" content=\"En Espagne, la traduction audiovisuelle a toujours \u00e9t\u00e9 tr\u00e8s importante en raison de notre tradition de doublage. De l&#039;\u00e9tranger, une grande quantit\u00e9 de mat\u00e9riel dans diff\u00e9rentes langues arrive dans le but de le transmettre au public, ce qui n&#039;est pas toujours possible en raison de la barri\u00e8re linguistique. Les traducteurs audiovisuels rendent possible la diffusion\" \/>\n<meta property=\"og:url\" content=\"https:\/\/somostraductores.com\/fr\/traduction-audiovisuelle\/\" \/>\n<meta property=\"og:site_name\" content=\"Somos Traductores\" \/>\n<meta property=\"article:modified_time\" content=\"2023-11-20T16:00:02+00:00\" \/>\n<meta name=\"twitter:card\" content=\"summary_large_image\" \/>\n<meta name=\"twitter:label1\" content=\"Dur\u00e9e de lecture est.\">\n\t<meta name=\"twitter:data1\" content=\"1 minute\">\n<script type=\"application\/ld+json\" class=\"yoast-schema-graph\">{\"@context\":\"https:\/\/schema.org\",\"@graph\":[{\"@type\":\"WebSite\",\"@id\":\"https:\/\/somostraductores.com\/#website\",\"url\":\"https:\/\/somostraductores.com\/\",\"name\":\"Somos Traductores\",\"description\":\"\",\"potentialAction\":[{\"@type\":\"SearchAction\",\"target\":\"https:\/\/somostraductores.com\/?s={search_term_string}\",\"query-input\":\"required name=search_term_string\"}],\"inLanguage\":\"fr-FR\"},{\"@type\":\"WebPage\",\"@id\":\"https:\/\/somostraductores.com\/fr\/traduction-audiovisuelle\/#webpage\",\"url\":\"https:\/\/somostraductores.com\/fr\/traduction-audiovisuelle\/\",\"name\":\"Traduction audiovisuelle - Somos Traductores\",\"isPartOf\":{\"@id\":\"https:\/\/somostraductores.com\/#website\"},\"datePublished\":\"2020-04-08T05:58:31+00:00\",\"dateModified\":\"2023-11-20T16:00:02+00:00\",\"breadcrumb\":{\"@id\":\"https:\/\/somostraductores.com\/fr\/traduction-audiovisuelle\/#breadcrumb\"},\"inLanguage\":\"fr-FR\",\"potentialAction\":[{\"@type\":\"ReadAction\",\"target\":[\"https:\/\/somostraductores.com\/fr\/traduction-audiovisuelle\/\"]}]},{\"@type\":\"BreadcrumbList\",\"@id\":\"https:\/\/somostraductores.com\/fr\/traduction-audiovisuelle\/#breadcrumb\",\"itemListElement\":[{\"@type\":\"ListItem\",\"position\":1,\"item\":{\"@type\":\"WebPage\",\"@id\":\"https:\/\/somostraductores.com\/fr\/\",\"url\":\"https:\/\/somostraductores.com\/fr\/\",\"name\":\"Portada\"}},{\"@type\":\"ListItem\",\"position\":2,\"item\":{\"@type\":\"WebPage\",\"@id\":\"https:\/\/somostraductores.com\/fr\/traduction-audiovisuelle\/\",\"url\":\"https:\/\/somostraductores.com\/fr\/traduction-audiovisuelle\/\",\"name\":\"Traduction audiovisuelle\"}}]}]}<\/script>\n<!-- \/ Yoast SEO plugin. -->","_links":{"self":[{"href":"https:\/\/somostraductores.com\/fr\/wp-json\/wp\/v2\/pages\/5111"}],"collection":[{"href":"https:\/\/somostraductores.com\/fr\/wp-json\/wp\/v2\/pages"}],"about":[{"href":"https:\/\/somostraductores.com\/fr\/wp-json\/wp\/v2\/types\/page"}],"author":[{"embeddable":true,"href":"https:\/\/somostraductores.com\/fr\/wp-json\/wp\/v2\/users\/1"}],"replies":[{"embeddable":true,"href":"https:\/\/somostraductores.com\/fr\/wp-json\/wp\/v2\/comments?post=5111"}],"version-history":[{"count":13,"href":"https:\/\/somostraductores.com\/fr\/wp-json\/wp\/v2\/pages\/5111\/revisions"}],"predecessor-version":[{"id":5710,"href":"https:\/\/somostraductores.com\/fr\/wp-json\/wp\/v2\/pages\/5111\/revisions\/5710"}],"wp:attachment":[{"href":"https:\/\/somostraductores.com\/fr\/wp-json\/wp\/v2\/media?parent=5111"}],"curies":[{"name":"wp","href":"https:\/\/api.w.org\/{rel}","templated":true}]}}