{"id":5127,"date":"2020-04-08T10:02:05","date_gmt":"2020-04-08T08:02:05","guid":{"rendered":"https:\/\/somostraductores.com\/?page_id=5127"},"modified":"2023-11-20T17:09:14","modified_gmt":"2023-11-20T16:09:14","slug":"traduction-economique-et-financiere","status":"publish","type":"page","link":"https:\/\/somostraductores.com\/fr\/traduction-economique-et-financiere\/","title":{"rendered":"Traduction \u00e9conomique et financi\u00e8re"},"content":{"rendered":"<div id=\"pl-5127\"  class=\"panel-layout\" ><div id=\"pg-5127-0\"  class=\"panel-grid panel-has-style\" ><div class=\"tablet-default mobile-1-in-row desktop-default panel-row-style panel-row-style-for-5127-0\" ><div id=\"pgc-5127-0-0\"  class=\"panel-grid-cell\" ><div id=\"panel-5127-0-0-0\" class=\"so-panel widget widget_orion_heading_w panel-first-child panel-last-child\" data-index=\"0\" ><div class=\"orion default panel-widget-style panel-widget-style-for-5127-0-0-0\" ><div class=\"so-widget-orion_heading_w so-widget-orion_heading_w-base\">\n\t\n\t\t\n\t<div class=\"row orion-heading\" style=\"margin-bottom:0px;\">\n\t\t<div class=\"col-md-12  separator-style-2 text-center style-h1 style-text-dark\">\n\t\t\t<h1 class=\"text-dark text-uppercase\">\n\t\t\t\tTraduction \u00e9conomique et financi\u00e8re\t\t\t<\/h1>\n\t\t<\/div>\n\t<\/div>\n\n\t<\/div><\/div><\/div><\/div><\/div><\/div><div id=\"pg-5127-1\"  class=\"panel-grid panel-has-style\" ><div class=\"tablet-default mobile-1-in-row desktop-default panel-row-style panel-row-style-for-5127-1\" ><div id=\"pgc-5127-1-0\"  class=\"panel-grid-cell\" ><div id=\"panel-5127-1-0-0\" class=\"so-panel widget widget_sow-editor panel-first-child panel-last-child\" data-index=\"1\" ><div class=\"orion default panel-widget-style panel-widget-style-for-5127-1-0-0\" ><div class=\"so-widget-sow-editor so-widget-sow-editor-base\">\n<div class=\"siteorigin-widget-tinymce textwidget\">\n\t<p>Depuis toujours, et pour des raisons \u00e9videntes, l'\u00e9conomie a jou\u00e9 un r\u00f4le capital dans nos vies, que ce soit pour les grandes entreprises ou pour les familles. Bien que cette science soit universelle, la transmission des concepts financiers en diff\u00e9rentes langues n'est pas toujours simple, car ils d\u00e9pendent souvent des diff\u00e9rents mod\u00e8les et \u00e9coles \u00e9conomiques, qui peuvent \u00eatre enracin\u00e9s uniquement dans certains pays et cultures et \u00e9trangers \u00e0 d\u2019autres.<\/p>\n<p>De nombreux documents li\u00e9s \u00e0 l'\u00e9conomie et aux finances sont susceptibles d'\u00eatre traduits, tels que les\u00a0<strong>rapports de comptes, les audits, les d\u00e9clarations fiscales<\/strong>\u00a0et les\u00a0<strong>accords financiers<\/strong>. Il est \u00e9galement courant de traduire des\u00a0<strong>publications et des nouvelles financi\u00e8res, des polices d'assurance et de r\u00e9assurance, de la documentation boursi\u00e8re<\/strong>\u00a0et des\u00a0<strong>textes sur la banque et l'investissement<\/strong>.<\/p>\n<p>Chez SOMOS Traductores, nous disposons de plusieurs\u00a0<strong>professionnels sp\u00e9cialis\u00e9s dans la traduction \u00e9conomique et financi\u00e8re<\/strong>\u00a0qui traduisent des\u00a0<strong>programmes de t\u00e9l\u00e9vision hautement sp\u00e9cialis\u00e9s<\/strong>\u00a0dans cette discipline et en qui de nombreuses entreprises font confiance pour traduire l\u2019ensemble de leur documentation financi\u00e8re. Nos traducteurs sont \u00e9galement parfaitement familiers de la traduction de\u00a0<strong>plans de r\u00e9ajustement \u00e9conomique<\/strong>\u00a0et de\u00a0<strong>polices d'assurance et de r\u00e9assurance<\/strong>.<\/p>\n<p>Nous saisissons cette occasion pour inviter toutes les entreprises et particuliers ayant besoin de traduire des documents de ce type \u00e0 demander un\u00a0<strong>devis.<\/strong><\/p>\n<\/div>\n<\/div><\/div><\/div><\/div><\/div><\/div><div id=\"pg-5127-2\"  class=\"panel-grid panel-has-style\" ><div class=\"tablet-default mobile-1-in-row desktop-default panel-row-style panel-row-style-for-5127-2\" ><div id=\"pgc-5127-2-0\"  class=\"panel-grid-cell\" ><div id=\"panel-5127-2-0-0\" class=\"so-panel widget widget_orion_empty_space_w panel-first-child panel-last-child\" data-index=\"2\" ><div class=\"orion default panel-widget-style panel-widget-style-for-5127-2-0-0\" ><div class=\"so-widget-orion_empty_space_w so-widget-orion_empty_space_w-base\">\t<div class=\"row empty-space  visible-lg visible-md visible-sm visible-xs\" style=\"height:24px;\">\n\t<\/div><\/div><\/div><\/div><\/div><\/div><\/div><div id=\"pg-5127-3\"  class=\"panel-grid panel-has-style\" ><div class=\"tablet-default mobile-1-in-row desktop-default panel-row-style panel-row-style-for-5127-3\" ><div id=\"pgc-5127-3-0\"  class=\"panel-grid-cell panel-grid-cell-empty\" ><\/div><div id=\"pgc-5127-3-1\"  class=\"panel-grid-cell\" ><div id=\"panel-5127-3-1-0\" class=\"so-panel widget widget_orion_list_w panel-first-child panel-last-child\" data-index=\"3\" ><div class=\"orion default panel-widget-style panel-widget-style-for-5127-3-1-0\" ><div class=\"so-widget-orion_list_w so-widget-orion_list_w-base\"><div class=\"row button-wrap\">\n\t\n\t<div class=\"list-wrap col-md-12\">\n\t\t<ul class=\"no-liststyle size-large\" style=\"background:transparent\">\n\t\t\t\t\n\t\t<li class=\"text-default\" style='color:#000000;'>\n\t\t\t\t\t\t\t<span class=\"icon\">\n\t\t\t\t\t<span class=\"sow-icon-icomoon\" data-sow-icon=\"&#xe942;\"\n\t\tstyle=\"color: #3233ff\" ><\/span>\t\t\t\t<\/span>\n\t\t\t\t\t\t\t91 112 40 03 \/ 633 71 88 12\t\t<\/li>\t\n\n\t\t\t<\/ul>\n\t<\/div>\n<\/div><\/div><\/div><\/div><\/div><div id=\"pgc-5127-3-2\"  class=\"panel-grid-cell panel-grid-cell-mobile-last\" ><div id=\"panel-5127-3-2-0\" class=\"so-panel widget widget_orion_button_w panel-first-child panel-last-child\" data-index=\"4\" ><div class=\"orion default panel-widget-style panel-widget-style-for-5127-3-2-0\" ><div class=\"so-widget-orion_button_w so-widget-orion_button_w-base\">\t<div class=\"wrapper block\" style=\"text-align:center\">\n\n\t\t\t<a class=\"btn btn-c1 btn-flat btn-md\"  href=\"https:\/\/somostraductores.com\/presupuesto\/\">\n\t\t\tDEMANDER UN DEVIS\t\t\n\t\t<\/a>\n\t\n<\/div>\n<\/div><\/div><\/div><\/div><div id=\"pgc-5127-3-3\"  class=\"panel-grid-cell panel-grid-cell-empty\" ><\/div><\/div><\/div><div id=\"pg-5127-4\"  class=\"panel-grid panel-has-style\" ><div class=\"siteorigin-panels-stretch tablet-default mobile-1-in-row desktop-default overlay-c1 panel-row-style panel-row-style-for-5127-4\" data-stretch-type=\"full\" ><div id=\"pgc-5127-4-0\"  class=\"panel-grid-cell panel-grid-cell-empty\" ><\/div><\/div><\/div><\/div>","protected":false},"excerpt":{"rendered":"<p>Depuis toujours, et pour des raisons \u00e9videntes, l&rsquo;\u00e9conomie a jou\u00e9 un r\u00f4le capital dans nos vies, que ce soit pour les grandes entreprises ou pour les familles. Bien que cette science soit universelle, la transmission des concepts financiers en diff\u00e9rentes langues n&rsquo;est pas toujours simple, car ils d\u00e9pendent souvent des diff\u00e9rents mod\u00e8les et \u00e9coles \u00e9conomiques,<\/p>\n","protected":false},"author":1,"featured_media":0,"parent":0,"menu_order":0,"comment_status":"closed","ping_status":"closed","template":"","meta":[],"yoast_head":"<!-- This site is optimized with the Yoast SEO plugin v15.9.1 - https:\/\/yoast.com\/wordpress\/plugins\/seo\/ -->\n<title>Traduction \u00e9conomique et financi\u00e8re - Somos Traductores<\/title>\n<meta name=\"robots\" content=\"index, follow, max-snippet:-1, max-image-preview:large, max-video-preview:-1\" \/>\n<link rel=\"canonical\" href=\"https:\/\/somostraductores.com\/fr\/traduction-economique-et-financiere\/\" \/>\n<meta property=\"og:locale\" content=\"fr_FR\" \/>\n<meta property=\"og:type\" content=\"article\" \/>\n<meta property=\"og:title\" content=\"Traduction \u00e9conomique et financi\u00e8re - Somos Traductores\" \/>\n<meta property=\"og:description\" content=\"Depuis toujours, et pour des raisons \u00e9videntes, l&#039;\u00e9conomie a jou\u00e9 un r\u00f4le capital dans nos vies, que ce soit pour les grandes entreprises ou pour les familles. Bien que cette science soit universelle, la transmission des concepts financiers en diff\u00e9rentes langues n&#039;est pas toujours simple, car ils d\u00e9pendent souvent des diff\u00e9rents mod\u00e8les et \u00e9coles \u00e9conomiques,\" \/>\n<meta property=\"og:url\" content=\"https:\/\/somostraductores.com\/fr\/traduction-economique-et-financiere\/\" \/>\n<meta property=\"og:site_name\" content=\"Somos Traductores\" \/>\n<meta property=\"article:modified_time\" content=\"2023-11-20T16:09:14+00:00\" \/>\n<meta name=\"twitter:card\" content=\"summary_large_image\" \/>\n<meta name=\"twitter:label1\" content=\"Dur\u00e9e de lecture est.\">\n\t<meta name=\"twitter:data1\" content=\"1 minute\">\n<script type=\"application\/ld+json\" class=\"yoast-schema-graph\">{\"@context\":\"https:\/\/schema.org\",\"@graph\":[{\"@type\":\"WebSite\",\"@id\":\"https:\/\/somostraductores.com\/#website\",\"url\":\"https:\/\/somostraductores.com\/\",\"name\":\"Somos Traductores\",\"description\":\"\",\"potentialAction\":[{\"@type\":\"SearchAction\",\"target\":\"https:\/\/somostraductores.com\/?s={search_term_string}\",\"query-input\":\"required name=search_term_string\"}],\"inLanguage\":\"fr-FR\"},{\"@type\":\"WebPage\",\"@id\":\"https:\/\/somostraductores.com\/fr\/traduction-economique-et-financiere\/#webpage\",\"url\":\"https:\/\/somostraductores.com\/fr\/traduction-economique-et-financiere\/\",\"name\":\"Traduction \\u00e9conomique et financi\\u00e8re - Somos Traductores\",\"isPartOf\":{\"@id\":\"https:\/\/somostraductores.com\/#website\"},\"datePublished\":\"2020-04-08T08:02:05+00:00\",\"dateModified\":\"2023-11-20T16:09:14+00:00\",\"breadcrumb\":{\"@id\":\"https:\/\/somostraductores.com\/fr\/traduction-economique-et-financiere\/#breadcrumb\"},\"inLanguage\":\"fr-FR\",\"potentialAction\":[{\"@type\":\"ReadAction\",\"target\":[\"https:\/\/somostraductores.com\/fr\/traduction-economique-et-financiere\/\"]}]},{\"@type\":\"BreadcrumbList\",\"@id\":\"https:\/\/somostraductores.com\/fr\/traduction-economique-et-financiere\/#breadcrumb\",\"itemListElement\":[{\"@type\":\"ListItem\",\"position\":1,\"item\":{\"@type\":\"WebPage\",\"@id\":\"https:\/\/somostraductores.com\/fr\/\",\"url\":\"https:\/\/somostraductores.com\/fr\/\",\"name\":\"Portada\"}},{\"@type\":\"ListItem\",\"position\":2,\"item\":{\"@type\":\"WebPage\",\"@id\":\"https:\/\/somostraductores.com\/fr\/traduction-economique-et-financiere\/\",\"url\":\"https:\/\/somostraductores.com\/fr\/traduction-economique-et-financiere\/\",\"name\":\"Traduction \\u00e9conomique et financi\\u00e8re\"}}]}]}<\/script>\n<!-- \/ Yoast SEO plugin. -->","_links":{"self":[{"href":"https:\/\/somostraductores.com\/fr\/wp-json\/wp\/v2\/pages\/5127"}],"collection":[{"href":"https:\/\/somostraductores.com\/fr\/wp-json\/wp\/v2\/pages"}],"about":[{"href":"https:\/\/somostraductores.com\/fr\/wp-json\/wp\/v2\/types\/page"}],"author":[{"embeddable":true,"href":"https:\/\/somostraductores.com\/fr\/wp-json\/wp\/v2\/users\/1"}],"replies":[{"embeddable":true,"href":"https:\/\/somostraductores.com\/fr\/wp-json\/wp\/v2\/comments?post=5127"}],"version-history":[{"count":5,"href":"https:\/\/somostraductores.com\/fr\/wp-json\/wp\/v2\/pages\/5127\/revisions"}],"predecessor-version":[{"id":5727,"href":"https:\/\/somostraductores.com\/fr\/wp-json\/wp\/v2\/pages\/5127\/revisions\/5727"}],"wp:attachment":[{"href":"https:\/\/somostraductores.com\/fr\/wp-json\/wp\/v2\/media?parent=5127"}],"curies":[{"name":"wp","href":"https:\/\/api.w.org\/{rel}","templated":true}]}}