{"id":5133,"date":"2020-04-08T10:14:19","date_gmt":"2020-04-08T08:14:19","guid":{"rendered":"https:\/\/somostraductores.com\/?page_id=5133"},"modified":"2023-11-20T16:59:18","modified_gmt":"2023-11-20T15:59:18","slug":"traduction-litteraire","status":"publish","type":"page","link":"https:\/\/somostraductores.com\/fr\/traduction-litteraire\/","title":{"rendered":"Traduction litt\u00e9raire"},"content":{"rendered":"<div id=\"pl-5133\"  class=\"panel-layout\" ><div id=\"pg-5133-0\"  class=\"panel-grid panel-has-style\" ><div class=\"tablet-default mobile-1-in-row desktop-default panel-row-style panel-row-style-for-5133-0\" ><div id=\"pgc-5133-0-0\"  class=\"panel-grid-cell\" ><div id=\"panel-5133-0-0-0\" class=\"so-panel widget widget_orion_heading_w panel-first-child panel-last-child\" data-index=\"0\" ><div class=\"orion default panel-widget-style panel-widget-style-for-5133-0-0-0\" ><div class=\"so-widget-orion_heading_w so-widget-orion_heading_w-base\">\n\t\n\t\t\n\t<div class=\"row orion-heading\" style=\"margin-bottom:0px;\">\n\t\t<div class=\"col-md-12  separator-style-2 text-center style-h1 style-text-dark\">\n\t\t\t<h1 class=\"text-dark text-uppercase\">\n\t\t\t\tTraduction litt\u00e9raire\t\t\t<\/h1>\n\t\t<\/div>\n\t<\/div>\n\n\t<\/div><\/div><\/div><\/div><\/div><\/div><div id=\"pg-5133-1\"  class=\"panel-grid panel-has-style\" ><div class=\"tablet-default mobile-1-in-row desktop-default panel-row-style panel-row-style-for-5133-1\" ><div id=\"pgc-5133-1-0\"  class=\"panel-grid-cell\" ><div id=\"panel-5133-1-0-0\" class=\"so-panel widget widget_sow-editor panel-first-child panel-last-child\" data-index=\"1\" ><div class=\"orion default panel-widget-style panel-widget-style-for-5133-1-0-0\" ><div class=\"so-widget-sow-editor so-widget-sow-editor-base\">\n<div class=\"siteorigin-widget-tinymce textwidget\">\n\t<p>Le monde de la litt\u00e9rature a toujours \u00e9t\u00e9 et continue d'\u00eatre d'actualit\u00e9, sous sa forme la plus diversifi\u00e9e, ce qui fait de la traduction un outil essentiel pour faire conna\u00eetre des \u0153uvres litt\u00e9raires et journalistiques \u00e0 l'\u00e9chelle mondiale. De plus, avec l'espagnol comme l'une des langues les plus influentes et parl\u00e9es aujourd'hui, les possibilit\u00e9s offertes par la traduction sont incommensurables. C'est \u00e0 ce stade que le r\u00f4le du\u00a0<strong>traducteur<\/strong>\u00a0devient essentiel en tant que\u00a0<strong>v\u00e9hicule de transmission<\/strong>.<\/p>\n<p>La gamme de documents pouvant \u00eatre traduits dans ce domaine est tr\u00e8s vari\u00e9e :\u00a0<strong>romans, contes, essais, po\u00e9sie, th\u00e9\u00e2tre,<\/strong> mais \u00e9galement des\u00a0<strong>manuels, des bandes dessin\u00e9es, des magazines<\/strong>\u00a0et des\u00a0<strong>articles de presse<\/strong>\u00a0provenant de diff\u00e9rents domaines sp\u00e9cialis\u00e9s.<\/p>\n<p>L'\u00e9quipe de SOMOS Traductores est compos\u00e9e de\u00a0<strong>traducteurs professionnels sp\u00e9cialis\u00e9s dans la traduction litt\u00e9raire,<\/strong>\u00a0avec une vaste exp\u00e9rience dans tous les genres, du\u00a0<strong>roman<\/strong>\u00a0\u00e0 la\u00a0<strong>bande dessin\u00e9e<\/strong>\u00a0en passant par les\u00a0<strong>articles de presse<\/strong>, et qui ne se contentent pas de reproduire le contenu original, mais s'efforcent \u00e9galement de\u00a0<strong>pr\u00e9server la forme et le style<\/strong>, si importants dans ce type de traductions.<\/p>\n<p>Il convient de mentionner que nos traducteurs travaillent \u00e9galement avec des particuliers souhaitant se faire une place dans le monde de la litt\u00e9rature, les accompagnant dans la diffusion de leurs \u0153uvres.<\/p>\n<p>Si, en tant que professionnel du secteur litt\u00e9raire ou journalistique, vous souhaitez traduire tout type de document ou d'\u0153uvre litt\u00e9raire, n'h\u00e9sitez pas \u00e0 demander un\u00a0<strong>devis sans engagement<\/strong>. SOMOS Traductores : l'engagement envers le contenu et la forme.<\/p>\n<\/div>\n<\/div><\/div><\/div><\/div><\/div><\/div><div id=\"pg-5133-2\"  class=\"panel-grid panel-has-style\" ><div class=\"tablet-default mobile-1-in-row desktop-default panel-row-style panel-row-style-for-5133-2\" ><div id=\"pgc-5133-2-0\"  class=\"panel-grid-cell\" ><div id=\"panel-5133-2-0-0\" class=\"so-panel widget widget_orion_empty_space_w panel-first-child panel-last-child\" data-index=\"2\" ><div class=\"orion default panel-widget-style panel-widget-style-for-5133-2-0-0\" ><div class=\"so-widget-orion_empty_space_w so-widget-orion_empty_space_w-base\">\t<div class=\"row empty-space  visible-lg visible-md visible-sm visible-xs\" style=\"height:24px;\">\n\t<\/div><\/div><\/div><\/div><\/div><\/div><\/div><div id=\"pg-5133-3\"  class=\"panel-grid panel-has-style\" ><div class=\"tablet-default mobile-1-in-row desktop-default panel-row-style panel-row-style-for-5133-3\" ><div id=\"pgc-5133-3-0\"  class=\"panel-grid-cell panel-grid-cell-empty\" ><\/div><div id=\"pgc-5133-3-1\"  class=\"panel-grid-cell\" ><div id=\"panel-5133-3-1-0\" class=\"so-panel widget widget_orion_list_w panel-first-child panel-last-child\" data-index=\"3\" ><div class=\"orion default panel-widget-style panel-widget-style-for-5133-3-1-0\" ><div class=\"so-widget-orion_list_w so-widget-orion_list_w-base\"><div class=\"row button-wrap\">\n\t\n\t<div class=\"list-wrap col-md-12\">\n\t\t<ul class=\"no-liststyle size-large\" style=\"background:transparent\">\n\t\t\t\t\n\t\t<li class=\"text-default\" style='color:#000000;'>\n\t\t\t\t\t\t\t<span class=\"icon\">\n\t\t\t\t\t<span class=\"sow-icon-icomoon\" data-sow-icon=\"&#xe942;\"\n\t\tstyle=\"color: #3233ff\" ><\/span>\t\t\t\t<\/span>\n\t\t\t\t\t\t\t91 112 40 03 \/ 633 71 88 12\t\t<\/li>\t\n\n\t\t\t<\/ul>\n\t<\/div>\n<\/div><\/div><\/div><\/div><\/div><div id=\"pgc-5133-3-2\"  class=\"panel-grid-cell panel-grid-cell-mobile-last\" ><div id=\"panel-5133-3-2-0\" class=\"so-panel widget widget_orion_button_w panel-first-child panel-last-child\" data-index=\"4\" ><div class=\"orion default panel-widget-style panel-widget-style-for-5133-3-2-0\" ><div class=\"so-widget-orion_button_w so-widget-orion_button_w-base\">\t<div class=\"wrapper block\" style=\"text-align:center\">\n\n\t\t\t<a class=\"btn btn-c1 btn-flat btn-md\"  href=\"https:\/\/somostraductores.com\/presupuesto\/\">\n\t\t\tDEMANDER UN DEVIS\t\t\n\t\t<\/a>\n\t\n<\/div>\n<\/div><\/div><\/div><\/div><div id=\"pgc-5133-3-3\"  class=\"panel-grid-cell panel-grid-cell-empty\" ><\/div><\/div><\/div><div id=\"pg-5133-4\"  class=\"panel-grid panel-has-style\" ><div class=\"siteorigin-panels-stretch tablet-default mobile-1-in-row desktop-default overlay-c1 panel-row-style panel-row-style-for-5133-4\" data-stretch-type=\"full\" ><div id=\"pgc-5133-4-0\"  class=\"panel-grid-cell panel-grid-cell-empty\" ><\/div><\/div><\/div><\/div>","protected":false},"excerpt":{"rendered":"<p>Le monde de la litt\u00e9rature a toujours \u00e9t\u00e9 et continue d&rsquo;\u00eatre d&rsquo;actualit\u00e9, sous sa forme la plus diversifi\u00e9e, ce qui fait de la traduction un outil essentiel pour faire conna\u00eetre des \u0153uvres litt\u00e9raires et journalistiques \u00e0 l&rsquo;\u00e9chelle mondiale. De plus, avec l&rsquo;espagnol comme l&rsquo;une des langues les plus influentes et parl\u00e9es aujourd&rsquo;hui, les possibilit\u00e9s offertes<\/p>\n","protected":false},"author":1,"featured_media":0,"parent":0,"menu_order":0,"comment_status":"closed","ping_status":"closed","template":"","meta":[],"yoast_head":"<!-- This site is optimized with the Yoast SEO plugin v15.9.1 - https:\/\/yoast.com\/wordpress\/plugins\/seo\/ -->\n<title>Traduction litt\u00e9raire - Somos Traductores<\/title>\n<meta name=\"robots\" content=\"index, follow, max-snippet:-1, max-image-preview:large, max-video-preview:-1\" \/>\n<link rel=\"canonical\" href=\"https:\/\/somostraductores.com\/fr\/traduction-litteraire\/\" \/>\n<meta property=\"og:locale\" content=\"fr_FR\" \/>\n<meta property=\"og:type\" content=\"article\" \/>\n<meta property=\"og:title\" content=\"Traduction litt\u00e9raire - Somos Traductores\" \/>\n<meta property=\"og:description\" content=\"Le monde de la litt\u00e9rature a toujours \u00e9t\u00e9 et continue d&#039;\u00eatre d&#039;actualit\u00e9, sous sa forme la plus diversifi\u00e9e, ce qui fait de la traduction un outil essentiel pour faire conna\u00eetre des \u0153uvres litt\u00e9raires et journalistiques \u00e0 l&#039;\u00e9chelle mondiale. De plus, avec l&#039;espagnol comme l&#039;une des langues les plus influentes et parl\u00e9es aujourd&#039;hui, les possibilit\u00e9s offertes\" \/>\n<meta property=\"og:url\" content=\"https:\/\/somostraductores.com\/fr\/traduction-litteraire\/\" \/>\n<meta property=\"og:site_name\" content=\"Somos Traductores\" \/>\n<meta property=\"article:modified_time\" content=\"2023-11-20T15:59:18+00:00\" \/>\n<meta name=\"twitter:card\" content=\"summary_large_image\" \/>\n<meta name=\"twitter:label1\" content=\"Dur\u00e9e de lecture est.\">\n\t<meta name=\"twitter:data1\" content=\"2 minutes\">\n<script type=\"application\/ld+json\" class=\"yoast-schema-graph\">{\"@context\":\"https:\/\/schema.org\",\"@graph\":[{\"@type\":\"WebSite\",\"@id\":\"https:\/\/somostraductores.com\/#website\",\"url\":\"https:\/\/somostraductores.com\/\",\"name\":\"Somos Traductores\",\"description\":\"\",\"potentialAction\":[{\"@type\":\"SearchAction\",\"target\":\"https:\/\/somostraductores.com\/?s={search_term_string}\",\"query-input\":\"required name=search_term_string\"}],\"inLanguage\":\"fr-FR\"},{\"@type\":\"WebPage\",\"@id\":\"https:\/\/somostraductores.com\/fr\/traduction-litteraire\/#webpage\",\"url\":\"https:\/\/somostraductores.com\/fr\/traduction-litteraire\/\",\"name\":\"Traduction litt\\u00e9raire - Somos Traductores\",\"isPartOf\":{\"@id\":\"https:\/\/somostraductores.com\/#website\"},\"datePublished\":\"2020-04-08T08:14:19+00:00\",\"dateModified\":\"2023-11-20T15:59:18+00:00\",\"breadcrumb\":{\"@id\":\"https:\/\/somostraductores.com\/fr\/traduction-litteraire\/#breadcrumb\"},\"inLanguage\":\"fr-FR\",\"potentialAction\":[{\"@type\":\"ReadAction\",\"target\":[\"https:\/\/somostraductores.com\/fr\/traduction-litteraire\/\"]}]},{\"@type\":\"BreadcrumbList\",\"@id\":\"https:\/\/somostraductores.com\/fr\/traduction-litteraire\/#breadcrumb\",\"itemListElement\":[{\"@type\":\"ListItem\",\"position\":1,\"item\":{\"@type\":\"WebPage\",\"@id\":\"https:\/\/somostraductores.com\/fr\/\",\"url\":\"https:\/\/somostraductores.com\/fr\/\",\"name\":\"Portada\"}},{\"@type\":\"ListItem\",\"position\":2,\"item\":{\"@type\":\"WebPage\",\"@id\":\"https:\/\/somostraductores.com\/fr\/traduction-litteraire\/\",\"url\":\"https:\/\/somostraductores.com\/fr\/traduction-litteraire\/\",\"name\":\"Traduction litt\\u00e9raire\"}}]}]}<\/script>\n<!-- \/ Yoast SEO plugin. -->","_links":{"self":[{"href":"https:\/\/somostraductores.com\/fr\/wp-json\/wp\/v2\/pages\/5133"}],"collection":[{"href":"https:\/\/somostraductores.com\/fr\/wp-json\/wp\/v2\/pages"}],"about":[{"href":"https:\/\/somostraductores.com\/fr\/wp-json\/wp\/v2\/types\/page"}],"author":[{"embeddable":true,"href":"https:\/\/somostraductores.com\/fr\/wp-json\/wp\/v2\/users\/1"}],"replies":[{"embeddable":true,"href":"https:\/\/somostraductores.com\/fr\/wp-json\/wp\/v2\/comments?post=5133"}],"version-history":[{"count":5,"href":"https:\/\/somostraductores.com\/fr\/wp-json\/wp\/v2\/pages\/5133\/revisions"}],"predecessor-version":[{"id":5708,"href":"https:\/\/somostraductores.com\/fr\/wp-json\/wp\/v2\/pages\/5133\/revisions\/5708"}],"wp:attachment":[{"href":"https:\/\/somostraductores.com\/fr\/wp-json\/wp\/v2\/media?parent=5133"}],"curies":[{"name":"wp","href":"https:\/\/api.w.org\/{rel}","templated":true}]}}